{"id":2149,"date":"2025-07-17T16:26:33","date_gmt":"2025-07-17T14:26:33","guid":{"rendered":"https:\/\/dev.info-vision-help-international.com\/hausordnung-fuer-mitarbeiter\/"},"modified":"2025-09-30T20:28:05","modified_gmt":"2025-09-30T18:28:05","slug":"hausordnung-fuer-mitarbeiter","status":"publish","type":"page","link":"https:\/\/vhicf.org\/de\/hausordnung-fuer-mitarbeiter\/","title":{"rendered":"Hausordnung f\u00fcr Mitarbeiter"},"content":{"rendered":"\n<div class=\"wp-block-stackable-columns alignfull stk-block-columns stk-block stk-40cd104 stk-block-background stk--has-background-overlay\" id=\"die-zukunft-ist-hier-sonne-und-wind-in-ihren-handen\" data-block-id=\"40cd104\"><style>.stk-40cd104 .stk--block-align-40cd104{align-items:center !important;}.stk-40cd104 {background-color:var(--theme-palette-color-1, #1a2747) !important;background-image:url(https:\/\/vhicf.org\/wp-content\/uploads\/waves-bg-2.svg) !important;background-position:center left !important;background-repeat:no-repeat !important;background-size:cover !important;align-items:center !important;margin-bottom:0px !important;display:flex !important;}.stk-40cd104:before{background-color:var(--theme-palette-color-1, #1a2747) !important;opacity:0.9 !important;}<\/style><div class=\"stk-row stk-inner-blocks stk--block-align-40cd104 stk-block-content stk-content-align stk-40cd104-column\">\n<div class=\"wp-block-stackable-column stk-block-column stk-column stk-block stk-19297dd\" data-v=\"4\" data-block-id=\"19297dd\"><div class=\"stk-column-wrapper stk-block-column__content stk-container stk-19297dd-container stk--no-background stk--no-padding\"><div class=\"stk-block-content stk-inner-blocks stk-19297dd-inner-blocks\">\n<div class=\"wp-block-stackable-text stk-block-text stk-block stk-083e47d\" data-block-id=\"083e47d\"><style>.stk-083e47d {margin-bottom:12px !important;}.stk-083e47d .stk-block-text__text{color:var(--theme-palette-color-9, #4ac1ce) !important;font-weight:600 !important;text-transform:uppercase !important;}<\/style><p class=\"stk-block-text__text has-text-color has-text-align-center-tablet\">Respekt und Ordnung<\/p><\/div>\n\n\n\n<div class=\"wp-block-stackable-heading stk-block-heading stk-block-heading--v2 stk-block stk-e949fc7\" id=\"staff-house-rules\" data-block-id=\"e949fc7\"><style>.stk-e949fc7 .stk-block-heading__bottom-line{height:3px !important;background-color:var(--theme-palette-color-9, #4ac1ce) !important;margin-top:15px !important;}.stk-e949fc7 {margin-bottom:0px !important;}.stk-e949fc7 .stk-block-heading__text{font-size:60px !important;color:var(--theme-palette-color-8, #ffffff) !important;}@media screen and (max-width:999px){.stk-e949fc7 .stk-block-heading__text{font-size:50px !important;}}@media screen and (max-width:689px){.stk-e949fc7 .stk-block-heading__bottom-line{margin-left:auto !important;margin-right:auto !important;}.stk-e949fc7 .stk-block-heading__text{font-size:38px !important;}}<\/style><h1 class=\"stk-block-heading__text has-text-color has-text-align-center-mobile\">Hausordnung f\u00fcr Mitarbeiter<\/h1><div class=\"stk-block-heading__bottom-line\"><\/div><\/div>\n<\/div><\/div><\/div>\n<\/div><\/div>\n\n<div class=\"wp-block-stackable-spacer stk-block-spacer stk--no-padding stk-block stk-b48aa69\" id=\"kitchen\" data-block-id=\"b48aa69\"><style>.stk-b48aa69 {height:120px !important;}@media screen and (max-width:999px){.stk-b48aa69 {height:80px !important;}}@media screen and (max-width:689px){.stk-b48aa69 {height:40px !important;}}<\/style><\/div>\n\n<div class=\"wp-block-stackable-columns stk-block-columns stk-block stk-c269e13\" id=\"kitchen\" data-block-id=\"c269e13\"><style>.stk-c269e13 {margin-bottom:0px !important;}.stk-c269e13-column{--stk-columns-spacing:0px !important;--stk-column-gap:50px !important;row-gap:30px !important;}<\/style><div class=\"stk-row stk-inner-blocks stk-block-content stk-content-align stk-c269e13-column\">\n<div class=\"wp-block-stackable-column stk-block-column stk-column stk-block stk-6f60d60\" data-v=\"4\" data-block-id=\"6f60d60\"><style>@media screen and (min-width:690px){.stk-6f60d60 {flex:var(--stk-flex-grow, 1) 1 calc(20% - var(--stk-column-gap, 0px) * 1 \/ 2 ) !important;}}@media screen and (min-width:690px) and (max-width:999px){.stk-6f60d60 {flex:var(--stk-flex-grow, 1) 1 calc(100% - var(--stk-column-gap, 0px) * 0 \/ 1 ) !important;}}<\/style><div class=\"stk-column-wrapper stk-block-column__content stk-container stk-6f60d60-container stk--no-background stk--no-padding\"><div class=\"stk-block-content stk-inner-blocks stk-6f60d60-inner-blocks\">\n<div class=\"wp-block-stackable-heading stk-block-heading stk-block-heading--v2 stk-block stk-974828c\" id=\"kitchen\" data-block-id=\"974828c\"><style>.stk-974828c .stk-block-heading__text{color:var(--theme-palette-color-1, #1a2747) !important;}<\/style><h2 class=\"stk-block-heading__text has-text-color\">K\u00dcCHE<\/h2><\/div>\n<\/div><\/div><\/div>\n\n\n\n<div class=\"wp-block-stackable-column stk-block-column stk-column stk-block stk-25f4418\" data-v=\"4\" data-block-id=\"25f4418\"><style>@media screen and (min-width:690px){.stk-25f4418 {flex:var(--stk-flex-grow, 1) 1 calc(80% - var(--stk-column-gap, 0px) * 1 \/ 2 ) !important;}}@media screen and (min-width:690px) and (max-width:999px){.stk-25f4418 {flex:var(--stk-flex-grow, 1) 1 calc(100% - var(--stk-column-gap, 0px) * 0 \/ 1 ) !important;}}<\/style><div class=\"stk-column-wrapper stk-block-column__content stk-container stk-25f4418-container stk--no-background stk--no-padding\"><div class=\"stk-block-content stk-inner-blocks stk-25f4418-inner-blocks\">\n<div class=\"wp-block-stackable-text stk-block-text stk-block stk-ae4c29e\" data-block-id=\"ae4c29e\"><p class=\"stk-block-text__text\"><strong>Nutzung des K\u00fchlschranks:<\/strong> Der gro\u00dfe K\u00fchlschrank steht allen Bewohnern des Personalhauses zur Verf\u00fcgung. Der Verzehr von Lebensmitteln und anderen im K\u00fchlschrank gelagerten Inhalten muss gew\u00e4hrleistet sein, da die Verschwendung von Ressourcen, die von der VHICF bereitgestellt werden, dringend zu vermeiden ist. Bitte achten Sie auf die Menge der aufbewahrten Lebensmittel sowie auf den Platz, den jeder Bewohner nutzt. Die F\u00e4cher im K\u00fchlschrank werden jedem Bewohner entsprechend zugewiesen.   <\/p><\/div>\n\n\n\n<div class=\"wp-block-stackable-text stk-block-text stk-block stk-a261c63\" data-block-id=\"a261c63\"><p class=\"stk-block-text__text\"><strong>Die Benutzung des Herdes:<\/strong> Der Herd steht allen Bewohnern des Personalhauses zur Verf\u00fcgung. Er muss jederzeit sauber gehalten werden (einschlie\u00dflich der Wand, da Spritzer von Wasser, \u00d6l und anderen Fl\u00fcssigkeiten leicht haften bleiben und die Farbe besch\u00e4digen k\u00f6nnen), um Insekten, insbesondere Ameisen, fernzuhalten. Das Personalhaus hat ein Problem mit Ameisen.  <\/p><\/div>\n\n\n\n<div class=\"wp-block-stackable-text stk-block-text stk-block stk-a519e37\" data-block-id=\"a519e37\"><p class=\"stk-block-text__text\"><strong>Marmor-Arbeitsplatten und Esstisch:<\/strong> Arbeitsplatten und der gro\u00dfe Tisch m\u00fcssen stets sauber und trocken gehalten werden. Beide k\u00f6nnen selbst durch Wasser leicht verschmutzen, daher sollten Sie nach der Benutzung alle Verschmutzungen oder Spritzer entfernen. Wie bereits erw\u00e4hnt, sollten Sie aufgrund des Ameisenproblems Bereiche, die f\u00fcr die Zubereitung von Speisen genutzt werden, oder nach dem Essen stets reinigen.  <\/p><\/div>\n\n\n\n<div class=\"wp-block-stackable-text stk-block-text stk-block stk-1c9868b\" data-block-id=\"1c9868b\"><p class=\"stk-block-text__text\"><strong>Alle Teller, Tassen, Gl\u00e4ser und sonstigen K\u00fcchenutensilien:<\/strong> Alles muss sauber und trocken gehalten werden. Sobald gewaschene Utensilien, Teller, Tassen, Gl\u00e4ser, Pfannen, T\u00f6pfe und\/oder Beh\u00e4lter trocken sind, stellen Sie sie wieder an ihren richtigen Aufbewahrungsort zur\u00fcck. Tischsets und Untersetzer m\u00fcssen sauber und trocken gehalten werden.  <\/p><\/div>\n\n\n\n<div class=\"wp-block-stackable-text stk-block-text stk-block stk-b8f3fb6\" data-block-id=\"b8f3fb6\"><p class=\"stk-block-text__text\"><strong>Essensreste:<\/strong> Da das Personalhaus ein Ameisenproblem hat, bewahren Sie Essensreste bitte im K\u00fchlschrank oder in einem ameisensicheren Beh\u00e4lter auf (Sie k\u00f6nnen die Lebensmittel auf einen Beh\u00e4lter mit Wasser stellen).<\/p><\/div>\n<\/div><\/div><\/div>\n<\/div><\/div>\n\n<div class=\"wp-block-stackable-spacer stk-block-spacer stk--no-padding stk-block stk-6a2ad60\" id=\"waste-management\" data-block-id=\"6a2ad60\"><style>.stk-6a2ad60 {height:120px !important;}@media screen and (max-width:999px){.stk-6a2ad60 {height:80px !important;}}@media screen and (max-width:689px){.stk-6a2ad60 {height:40px !important;}}<\/style><\/div>\n\n<div class=\"wp-block-stackable-columns stk-block-columns stk-block stk-38f44bd\" id=\"waste-management\" data-block-id=\"38f44bd\"><style>.stk-38f44bd {margin-bottom:0px !important;}.stk-38f44bd-column{--stk-columns-spacing:0px !important;--stk-column-gap:50px !important;row-gap:30px !important;}<\/style><div class=\"stk-row stk-inner-blocks stk-block-content stk-content-align stk-38f44bd-column\">\n<div class=\"wp-block-stackable-column stk-block-column stk-column stk-block stk-2bcd4a0\" data-v=\"4\" data-block-id=\"2bcd4a0\"><style>@media screen and (min-width:690px){.stk-2bcd4a0 {flex:var(--stk-flex-grow, 1) 1 calc(20% - var(--stk-column-gap, 0px) * 1 \/ 2 ) !important;}}@media screen and (min-width:690px) and (max-width:999px){.stk-2bcd4a0 {flex:var(--stk-flex-grow, 1) 1 calc(100% - var(--stk-column-gap, 0px) * 0 \/ 1 ) !important;}}<\/style><div class=\"stk-column-wrapper stk-block-column__content stk-container stk-2bcd4a0-container stk--no-background stk--no-padding\"><div class=\"stk-block-content stk-inner-blocks stk-2bcd4a0-inner-blocks\">\n<div class=\"wp-block-stackable-heading stk-block-heading stk-block-heading--v2 stk-block stk-d1c1bf7\" id=\"waste-management\" data-block-id=\"d1c1bf7\"><style>.stk-d1c1bf7 .stk-block-heading__text{color:var(--theme-palette-color-1, #1a2747) !important;}<\/style><h2 class=\"stk-block-heading__text has-text-color\">ABFALLWIRTSCHAFT<\/h2><\/div>\n<\/div><\/div><\/div>\n\n\n\n<div class=\"wp-block-stackable-column stk-block-column stk-column stk-block stk-7fe4a74\" data-v=\"4\" data-block-id=\"7fe4a74\"><style>@media screen and (min-width:690px){.stk-7fe4a74 {flex:var(--stk-flex-grow, 1) 1 calc(80% - var(--stk-column-gap, 0px) * 1 \/ 2 ) !important;}}@media screen and (min-width:690px) and (max-width:999px){.stk-7fe4a74 {flex:var(--stk-flex-grow, 1) 1 calc(100% - var(--stk-column-gap, 0px) * 0 \/ 1 ) !important;}}<\/style><div class=\"stk-column-wrapper stk-block-column__content stk-container stk-7fe4a74-container stk--no-background stk--no-padding\"><div class=\"stk-block-content stk-inner-blocks stk-7fe4a74-inner-blocks\">\n<div class=\"wp-block-stackable-text stk-block-text stk-block stk-1e07415\" data-block-id=\"1e07415\"><p class=\"stk-block-text__text\"><strong>ABFALLTRENNUNG:<\/strong> Unter der Theke, in den Schr\u00e4nken neben der Eingangst\u00fcr, befinden sich drei Beh\u00e4lter. Einer ist nur f\u00fcr saubere Glas- und Kunststoffbeh\u00e4lter (keine Verpackungen oder Kunststoffverpackungsmaterialien), der zweite f\u00fcr saubere Blechdosen und der dritte unter der Sp\u00fcle f\u00fcr alle anderen Abf\u00e4lle au\u00dfer biologisch abbaubaren Abf\u00e4llen. Alle biologisch abbaubaren Abf\u00e4lle, die Insekten \u2013 insbesondere Ameisen \u2013 anziehen k\u00f6nnen, m\u00fcssen ordnungsgem\u00e4\u00df in den gro\u00dfen Beh\u00e4ltern neben dem B\u00fcro entsorgt werden.  <\/p><\/div>\n\n\n\n<div class=\"wp-block-stackable-text stk-block-text stk-block stk-b532fd9\" data-block-id=\"b532fd9\"><p class=\"stk-block-text__text\"><strong>AMEISEN VERTRIEBEN: <\/strong>Bitte achten Sie darauf, biologisch abbaubare Abf\u00e4lle zu entsorgen, da wir Ameisen so weit wie m\u00f6glich fernhalten m\u00f6chten. Wenn Sie sehen, dass ein Abfallbeh\u00e4lter voll ist, warten Sie bitte nicht darauf, dass jemand anderes ihn leert. Sie k\u00f6nnen den Abfall direkt in die gro\u00dfen Beh\u00e4lter neben dem B\u00fcro entsorgen. M\u00fclls\u00e4cke sind im Personalhaus vorhanden. Wenn Sie keinen im Schrank finden, fragen Sie bitte das Reinigungsteam nach einem M\u00fcllsack.    <\/p><\/div>\n<\/div><\/div><\/div>\n<\/div><\/div>\n\n<div class=\"wp-block-stackable-spacer stk-block-spacer stk--no-padding stk-block stk-0b75bee\" id=\"house-floor-windows-and-outer-floor-tiles\" data-block-id=\"0b75bee\"><style>.stk-0b75bee {height:120px !important;}@media screen and (max-width:999px){.stk-0b75bee {height:80px !important;}}@media screen and (max-width:689px){.stk-0b75bee {height:40px !important;}}<\/style><\/div>\n\n<div class=\"wp-block-stackable-columns stk-block-columns stk-block stk-406b824\" id=\"house-floor-windows-and-outer-floor-tiles\" data-block-id=\"406b824\"><style>.stk-406b824 {margin-bottom:0px !important;}.stk-406b824-column{--stk-columns-spacing:0px !important;--stk-column-gap:50px !important;row-gap:30px !important;}<\/style><div class=\"stk-row stk-inner-blocks stk-block-content stk-content-align stk-406b824-column\">\n<div class=\"wp-block-stackable-column stk-block-column stk-column stk-block stk-b35e924\" data-v=\"4\" data-block-id=\"b35e924\"><style>@media screen and (min-width:690px){.stk-b35e924 {flex:var(--stk-flex-grow, 1) 1 calc(20% - var(--stk-column-gap, 0px) * 1 \/ 2 ) !important;}}@media screen and (min-width:690px) and (max-width:999px){.stk-b35e924 {flex:var(--stk-flex-grow, 1) 1 calc(100% - var(--stk-column-gap, 0px) * 0 \/ 1 ) !important;}}<\/style><div class=\"stk-column-wrapper stk-block-column__content stk-container stk-b35e924-container stk--no-background stk--no-padding\"><div class=\"stk-block-content stk-inner-blocks stk-b35e924-inner-blocks\">\n<div class=\"wp-block-stackable-heading stk-block-heading stk-block-heading--v2 stk-block stk-fcf6b2f\" id=\"house-floor-windows-and-outer-floor-tiles\" data-block-id=\"fcf6b2f\"><style>.stk-fcf6b2f .stk-block-heading__text{color:var(--theme-palette-color-1, #1a2747) !important;}<\/style><h2 class=\"stk-block-heading__text has-text-color\">HAUSBODEN, FENSTER UND AUSSENFLIESEN<\/h2><\/div>\n<\/div><\/div><\/div>\n\n\n\n<div class=\"wp-block-stackable-column stk-block-column stk-column stk-block stk-ed7c7c0\" data-v=\"4\" data-block-id=\"ed7c7c0\"><style>@media screen and (min-width:690px){.stk-ed7c7c0 {flex:var(--stk-flex-grow, 1) 1 calc(80% - var(--stk-column-gap, 0px) * 1 \/ 2 ) !important;}}@media screen and (min-width:690px) and (max-width:999px){.stk-ed7c7c0 {flex:var(--stk-flex-grow, 1) 1 calc(100% - var(--stk-column-gap, 0px) * 0 \/ 1 ) !important;}}<\/style><div class=\"stk-column-wrapper stk-block-column__content stk-container stk-ed7c7c0-container stk--no-background stk--no-padding\"><div class=\"stk-block-content stk-inner-blocks stk-ed7c7c0-inner-blocks\">\n<div class=\"wp-block-stackable-text stk-block-text stk-block stk-fe800e2\" data-block-id=\"fe800e2\"><p class=\"stk-block-text__text\"><strong>Reinigungsaufgaben: <\/strong>Bitte beachten Sie den Reinigungsplan, der vom zust\u00e4ndigen Koordinator des Personalhauses erstellt und ausgeh\u00e4ngt wurde. Die von den Bewohnern des Personalhauses genutzten Gemeinschaftsbereiche (d. h. Essbereich, Wohnzimmer und Au\u00dfenbereich des Personalhauses) sollten w\u00f6chentlich gereinigt werden. <\/p><\/div>\n\n\n\n<div class=\"wp-block-stackable-text stk-block-text stk-block stk-eb76396\" data-block-id=\"eb76396\"><p class=\"stk-block-text__text\"><strong>Schlafzimmer und Badezimmer:<\/strong> Halten Sie Ihre R\u00e4ume stets sauber und ordentlich. Gruppen, die sich ein Zimmer teilen, sollten untereinander einen w\u00f6chentlichen Reinigungsplan vereinbaren. <\/p><\/div>\n\n\n\n<div class=\"wp-block-stackable-text stk-block-text stk-block stk-f2c53cd\" data-block-id=\"f2c53cd\"><p class=\"stk-block-text__text\"><strong>Vorh\u00e4nge im Gemeinschaftsbereich und Sofa- und Kissenbez\u00fcge:<\/strong> Diese werden alle 3 bis 6 Monate zum Waschen und Trocknen in die Waschk\u00fcche gebracht.<\/p><\/div>\n<\/div><\/div><\/div>\n<\/div><\/div>\n\n<div class=\"wp-block-stackable-spacer stk-block-spacer stk--no-padding stk-block stk-ed3715c\" data-block-id=\"ed3715c\"><style>.stk-ed3715c {height:120px !important;}@media screen and (max-width:999px){.stk-ed3715c {height:80px !important;}}@media screen and (max-width:689px){.stk-ed3715c {height:40px !important;}}<\/style><\/div>\n\n<div class=\"wp-block-stackable-columns stk-block-columns stk-block stk-7119f49\" data-block-id=\"7119f49\"><style>.stk-7119f49 {margin-bottom:0px !important;}.stk-7119f49-column{--stk-columns-spacing:0px !important;--stk-column-gap:50px !important;row-gap:30px !important;}<\/style><div class=\"stk-row stk-inner-blocks stk-block-content stk-content-align stk-7119f49-column\">\n<div class=\"wp-block-stackable-column stk-block-column stk-column stk-block stk-e9db418\" data-v=\"4\" data-block-id=\"e9db418\"><style>@media screen and (min-width:690px){.stk-e9db418 {flex:var(--stk-flex-grow, 1) 1 calc(20% - var(--stk-column-gap, 0px) * 1 \/ 2 ) !important;}}@media screen and (min-width:690px) and (max-width:999px){.stk-e9db418 {flex:var(--stk-flex-grow, 1) 1 calc(100% - var(--stk-column-gap, 0px) * 0 \/ 1 ) !important;}}<\/style><div class=\"stk-column-wrapper stk-block-column__content stk-container stk-e9db418-container stk--no-background stk--no-padding\"><div class=\"stk-block-content stk-inner-blocks stk-e9db418-inner-blocks\">\n<div class=\"wp-block-stackable-heading stk-block-heading stk-block-heading--v2 stk-block stk-a760a9d\" id=\"electricity-noise-amp-security\" data-block-id=\"a760a9d\"><style>.stk-a760a9d .stk-block-heading__text{color:var(--theme-palette-color-1, #1a2747) !important;}<\/style><h2 class=\"stk-block-heading__text has-text-color\">STROM, L\u00c4RM UND SICHERHEIT<\/h2><\/div>\n<\/div><\/div><\/div>\n\n\n\n<div class=\"wp-block-stackable-column stk-block-column stk-column stk-block stk-79b062a\" data-v=\"4\" data-block-id=\"79b062a\"><style>@media screen and (min-width:690px){.stk-79b062a {flex:var(--stk-flex-grow, 1) 1 calc(80% - var(--stk-column-gap, 0px) * 1 \/ 2 ) !important;}}@media screen and (min-width:690px) and (max-width:999px){.stk-79b062a {flex:var(--stk-flex-grow, 1) 1 calc(100% - var(--stk-column-gap, 0px) * 0 \/ 1 ) !important;}}<\/style><div class=\"stk-column-wrapper stk-block-column__content stk-container stk-79b062a-container stk--no-background stk--no-padding\"><div class=\"stk-block-content stk-inner-blocks stk-79b062a-inner-blocks\">\n<div class=\"wp-block-stackable-text stk-block-text stk-block stk-f9e806e\" data-block-id=\"f9e806e\"><p class=\"stk-block-text__text\"><strong>ARBEITSZEITEN K\u00d6NNEN JE NACH BEWOHNER UNTERSCHIEDLICH SEIN:<\/strong> Bitte nehmen Sie R\u00fccksicht auf die anderen Bewohner des Personalhauses. Halten Sie den L\u00e4rm insbesondere nachts und fr\u00fch morgens (von 22:00 bis 07:00 Uhr) gering. <\/p><\/div>\n\n\n\n<div class=\"wp-block-stackable-text stk-block-text stk-block stk-9b34e9d\" data-block-id=\"9b34e9d\"><p class=\"stk-block-text__text\"><strong>SICHERUNG VON WERTSACHEN IN JEDEM ZIMMER: <\/strong>Bitte sichern Sie wertvolle Gegenst\u00e4nde in Ihren Zimmern, indem Sie Ihre Zimmert\u00fcren verschlossen halten, wenn niemand im Personalhaus ist oder Sie das Haus verlassen und niemand da ist, der auf Ihre Sachen aufpassen kann.<\/p><\/div>\n\n\n\n<div class=\"wp-block-stackable-text stk-block-text stk-block stk-0d94cca\" data-block-id=\"0d94cca\"><p class=\"stk-block-text__text\"><strong>SCHALTEN SIE NICHT BENUTZTE ELEKTRISCHE GER\u00c4TE AUS: <\/strong>Nachts bleibt nur die Au\u00dfenbeleuchtung des Personalhauses eingeschaltet. Alle anderen Lichter und elektrischen Ger\u00e4te (au\u00dfer nat\u00fcrlich der K\u00fchlschrank) m\u00fcssen ausgeschaltet werden. Gehen wir verantwortungsbewusst mit dem um, was uns geschenkt wurde!  <\/p><\/div>\n<\/div><\/div><\/div>\n<\/div><\/div>\n\n<div class=\"wp-block-stackable-spacer stk-block-spacer stk--no-padding stk-block stk-53e6a60\" data-block-id=\"53e6a60\"><style>.stk-53e6a60 {height:120px !important;}@media screen and (max-width:999px){.stk-53e6a60 {height:80px !important;}}@media screen and (max-width:689px){.stk-53e6a60 {height:60px !important;}}<\/style><\/div>\n","protected":false},"excerpt":{"rendered":"<p>Respekt und Ordnung Hausordnung f\u00fcr Mitarbeiter K\u00dcCHE Nutzung des K\u00fchlschranks: Der gro\u00dfe K\u00fchlschrank steht allen Bewohnern des Personalhauses zur Verf\u00fcgung. Der Verzehr von Lebensmitteln und anderen im K\u00fchlschrank gelagerten Inhalten muss gew\u00e4hrleistet sein, da die Verschwendung von Ressourcen, die von der VHICF bereitgestellt werden, dringend zu vermeiden ist. Bitte achten Sie auf die Menge der [&hellip;]<\/p>\n","protected":false},"author":1,"featured_media":0,"parent":0,"menu_order":0,"comment_status":"closed","ping_status":"closed","template":"","meta":{"footnotes":""},"class_list":["post-2149","page","type-page","status-publish","hentry"],"blocksy_meta":[],"_links":{"self":[{"href":"https:\/\/vhicf.org\/de\/wp-json\/wp\/v2\/pages\/2149","targetHints":{"allow":["GET"]}}],"collection":[{"href":"https:\/\/vhicf.org\/de\/wp-json\/wp\/v2\/pages"}],"about":[{"href":"https:\/\/vhicf.org\/de\/wp-json\/wp\/v2\/types\/page"}],"author":[{"embeddable":true,"href":"https:\/\/vhicf.org\/de\/wp-json\/wp\/v2\/users\/1"}],"replies":[{"embeddable":true,"href":"https:\/\/vhicf.org\/de\/wp-json\/wp\/v2\/comments?post=2149"}],"version-history":[{"count":1,"href":"https:\/\/vhicf.org\/de\/wp-json\/wp\/v2\/pages\/2149\/revisions"}],"predecessor-version":[{"id":2150,"href":"https:\/\/vhicf.org\/de\/wp-json\/wp\/v2\/pages\/2149\/revisions\/2150"}],"wp:attachment":[{"href":"https:\/\/vhicf.org\/de\/wp-json\/wp\/v2\/media?parent=2149"}],"curies":[{"name":"wp","href":"https:\/\/api.w.org\/{rel}","templated":true}]}}