{"id":2032,"date":"2025-06-13T18:04:52","date_gmt":"2025-06-13T16:04:52","guid":{"rendered":"https:\/\/dev.info-vision-help-international.com\/unsere-arbeit\/medizinische-versorgung\/"},"modified":"2025-09-30T19:39:26","modified_gmt":"2025-09-30T17:39:26","slug":"medizinische-versorgung","status":"publish","type":"page","link":"https:\/\/vhicf.org\/de\/unsere-arbeit\/medizinische-versorgung\/","title":{"rendered":"Medizinische Versorgung"},"content":{"rendered":"\n<div class=\"wp-block-stackable-columns alignfull stk-block-columns stk-block stk-fbd072c stk-block-background stk--has-background-overlay\" data-block-id=\"fbd072c\"><style>.stk-fbd072c {background-color:var(--theme-palette-color-1, #1a2747) !important;background-image:url(https:\/\/vhicf.org\/wp-content\/uploads\/waves-bg-2.svg) !important;background-repeat:no-repeat !important;padding-top:120px !important;padding-bottom:0px !important;margin-bottom:0px !important;overflow:visible !important;}.stk-fbd072c:before{background-color:var(--theme-palette-color-1, #1a2747) !important;opacity:0.9 !important;}.stk-fbd072c .stk-container{overflow:visible !important;}@media screen and (max-width:999px){.stk-fbd072c {padding-top:80px !important;}}<\/style><div class=\"stk-row stk-inner-blocks stk-block-content stk-content-align stk-fbd072c-column\">\n<div class=\"wp-block-stackable-column stk-block-column stk-column stk-block stk-c2cce21\" data-v=\"4\" data-block-id=\"c2cce21\"><style>.stk-c2cce21-container{margin-top:0px !important;margin-right:0px !important;margin-bottom:0px !important;margin-left:0px !important;}<\/style><div class=\"stk-column-wrapper stk-block-column__content stk-container stk-c2cce21-container stk--no-background stk--no-padding\"><div class=\"stk-block-content stk-inner-blocks stk-c2cce21-inner-blocks\">\n<div class=\"wp-block-stackable-spacer stk-block-spacer stk--no-padding stk-block stk-4d2d242\" data-block-id=\"4d2d242\"><style>.stk-4d2d242 {height:50px !important;}@media screen and (max-width:999px){.stk-4d2d242 {height:50px !important;}}<\/style><\/div>\n\n\n\n<div class=\"wp-block-stackable-columns stk-block-columns stk-block stk-ca064eb\" data-block-id=\"ca064eb\"><style>.stk-ca064eb {margin-bottom:0px !important;}.stk-ca064eb-column{--stk-column-gap:200px !important;row-gap:30px !important;}<\/style><div class=\"stk-row stk-inner-blocks stk-block-content stk-content-align stk-ca064eb-column\">\n<div class=\"wp-block-stackable-column stk-block-column stk-column stk-block stk-020db6d\" data-v=\"4\" data-block-id=\"020db6d\"><style>.stk-020db6d-container{margin-top:0px !important;margin-right:0px !important;margin-bottom:0px !important;margin-left:0px !important;}@media screen and (min-width:690px){.stk-020db6d {flex:var(--stk-flex-grow, 1) 1 calc(60% - var(--stk-column-gap, 0px) * 1 \/ 2 ) !important;}}@media screen and (min-width:690px) and (max-width:999px){.stk-020db6d {flex:var(--stk-flex-grow, 1) 1 calc(100% - var(--stk-column-gap, 0px) * 0 \/ 1 ) !important;}}<\/style><div class=\"stk-column-wrapper stk-block-column__content stk-container stk-020db6d-container stk--no-background stk--no-padding\"><div class=\"stk-block-content stk-inner-blocks stk-020db6d-inner-blocks\">\n<div class=\"wp-block-stackable-text stk-block-text stk-block stk-083e47d\" data-block-id=\"083e47d\"><style>.stk-083e47d {margin-bottom:12px !important;}.stk-083e47d .stk-block-text__text{color:var(--theme-palette-color-9, #4ac1ce) !important;font-weight:600 !important;text-transform:uppercase !important;}<\/style><p class=\"stk-block-text__text has-text-color has-text-align-center-tablet\">Gesundheit mit Herz wiederherstellen<\/p><\/div>\n\n\n\n<div class=\"wp-block-stackable-heading stk-block-heading stk-block-heading--v2 stk-block stk-d88c479\" id=\"bui\" data-block-id=\"d88c479\"><style>.stk-d88c479 .stk-block-heading__text{font-size:75px !important;color:var(--theme-palette-color-8, #ffffff) !important;line-height:1em !important;text-transform:uppercase !important;}@media screen and (max-width:999px){.stk-d88c479 .stk-block-heading__text{font-size:50px !important;}}@media screen and (max-width:689px){.stk-d88c479 .stk-block-heading__text{font-size:35px !important;}}<\/style><h1 class=\"stk-block-heading__text has-text-color has-palette-color-8-color has-text-align-center-tablet\">Medizinische <span style=\"color: var(--theme-palette-color-9, #4ac1ce);\" class=\"stk-highlight\">Versorgung<\/span><\/h1><\/div>\n<\/div><\/div><\/div>\n\n\n\n<div class=\"wp-block-stackable-column stk-block-column stk-column stk-block stk-23429dd\" data-v=\"4\" data-block-id=\"23429dd\"><style>.stk-23429dd-container{margin-top:0px !important;margin-right:0px !important;margin-bottom:0px !important;margin-left:0px !important;}.stk-23429dd {align-self:flex-end !important;}@media screen and (min-width:690px){.stk-23429dd {flex:var(--stk-flex-grow, 1) 1 calc(40% - var(--stk-column-gap, 0px) * 1 \/ 2 ) !important;}}@media screen and (min-width:690px) and (max-width:999px){.stk-23429dd {flex:var(--stk-flex-grow, 1) 1 calc(100% - var(--stk-column-gap, 0px) * 0 \/ 1 ) !important;}}<\/style><div class=\"stk-column-wrapper stk-block-column__content stk-container stk-23429dd-container stk--no-background stk--no-padding\"><div class=\"stk-block-content stk-inner-blocks stk-23429dd-inner-blocks\">\n<div class=\"wp-block-stackable-text stk-block-text stk-block stk-4267e6e\" data-block-id=\"4267e6e\"><style>.stk-4267e6e {margin-top:10px !important;margin-bottom:20px !important;}.stk-4267e6e .stk-block-text__text{font-size:25px !important;color:var(--theme-palette-color-8, #ffffff) !important;font-weight:700 !important;}@media screen and (max-width:999px){.stk-4267e6e .stk-block-text__text{font-size:25px !important;}}@media screen and (max-width:689px){.stk-4267e6e .stk-block-text__text{font-size:20px !important;}}<\/style><p class=\"stk-block-text__text has-text-color has-palette-color-8-color has-text-align-center-tablet\">Lebensrettende Hilfe f\u00fcr die, die sie am dringendsten brauchen.<\/p><\/div>\n\n\n\n<div class=\"wp-block-stackable-button-group stk-block-button-group stk-block stk-ae235dd\" data-block-id=\"ae235dd\"><div class=\"stk-row stk-inner-blocks has-text-align-center-tablet stk-block-content stk-button-group\">\n<div class=\"wp-block-stackable-button stk-block-button stk-block stk-5f0b903\" data-block-id=\"5f0b903\"><style>.stk-5f0b903 {margin-top:0px !important;margin-right:0px !important;margin-bottom:0px !important;margin-left:0px !important;}.stk-5f0b903 .stk-button{background:var(--theme-palette-color-9, #4ac1ce) !important;}.stk-5f0b903 .stk-button .stk--inner-svg svg:last-child{height:12px !important;width:12px !important;}.stk-5f0b903 .stk-button .stk--inner-svg svg:last-child, .stk-5f0b903 .stk-button .stk--inner-svg svg:last-child :is(g, path, rect, polygon, ellipse){fill:var(--theme-palette-color-8, #ffffff) !important;}.stk-5f0b903 .stk-button__inner-text{color:var(--theme-palette-color-8, #ffffff) !important;font-weight:600 !important;text-transform:uppercase !important;}<\/style><a class=\"stk-link stk-button stk--hover-effect-darken\" href=\"https:\/\/vhicf.org\/de\/partner-werden\/spenden\/\"><span class=\"has-text-color has-palette-color-8-color stk-button__inner-text\">Unterst\u00fctzen Sie diese Mission<\/span><span class=\"stk--svg-wrapper\"><div class=\"stk--inner-svg\"><svg class=\"ugb-custom-icon\" xmlns=\"http:\/\/www.w3.org\/2000\/svg\" viewbox=\"0 0 15 15\" style=\"enable-background:new 0 0 15 15\" xml:space=\"preserve\" aria-hidden=\"true\" width=\"32\" height=\"32\"><path d=\"M14.9.8c-.1-.1-.2-.2-.3-.4-.1-.1-.2-.2-.4-.3 0 0-.1-.1-.2-.1H1.3C.9 0 .6.1.3.4c-.2.2-.3.5-.3.9 0 .3.1.7.3.9.2.2.6.4.9.4h9.5L.4 12.9c-.5.5-.5 1.2-.1 1.7l.1.1c.1.1.2.2.4.3h.5c.2 0 .3 0 .5-.1.1-.1.3-.2.4-.3L12.5 4.2v9.5c0 .6.4 1.2 1.1 1.2h.1c.3 0 .7-.1.9-.3.2-.2.4-.6.3-.9V1.1c.1-.2 0-.3 0-.3z\" style=\"fill:#fff\"><\/path><\/svg><\/div><\/span><\/a><\/div>\n<\/div><\/div>\n<\/div><\/div><\/div>\n<\/div><\/div>\n\n\n\n<div class=\"wp-block-stackable-spacer stk-block-spacer stk--no-padding stk-block stk-7818bcd\" data-block-id=\"7818bcd\"><style>.stk-7818bcd {height:90px !important;}@media screen and (max-width:999px){.stk-7818bcd {height:80px !important;}}@media screen and (max-width:689px){.stk-7818bcd {height:40px !important;}}<\/style><\/div>\n\n\n\n<div class=\"wp-block-stackable-image stk-block-image stk-block stk-4fe056c\" data-block-id=\"4fe056c\"><style>.stk-4fe056c {margin-bottom:-150px !important;}.stk-4fe056c .stk-img-wrapper img{border-radius:3px !important;}@media screen and (max-width:689px){.stk-4fe056c {margin-bottom:-100px !important;}}<\/style><figure><span class=\"stk-img-wrapper stk-image--shape-stretch\"><img loading=\"lazy\" decoding=\"async\" class=\"stk-img wp-image-1017\" src=\"https:\/\/vhicf.org\/wp-content\/uploads\/medical-outreaches-hero.jpg\" width=\"1920\" height=\"1080\" alt=\"Medizinische Versorgung\" title=\"\" srcset=\"https:\/\/vhicf.org\/wp-content\/uploads\/medical-outreaches-hero.jpg 1920w, https:\/\/vhicf.org\/wp-content\/uploads\/medical-outreaches-hero-960x540.jpg 960w, https:\/\/vhicf.org\/wp-content\/uploads\/medical-outreaches-hero-768x432.jpg 768w, https:\/\/vhicf.org\/wp-content\/uploads\/medical-outreaches-hero-1536x864.jpg 1536w\" sizes=\"auto, (max-width: 1920px) 100vw, 1920px\" \/><\/span><\/figure><\/div>\n<\/div><\/div><\/div>\n<\/div><\/div>\n\n<div class=\"wp-block-stackable-spacer stk-block-spacer stk--no-padding stk-block stk-d0a8269\" data-block-id=\"d0a8269\"><style>.stk-d0a8269 {height:150px !important;}@media screen and (max-width:999px){.stk-d0a8269 {height:100px !important;}}<\/style><\/div>\n\n<div class=\"wp-block-stackable-spacer stk-block-spacer stk--no-padding stk-block stk-3eb823d\" data-block-id=\"3eb823d\"><style>.stk-3eb823d {height:120px !important;}@media screen and (max-width:999px){.stk-3eb823d {height:80px !important;}}@media screen and (max-width:689px){.stk-3eb823d {height:40px !important;}}<\/style><\/div>\n\n<div class=\"wp-block-stackable-columns stk-block-columns stk-block stk-c269e13\" data-block-id=\"c269e13\"><style>.stk-c269e13 {margin-bottom:0px !important;}<\/style><div class=\"stk-row stk-inner-blocks stk-block-content stk-content-align stk-c269e13-column\">\n<div class=\"wp-block-stackable-column stk-block-column stk-column stk-block stk-6f60d60\" data-v=\"4\" data-block-id=\"6f60d60\"><div class=\"stk-column-wrapper stk-block-column__content stk-container stk-6f60d60-container stk--no-background stk--no-padding\"><div class=\"stk-block-content stk-inner-blocks stk-6f60d60-inner-blocks\">\n<div class=\"wp-block-stackable-text stk-block-text stk-block stk-974828c\" data-block-id=\"974828c\"><p class=\"stk-block-text__text\">In Manila gibt es zahlreiche private und gut ausgestattete Krankenh\u00e4user, die jedoch von den Armen und Ausgegrenzten nicht in Anspruch genommen werden k\u00f6nnen, da die hohen Kosten f\u00fcr Behandlungen und Medikamenten nicht tragbar sind. Ohne Gesundheitsversorgung, ohne Geld f\u00fcr den Arztbesuch und ohne ben\u00f6tigte Medizin werden sie in dieser prek\u00e4ren Lage allein gelassen ohne Hoffnung auf Besserung. Ihre gesundheitlichen Probleme tragen zu der hohen Sterberate marginalisierter Filipinos bei, besonders die der Kinder. <\/p><\/div>\n\n\n\n<div class=\"wp-block-stackable-text stk-block-text stk-block stk-e4e8cba\" data-block-id=\"e4e8cba\"><p class=\"stk-block-text__text\">Die wenigen und oft schlecht ausgestatteten staatlichen Krankenh\u00e4user, die sich auch bed\u00fcrftiger Patienten annehmen, k\u00f6nnen die dringenden medizinischen Bed\u00fcrfnisse der Ausgegrenzten nicht decken. In l\u00e4ndlichen Gebieten ist die Misere der medizinischen Versorgung der Armen noch gr\u00f6\u00dfer. <\/p><\/div>\n\n\n\n<div class=\"wp-block-stackable-text stk-block-text stk-block stk-35202ca\" data-block-id=\"35202ca\"><p class=\"stk-block-text__text\">VISION HELP f\u00fchrt deshalb regelm\u00e4\u00dfig medizinische Eins\u00e4tze in Form von kleineren OP`s und zahn\u00e4rztlichen Behandlungen durch und stellt alle n\u00f6tigten Medikamente kostenlos zur Verf\u00fcgung. Dabei wird die Stiftung leidenschaftlich von einer Reihe von einheimischen und ausl\u00e4ndischen \u00c4rzten\/-innen durch ihre F\u00e4higkeiten und ihrem Fachwissen unterst\u00fctzt. <\/p><\/div>\n\n\n\n<div class=\"wp-block-stackable-text stk-block-text stk-block stk-406a742\" data-block-id=\"406a742\"><p class=\"stk-block-text__text\">In Zusammenarbeit mit dem philippinischen Gesundheitsministerium erh\u00e4lt VISION HELP hochwertige Medikamente von zahlreichen Spendern, wodurch diese Eins\u00e4tze erst m\u00f6glich gemacht werden. Dar\u00fcber hinaus werden so auch viele Operationen f\u00fcr Kinder mit Gaumenspalten oder schweren Deformit\u00e4ten finanziert. Selbst Nachsorgeuntersuchungen, Physio- und weitere notwendige Therapien k\u00f6nnen so angeboten werden.  <\/p><\/div>\n\n\n\n<div class=\"wp-block-stackable-text stk-block-text stk-block stk-ca51e20\" data-block-id=\"ca51e20\"><style>.stk-ca51e20 {margin-bottom:60px !important;}<\/style><p class=\"stk-block-text__text\">Dank internationaler Sponsoren und das Partnerkrankenhaus bietet die Stiftung im ganzen Land vielen marginalisierten Filipinos entscheidende karitative Betreuung. Wir machen das, denn Helfen ist unsere Vision! M\u00f6chtest du gemeinsam mit uns Leben neu aufbauen?  <\/p><\/div>\n\n\n\n<figure class=\"wp-block-gallery has-nested-images columns-5 is-cropped wp-block-gallery-1 is-layout-flex wp-block-gallery-is-layout-flex\" data-block-type=\"core\">\n<figure class=\"wp-block-image size-large\" data-block-type=\"core\"><img loading=\"lazy\" decoding=\"async\" width=\"800\" height=\"550\" data-id=\"1000\" src=\"https:\/\/vhicf.org\/wp-content\/uploads\/medical-outreach-13.jpg\" alt=\"Medizinische Versorgung\" class=\"wp-image-1000\" title=\"\" srcset=\"https:\/\/vhicf.org\/wp-content\/uploads\/medical-outreach-13.jpg 800w, https:\/\/vhicf.org\/wp-content\/uploads\/medical-outreach-13-768x528.jpg 768w\" sizes=\"auto, (max-width: 800px) 100vw, 800px\" \/><\/figure>\n\n\n\n<figure class=\"wp-block-image size-large\" data-block-type=\"core\"><img loading=\"lazy\" decoding=\"async\" width=\"800\" height=\"550\" data-id=\"1001\" src=\"https:\/\/vhicf.org\/wp-content\/uploads\/medical-outreach-14.jpg\" alt=\"Medizinische Versorgung\" class=\"wp-image-1001\" title=\"\" srcset=\"https:\/\/vhicf.org\/wp-content\/uploads\/medical-outreach-14.jpg 800w, https:\/\/vhicf.org\/wp-content\/uploads\/medical-outreach-14-768x528.jpg 768w\" sizes=\"auto, (max-width: 800px) 100vw, 800px\" \/><\/figure>\n\n\n\n<figure class=\"wp-block-image size-large\" data-block-type=\"core\"><img loading=\"lazy\" decoding=\"async\" width=\"800\" height=\"550\" data-id=\"1002\" src=\"https:\/\/vhicf.org\/wp-content\/uploads\/medical-outreach-16.jpg\" alt=\"Medizinische Versorgung\" class=\"wp-image-1002\" title=\"\" srcset=\"https:\/\/vhicf.org\/wp-content\/uploads\/medical-outreach-16.jpg 800w, https:\/\/vhicf.org\/wp-content\/uploads\/medical-outreach-16-768x528.jpg 768w\" sizes=\"auto, (max-width: 800px) 100vw, 800px\" \/><\/figure>\n\n\n\n<figure class=\"wp-block-image size-large\" data-block-type=\"core\"><img loading=\"lazy\" decoding=\"async\" width=\"800\" height=\"550\" data-id=\"1003\" src=\"https:\/\/vhicf.org\/wp-content\/uploads\/medical-outreach-17.jpg\" alt=\"Medizinische Versorgung\" class=\"wp-image-1003\" title=\"\" srcset=\"https:\/\/vhicf.org\/wp-content\/uploads\/medical-outreach-17.jpg 800w, https:\/\/vhicf.org\/wp-content\/uploads\/medical-outreach-17-768x528.jpg 768w\" sizes=\"auto, (max-width: 800px) 100vw, 800px\" \/><\/figure>\n\n\n\n<figure class=\"wp-block-image size-large\" data-block-type=\"core\"><img loading=\"lazy\" decoding=\"async\" width=\"800\" height=\"550\" data-id=\"1004\" src=\"https:\/\/vhicf.org\/wp-content\/uploads\/medical-outreach-15.jpg\" alt=\"Medizinische Versorgung\" class=\"wp-image-1004\" title=\"\" srcset=\"https:\/\/vhicf.org\/wp-content\/uploads\/medical-outreach-15.jpg 800w, https:\/\/vhicf.org\/wp-content\/uploads\/medical-outreach-15-768x528.jpg 768w\" sizes=\"auto, (max-width: 800px) 100vw, 800px\" \/><\/figure>\n\n\n\n<figure class=\"wp-block-image size-large\" data-block-type=\"core\"><img loading=\"lazy\" decoding=\"async\" width=\"1000\" height=\"700\" data-id=\"1005\" src=\"https:\/\/vhicf.org\/wp-content\/uploads\/medical-outreach-01.jpg\" alt=\"Medizinische Versorgung\" class=\"wp-image-1005\" title=\"\" srcset=\"https:\/\/vhicf.org\/wp-content\/uploads\/medical-outreach-01.jpg 1000w, https:\/\/vhicf.org\/wp-content\/uploads\/medical-outreach-01-960x672.jpg 960w, https:\/\/vhicf.org\/wp-content\/uploads\/medical-outreach-01-768x538.jpg 768w\" sizes=\"auto, (max-width: 1000px) 100vw, 1000px\" \/><\/figure>\n\n\n\n<figure class=\"wp-block-image size-large\" data-block-type=\"core\"><img loading=\"lazy\" decoding=\"async\" width=\"1000\" height=\"700\" data-id=\"1006\" src=\"https:\/\/vhicf.org\/wp-content\/uploads\/medical-outreach-02.jpg\" alt=\"Medizinische Versorgung\" class=\"wp-image-1006\" title=\"\" srcset=\"https:\/\/vhicf.org\/wp-content\/uploads\/medical-outreach-02.jpg 1000w, https:\/\/vhicf.org\/wp-content\/uploads\/medical-outreach-02-960x672.jpg 960w, https:\/\/vhicf.org\/wp-content\/uploads\/medical-outreach-02-768x538.jpg 768w\" sizes=\"auto, (max-width: 1000px) 100vw, 1000px\" \/><\/figure>\n\n\n\n<figure class=\"wp-block-image size-large\" data-block-type=\"core\"><img loading=\"lazy\" decoding=\"async\" width=\"1000\" height=\"700\" data-id=\"1007\" src=\"https:\/\/vhicf.org\/wp-content\/uploads\/medical-outreach-03.jpg\" alt=\"Medizinische Versorgung\" class=\"wp-image-1007\" title=\"\" srcset=\"https:\/\/vhicf.org\/wp-content\/uploads\/medical-outreach-03.jpg 1000w, https:\/\/vhicf.org\/wp-content\/uploads\/medical-outreach-03-960x672.jpg 960w, https:\/\/vhicf.org\/wp-content\/uploads\/medical-outreach-03-768x538.jpg 768w\" sizes=\"auto, (max-width: 1000px) 100vw, 1000px\" \/><\/figure>\n\n\n\n<figure class=\"wp-block-image size-large\" data-block-type=\"core\"><img loading=\"lazy\" decoding=\"async\" width=\"1000\" height=\"700\" data-id=\"1008\" src=\"https:\/\/vhicf.org\/wp-content\/uploads\/medical-outreach-04.jpg\" alt=\"Medizinische Versorgung\" class=\"wp-image-1008\" title=\"\" srcset=\"https:\/\/vhicf.org\/wp-content\/uploads\/medical-outreach-04.jpg 1000w, https:\/\/vhicf.org\/wp-content\/uploads\/medical-outreach-04-960x672.jpg 960w, https:\/\/vhicf.org\/wp-content\/uploads\/medical-outreach-04-768x538.jpg 768w\" sizes=\"auto, (max-width: 1000px) 100vw, 1000px\" \/><\/figure>\n\n\n\n<figure class=\"wp-block-image size-large\" data-block-type=\"core\"><img loading=\"lazy\" decoding=\"async\" width=\"1000\" height=\"700\" data-id=\"1009\" src=\"https:\/\/vhicf.org\/wp-content\/uploads\/medical-outreach-05.jpg\" alt=\"Medizinische Versorgung\" class=\"wp-image-1009\" title=\"\" srcset=\"https:\/\/vhicf.org\/wp-content\/uploads\/medical-outreach-05.jpg 1000w, https:\/\/vhicf.org\/wp-content\/uploads\/medical-outreach-05-960x672.jpg 960w, https:\/\/vhicf.org\/wp-content\/uploads\/medical-outreach-05-768x538.jpg 768w\" sizes=\"auto, (max-width: 1000px) 100vw, 1000px\" \/><\/figure>\n\n\n\n<figure class=\"wp-block-image size-large\" data-block-type=\"core\"><img loading=\"lazy\" decoding=\"async\" width=\"1000\" height=\"700\" data-id=\"1010\" src=\"https:\/\/vhicf.org\/wp-content\/uploads\/medical-outreach-06.jpg\" alt=\"Medizinische Versorgung\" class=\"wp-image-1010\" title=\"\" srcset=\"https:\/\/vhicf.org\/wp-content\/uploads\/medical-outreach-06.jpg 1000w, https:\/\/vhicf.org\/wp-content\/uploads\/medical-outreach-06-960x672.jpg 960w, https:\/\/vhicf.org\/wp-content\/uploads\/medical-outreach-06-768x538.jpg 768w\" sizes=\"auto, (max-width: 1000px) 100vw, 1000px\" \/><\/figure>\n\n\n\n<figure class=\"wp-block-image size-large\" data-block-type=\"core\"><img loading=\"lazy\" decoding=\"async\" width=\"1000\" height=\"700\" data-id=\"1011\" src=\"https:\/\/vhicf.org\/wp-content\/uploads\/medical-outreach-07.jpg\" alt=\"Medizinische Versorgung\" class=\"wp-image-1011\" title=\"\" srcset=\"https:\/\/vhicf.org\/wp-content\/uploads\/medical-outreach-07.jpg 1000w, https:\/\/vhicf.org\/wp-content\/uploads\/medical-outreach-07-960x672.jpg 960w, https:\/\/vhicf.org\/wp-content\/uploads\/medical-outreach-07-768x538.jpg 768w\" sizes=\"auto, (max-width: 1000px) 100vw, 1000px\" \/><\/figure>\n\n\n\n<figure class=\"wp-block-image size-large\" data-block-type=\"core\"><img loading=\"lazy\" decoding=\"async\" width=\"1000\" height=\"700\" data-id=\"1012\" src=\"https:\/\/vhicf.org\/wp-content\/uploads\/medical-outreach-08.jpg\" alt=\"Medizinische Versorgung\" class=\"wp-image-1012\" title=\"\" srcset=\"https:\/\/vhicf.org\/wp-content\/uploads\/medical-outreach-08.jpg 1000w, https:\/\/vhicf.org\/wp-content\/uploads\/medical-outreach-08-960x672.jpg 960w, https:\/\/vhicf.org\/wp-content\/uploads\/medical-outreach-08-768x538.jpg 768w\" sizes=\"auto, (max-width: 1000px) 100vw, 1000px\" \/><\/figure>\n\n\n\n<figure class=\"wp-block-image size-large\" data-block-type=\"core\"><img loading=\"lazy\" decoding=\"async\" width=\"1000\" height=\"700\" data-id=\"1013\" src=\"https:\/\/vhicf.org\/wp-content\/uploads\/medical-outreach-09.jpg\" alt=\"Medizinische Versorgung\" class=\"wp-image-1013\" title=\"\" srcset=\"https:\/\/vhicf.org\/wp-content\/uploads\/medical-outreach-09.jpg 1000w, https:\/\/vhicf.org\/wp-content\/uploads\/medical-outreach-09-960x672.jpg 960w, https:\/\/vhicf.org\/wp-content\/uploads\/medical-outreach-09-768x538.jpg 768w\" sizes=\"auto, (max-width: 1000px) 100vw, 1000px\" \/><\/figure>\n\n\n\n<figure class=\"wp-block-image size-large\" data-block-type=\"core\"><img loading=\"lazy\" decoding=\"async\" width=\"1000\" height=\"700\" data-id=\"1014\" src=\"https:\/\/vhicf.org\/wp-content\/uploads\/medical-outreach-10.jpg\" alt=\"Medizinische Versorgung\" class=\"wp-image-1014\" title=\"\" srcset=\"https:\/\/vhicf.org\/wp-content\/uploads\/medical-outreach-10.jpg 1000w, https:\/\/vhicf.org\/wp-content\/uploads\/medical-outreach-10-960x672.jpg 960w, https:\/\/vhicf.org\/wp-content\/uploads\/medical-outreach-10-768x538.jpg 768w\" sizes=\"auto, (max-width: 1000px) 100vw, 1000px\" \/><\/figure>\n\n\n\n<figure class=\"wp-block-image size-large\" data-block-type=\"core\"><img loading=\"lazy\" decoding=\"async\" width=\"1000\" height=\"700\" data-id=\"1015\" src=\"https:\/\/vhicf.org\/wp-content\/uploads\/medical-outreach-11.jpg\" alt=\"Medizinische Versorgung\" class=\"wp-image-1015\" title=\"\" srcset=\"https:\/\/vhicf.org\/wp-content\/uploads\/medical-outreach-11.jpg 1000w, https:\/\/vhicf.org\/wp-content\/uploads\/medical-outreach-11-960x672.jpg 960w, https:\/\/vhicf.org\/wp-content\/uploads\/medical-outreach-11-768x538.jpg 768w\" sizes=\"auto, (max-width: 1000px) 100vw, 1000px\" \/><\/figure>\n\n\n\n<figure class=\"wp-block-image size-large\" data-block-type=\"core\"><img loading=\"lazy\" decoding=\"async\" width=\"1000\" height=\"700\" data-id=\"1016\" src=\"https:\/\/vhicf.org\/wp-content\/uploads\/medical-outreach-12.jpg\" alt=\"Medizinische Versorgung\" class=\"wp-image-1016\" title=\"\" srcset=\"https:\/\/vhicf.org\/wp-content\/uploads\/medical-outreach-12.jpg 1000w, https:\/\/vhicf.org\/wp-content\/uploads\/medical-outreach-12-960x672.jpg 960w, https:\/\/vhicf.org\/wp-content\/uploads\/medical-outreach-12-768x538.jpg 768w\" sizes=\"auto, (max-width: 1000px) 100vw, 1000px\" \/><\/figure>\n<\/figure>\n<\/div><\/div><\/div>\n<\/div><\/div>\n\n<div class=\"wp-block-stackable-spacer stk-block-spacer stk--no-padding stk-block stk-699b9df\" data-block-id=\"699b9df\"><style>.stk-699b9df {height:60px !important;}@media screen and (max-width:999px){.stk-699b9df {height:80px !important;}}@media screen and (max-width:689px){.stk-699b9df {height:40px !important;}}<\/style><\/div>\n\n<div class=\"wp-block-stackable-columns stk-block-columns stk-block stk-b3c1d72\" data-block-id=\"b3c1d72\"><style>.stk-b3c1d72 {max-width:900px !important;min-width:auto !important;margin-right:auto !important;margin-bottom:0px !important;margin-left:auto !important;}<\/style><div class=\"stk-row stk-inner-blocks stk-block-content stk-content-align stk-b3c1d72-column\">\n<div class=\"wp-block-stackable-column stk-block-column stk-column stk-block stk-61b5937\" data-v=\"4\" data-block-id=\"61b5937\"><div class=\"stk-column-wrapper stk-block-column__content stk-container stk-61b5937-container stk--no-background stk--no-padding\"><div class=\"stk-block-content stk-inner-blocks stk-61b5937-inner-blocks\">\n<figure class=\"wp-block-embed is-type-video is-provider-youtube wp-block-embed-youtube wp-embed-aspect-16-9 wp-has-aspect-ratio\"><div class=\"wp-block-embed__wrapper\">\n<iframe loading=\"lazy\" title=\"Medical Mission in Negros Oriental\" width=\"1290\" height=\"726\" src=\"https:\/\/www.youtube.com\/embed\/wfPMeL9vBuQ?feature=oembed\" frameborder=\"0\" allow=\"accelerometer; autoplay; clipboard-write; encrypted-media; gyroscope; picture-in-picture; web-share\" referrerpolicy=\"strict-origin-when-cross-origin\" allowfullscreen><\/iframe>\n<\/div><\/figure>\n<\/div><\/div><\/div>\n<\/div><\/div>\n\n<div class=\"wp-block-stackable-spacer stk-block-spacer stk--no-padding stk-block stk-67bc2b0\" data-block-id=\"67bc2b0\"><style>.stk-67bc2b0 {height:120px !important;}@media screen and (max-width:999px){.stk-67bc2b0 {height:80px !important;}}@media screen and (max-width:689px){.stk-67bc2b0 {height:40px !important;}}<\/style><\/div>\n","protected":false},"excerpt":{"rendered":"<p>Gesundheit mit Herz wiederherstellen Medizinische Versorgung Lebensrettende Hilfe f\u00fcr die, die sie am dringendsten brauchen. Unterst\u00fctzen Sie diese Mission In Manila gibt es zahlreiche private und gut ausgestattete Krankenh\u00e4user, die jedoch von den Armen und Ausgegrenzten nicht in Anspruch genommen werden k\u00f6nnen, da die hohen Kosten f\u00fcr Behandlungen und Medikamenten nicht tragbar sind. Ohne Gesundheitsversorgung, [&hellip;]<\/p>\n","protected":false},"author":1,"featured_media":2031,"parent":1917,"menu_order":0,"comment_status":"closed","ping_status":"closed","template":"","meta":{"footnotes":""},"class_list":["post-2032","page","type-page","status-publish","has-post-thumbnail","hentry"],"blocksy_meta":[],"_links":{"self":[{"href":"https:\/\/vhicf.org\/de\/wp-json\/wp\/v2\/pages\/2032","targetHints":{"allow":["GET"]}}],"collection":[{"href":"https:\/\/vhicf.org\/de\/wp-json\/wp\/v2\/pages"}],"about":[{"href":"https:\/\/vhicf.org\/de\/wp-json\/wp\/v2\/types\/page"}],"author":[{"embeddable":true,"href":"https:\/\/vhicf.org\/de\/wp-json\/wp\/v2\/users\/1"}],"replies":[{"embeddable":true,"href":"https:\/\/vhicf.org\/de\/wp-json\/wp\/v2\/comments?post=2032"}],"version-history":[{"count":1,"href":"https:\/\/vhicf.org\/de\/wp-json\/wp\/v2\/pages\/2032\/revisions"}],"predecessor-version":[{"id":2033,"href":"https:\/\/vhicf.org\/de\/wp-json\/wp\/v2\/pages\/2032\/revisions\/2033"}],"up":[{"embeddable":true,"href":"https:\/\/vhicf.org\/de\/wp-json\/wp\/v2\/pages\/1917"}],"wp:featuredmedia":[{"embeddable":true,"href":"https:\/\/vhicf.org\/de\/wp-json\/wp\/v2\/media\/2031"}],"wp:attachment":[{"href":"https:\/\/vhicf.org\/de\/wp-json\/wp\/v2\/media?parent=2032"}],"curies":[{"name":"wp","href":"https:\/\/api.w.org\/{rel}","templated":true}]}}