{"id":1917,"date":"2025-06-13T13:37:47","date_gmt":"2025-06-13T11:37:47","guid":{"rendered":"https:\/\/dev.info-vision-help-international.com\/unsere-arbeit\/"},"modified":"2025-09-30T19:21:55","modified_gmt":"2025-09-30T17:21:55","slug":"unsere-arbeit","status":"publish","type":"page","link":"https:\/\/vhicf.org\/de\/unsere-arbeit\/","title":{"rendered":"Philippinische Projekte"},"content":{"rendered":"\n<div class=\"wp-block-stackable-columns alignfull stk-block-columns stk-block stk-fbd072c stk-block-background stk--has-background-overlay\" data-block-id=\"fbd072c\"><style>.stk-fbd072c {background-color:var(--theme-palette-color-1, #1a2747) !important;background-image:url(https:\/\/vhicf.org\/wp-content\/uploads\/waves-bg-2.svg) !important;background-repeat:no-repeat !important;padding-top:120px !important;padding-bottom:0px !important;margin-bottom:0px !important;overflow:visible !important;}.stk-fbd072c:before{background-color:var(--theme-palette-color-1, #1a2747) !important;opacity:0.9 !important;}.stk-fbd072c .stk-container{overflow:visible !important;}@media screen and (max-width:999px){.stk-fbd072c {padding-top:80px !important;}}<\/style><div class=\"stk-row stk-inner-blocks stk-block-content stk-content-align stk-fbd072c-column\">\n<div class=\"wp-block-stackable-column stk-block-column stk-column stk-block stk-c2cce21\" data-v=\"4\" data-block-id=\"c2cce21\"><style>.stk-c2cce21-container{margin-top:0px !important;margin-right:0px !important;margin-bottom:0px !important;margin-left:0px !important;}<\/style><div class=\"stk-column-wrapper stk-block-column__content stk-container stk-c2cce21-container stk--no-background stk--no-padding\"><div class=\"stk-block-content stk-inner-blocks stk-c2cce21-inner-blocks\">\n<div class=\"wp-block-stackable-spacer stk-block-spacer stk--no-padding stk-block stk-4d2d242\" data-block-id=\"4d2d242\"><style>.stk-4d2d242 {height:50px !important;}@media screen and (max-width:999px){.stk-4d2d242 {height:50px !important;}}<\/style><\/div>\n\n\n\n<div class=\"wp-block-stackable-columns stk-block-columns stk-block stk-ca064eb\" data-block-id=\"ca064eb\"><style>.stk-ca064eb {margin-bottom:0px !important;}.stk-ca064eb-column{--stk-column-gap:200px !important;row-gap:30px !important;}<\/style><div class=\"stk-row stk-inner-blocks stk-block-content stk-content-align stk-ca064eb-column\">\n<div class=\"wp-block-stackable-column stk-block-column stk-column stk-block stk-020db6d\" data-v=\"4\" data-block-id=\"020db6d\"><style>.stk-020db6d-container{margin-top:0px !important;margin-right:0px !important;margin-bottom:0px !important;margin-left:0px !important;}@media screen and (min-width:690px){.stk-020db6d {flex:var(--stk-flex-grow, 1) 1 calc(60% - var(--stk-column-gap, 0px) * 1 \/ 2 ) !important;}}@media screen and (min-width:690px) and (max-width:999px){.stk-020db6d {flex:var(--stk-flex-grow, 1) 1 calc(100% - var(--stk-column-gap, 0px) * 0 \/ 1 ) !important;}}<\/style><div class=\"stk-column-wrapper stk-block-column__content stk-container stk-020db6d-container stk--no-background stk--no-padding\"><div class=\"stk-block-content stk-inner-blocks stk-020db6d-inner-blocks\">\n<div class=\"wp-block-stackable-text stk-block-text stk-block stk-083e47d\" data-block-id=\"083e47d\"><style>.stk-083e47d {margin-bottom:12px !important;}.stk-083e47d .stk-block-text__text{color:var(--theme-palette-color-9, #4ac1ce) !important;font-weight:600 !important;text-transform:uppercase !important;}<\/style><p class=\"stk-block-text__text has-text-color has-text-align-center-tablet\">Retten. Ver\u00e4ndern. Bauen.  <\/p><\/div>\n\n\n\n<div class=\"wp-block-stackable-heading stk-block-heading stk-block-heading--v2 stk-block stk-d88c479\" id=\"bui\" data-block-id=\"d88c479\"><style>.stk-d88c479 .stk-block-heading__text{font-size:75px !important;color:var(--theme-palette-color-8, #ffffff) !important;line-height:1em !important;text-transform:uppercase !important;}@media screen and (max-width:999px){.stk-d88c479 .stk-block-heading__text{font-size:50px !important;}}@media screen and (max-width:689px){.stk-d88c479 .stk-block-heading__text{font-size:35px !important;}}<\/style><h2 class=\"stk-block-heading__text has-text-color has-palette-color-8-color has-text-align-center-tablet\">Wir ver\u00e4ndern Leben<\/h2><\/div>\n<\/div><\/div><\/div>\n\n\n\n<div class=\"wp-block-stackable-column stk-block-column stk-column stk-block stk-23429dd\" data-v=\"4\" data-block-id=\"23429dd\"><style>.stk-23429dd-container{margin-top:0px !important;margin-right:0px !important;margin-bottom:0px !important;margin-left:0px !important;}.stk-23429dd {align-self:flex-end !important;}@media screen and (min-width:690px){.stk-23429dd {flex:var(--stk-flex-grow, 1) 1 calc(40% - var(--stk-column-gap, 0px) * 1 \/ 2 ) !important;}}@media screen and (min-width:690px) and (max-width:999px){.stk-23429dd {flex:var(--stk-flex-grow, 1) 1 calc(100% - var(--stk-column-gap, 0px) * 0 \/ 1 ) !important;}}<\/style><div class=\"stk-column-wrapper stk-block-column__content stk-container stk-23429dd-container stk--no-background stk--no-padding\"><div class=\"stk-block-content stk-inner-blocks stk-23429dd-inner-blocks\">\n<div class=\"wp-block-stackable-text stk-block-text stk-block stk-4267e6e\" data-block-id=\"4267e6e\"><style>.stk-4267e6e {margin-top:10px !important;margin-bottom:20px !important;}.stk-4267e6e .stk-block-text__text{font-size:25px !important;color:var(--theme-palette-color-8, #ffffff) !important;font-weight:700 !important;}@media screen and (max-width:999px){.stk-4267e6e .stk-block-text__text{font-size:25px !important;}}@media screen and (max-width:689px){.stk-4267e6e .stk-block-text__text{font-size:20px !important;}}<\/style><p class=\"stk-block-text__text has-text-color has-palette-color-8-color has-text-align-center-tablet\">Wir retten Leben, ver\u00e4ndern Zukunftsperspektiven und geben Hoffnung zur\u00fcck<\/p><\/div>\n\n\n\n<div class=\"wp-block-stackable-button-group stk-block-button-group stk-block stk-ae235dd\" data-block-id=\"ae235dd\"><div class=\"stk-row stk-inner-blocks has-text-align-center-tablet stk-block-content stk-button-group\">\n<div class=\"wp-block-stackable-button stk-block-button stk-block stk-5f0b903\" data-block-id=\"5f0b903\"><style>.stk-5f0b903 {margin-top:0px !important;margin-right:0px !important;margin-bottom:0px !important;margin-left:0px !important;}.stk-5f0b903 .stk-button{background:var(--theme-palette-color-9, #4ac1ce) !important;}.stk-5f0b903 .stk-button .stk--inner-svg svg:last-child{height:12px !important;width:12px !important;}.stk-5f0b903 .stk-button .stk--inner-svg svg:last-child, .stk-5f0b903 .stk-button .stk--inner-svg svg:last-child :is(g, path, rect, polygon, ellipse){fill:var(--theme-palette-color-8, #ffffff) !important;}.stk-5f0b903 .stk-button__inner-text{color:var(--theme-palette-color-8, #ffffff) !important;font-weight:600 !important;text-transform:uppercase !important;}<\/style><a class=\"stk-link stk-button stk--hover-effect-darken\" href=\"https:\/\/vhicf.org\/de\/partner-werden\/spenden\/\"><span class=\"has-text-color has-palette-color-8-color stk-button__inner-text\">Jetzt spenden<\/span><span class=\"stk--svg-wrapper\"><div class=\"stk--inner-svg\"><svg class=\"ugb-custom-icon\" xmlns=\"http:\/\/www.w3.org\/2000\/svg\" viewbox=\"0 0 15 15\" style=\"enable-background:new 0 0 15 15\" xml:space=\"preserve\" aria-hidden=\"true\" width=\"32\" height=\"32\"><path d=\"M14.9.8c-.1-.1-.2-.2-.3-.4-.1-.1-.2-.2-.4-.3 0 0-.1-.1-.2-.1H1.3C.9 0 .6.1.3.4c-.2.2-.3.5-.3.9 0 .3.1.7.3.9.2.2.6.4.9.4h9.5L.4 12.9c-.5.5-.5 1.2-.1 1.7l.1.1c.1.1.2.2.4.3h.5c.2 0 .3 0 .5-.1.1-.1.3-.2.4-.3L12.5 4.2v9.5c0 .6.4 1.2 1.1 1.2h.1c.3 0 .7-.1.9-.3.2-.2.4-.6.3-.9V1.1c.1-.2 0-.3 0-.3z\" style=\"fill:#fff\"><\/path><\/svg><\/div><\/span><\/a><\/div>\n<\/div><\/div>\n<\/div><\/div><\/div>\n<\/div><\/div>\n\n\n\n<div class=\"wp-block-stackable-spacer stk-block-spacer stk--no-padding stk-block stk-7818bcd\" data-block-id=\"7818bcd\"><style>.stk-7818bcd {height:90px !important;}@media screen and (max-width:999px){.stk-7818bcd {height:80px !important;}}@media screen and (max-width:689px){.stk-7818bcd {height:40px !important;}}<\/style><\/div>\n\n\n\n<div class=\"wp-block-stackable-image stk-block-image stk-block stk-4fe056c\" data-block-id=\"4fe056c\"><style>.stk-4fe056c {margin-bottom:-150px !important;}.stk-4fe056c .stk-img-wrapper img{border-radius:3px !important;}@media screen and (max-width:689px){.stk-4fe056c {margin-bottom:-100px !important;}}<\/style><figure><span class=\"stk-img-wrapper stk-image--shape-stretch\"><img loading=\"lazy\" decoding=\"async\" class=\"stk-img wp-image-988\" src=\"https:\/\/vhicf.org\/wp-content\/uploads\/what-we-do-hero.jpg\" width=\"1920\" height=\"1080\" alt=\"Was wir machen\" title=\"\" srcset=\"https:\/\/vhicf.org\/wp-content\/uploads\/what-we-do-hero.jpg 1920w, https:\/\/vhicf.org\/wp-content\/uploads\/what-we-do-hero-960x540.jpg 960w, https:\/\/vhicf.org\/wp-content\/uploads\/what-we-do-hero-768x432.jpg 768w, https:\/\/vhicf.org\/wp-content\/uploads\/what-we-do-hero-1536x864.jpg 1536w\" sizes=\"auto, (max-width: 1920px) 100vw, 1920px\" \/><\/span><\/figure><\/div>\n<\/div><\/div><\/div>\n<\/div><\/div>\n\n<div class=\"wp-block-stackable-spacer stk-block-spacer stk--no-padding stk-block stk-d0a8269\" data-block-id=\"d0a8269\"><style>.stk-d0a8269 {height:150px !important;}@media screen and (max-width:999px){.stk-d0a8269 {height:100px !important;}}<\/style><\/div>\n\n<div class=\"wp-block-stackable-spacer stk-block-spacer stk--no-padding stk-block stk-3eb823d\" data-block-id=\"3eb823d\"><style>.stk-3eb823d {height:120px !important;}@media screen and (max-width:999px){.stk-3eb823d {height:80px !important;}}@media screen and (max-width:689px){.stk-3eb823d {height:40px !important;}}<\/style><\/div>\n\n<div class=\"wp-block-stackable-columns alignfull stk-block-columns stk-block stk-cde5ec3\" data-block-id=\"cde5ec3\"><style>.stk-cde5ec3 {max-width:1000px !important;min-width:auto !important;margin-right:auto !important;margin-bottom:60px !important;margin-left:auto !important;}.stk-cde5ec3-column{--stk-columns-spacing:0px !important;--stk-column-gap:30px !important;row-gap:30px !important;}<\/style><div class=\"stk-row stk-inner-blocks stk-block-content stk-content-align stk-cde5ec3-column\">\n<div class=\"wp-block-stackable-column stk-block-column stk-column stk-block stk-599ee3d\" data-v=\"4\" data-block-id=\"599ee3d\"><style>.stk-599ee3d-inner-blocks{align-items:center !important;}<\/style><div class=\"stk-column-wrapper stk-block-column__content stk-container stk-599ee3d-container stk--no-background stk--no-padding\"><div class=\"has-text-align-center stk--column-flex stk-block-content stk-inner-blocks stk-599ee3d-inner-blocks\">\n<div class=\"wp-block-stackable-icon stk-block-icon stk-block stk-86c8a6b\" data-block-id=\"86c8a6b\"><style>.stk-86c8a6b {margin-bottom:0px !important;}.stk-86c8a6b .stk--svg-wrapper .stk--inner-svg svg:last-child, .stk-86c8a6b .stk--svg-wrapper .stk--inner-svg svg:last-child :is(g, path, rect, polygon, ellipse){fill:var(--theme-palette-color-8, #ffffff) !important;}.stk-86c8a6b .stk--svg-wrapper .stk--inner-svg{background-color:var(--theme-palette-color-9, #4ac1ce) !important;border-radius:50% !important;padding:20px !important;}<\/style><span class=\"stk--svg-wrapper\"><div class=\"stk--inner-svg\"><svg style=\"height:0;width:0\"><defs><lineargradient id=\"linear-gradient-86c8a6b\" x1=\"0\" x2=\"100%\" y1=\"0\" y2=\"0\"><stop offset=\"0%\" style=\"stop-opacity:1;stop-color:var(--linear-gradient-86-c-8-a-6-b-color-1)\"><\/stop><stop offset=\"100%\" style=\"stop-opacity:1;stop-color:var(--linear-gradient-86-c-8-a-6-b-color-2)\"><\/stop><\/lineargradient><\/defs><\/svg><svg xmlns=\"http:\/\/www.w3.org\/2000\/svg\" viewbox=\"0 0 448 512\" aria-hidden=\"true\" width=\"32\" height=\"32\"><path d=\"M148 288h-40c-6.6 0-12-5.4-12-12v-40c0-6.6 5.4-12 12-12h40c6.6 0 12 5.4 12 12v40c0 6.6-5.4 12-12 12zm108-12v-40c0-6.6-5.4-12-12-12h-40c-6.6 0-12 5.4-12 12v40c0 6.6 5.4 12 12 12h40c6.6 0 12-5.4 12-12zm96 0v-40c0-6.6-5.4-12-12-12h-40c-6.6 0-12 5.4-12 12v40c0 6.6 5.4 12 12 12h40c6.6 0 12-5.4 12-12zm-96 96v-40c0-6.6-5.4-12-12-12h-40c-6.6 0-12 5.4-12 12v40c0 6.6 5.4 12 12 12h40c6.6 0 12-5.4 12-12zm-96 0v-40c0-6.6-5.4-12-12-12h-40c-6.6 0-12 5.4-12 12v40c0 6.6 5.4 12 12 12h40c6.6 0 12-5.4 12-12zm192 0v-40c0-6.6-5.4-12-12-12h-40c-6.6 0-12 5.4-12 12v40c0 6.6 5.4 12 12 12h40c6.6 0 12-5.4 12-12zm96-260v352c0 26.5-21.5 48-48 48H48c-26.5 0-48-21.5-48-48V112c0-26.5 21.5-48 48-48h48V12c0-6.6 5.4-12 12-12h40c6.6 0 12 5.4 12 12v52h128V12c0-6.6 5.4-12 12-12h40c6.6 0 12 5.4 12 12v52h48c26.5 0 48 21.5 48 48zm-48 346V160H48v298c0 3.3 2.7 6 6 6h340c3.3 0 6-2.7 6-6z\"><\/path><\/svg><\/div><\/span><\/div>\n\n\n\n<div class=\"wp-block-stackable-text stk-block-text stk-block stk-a13e388\" data-block-id=\"a13e388\"><style>.stk-a13e388 .stk-block-text__text{color:var(--theme-palette-color-1, #1a2747) !important;font-weight:700 !important;text-transform:uppercase !important;}<\/style><p class=\"stk-block-text__text has-text-color\">Wir retten Leben.<\/p><\/div>\n<\/div><\/div><\/div>\n\n\n\n<div class=\"wp-block-stackable-column stk-block-column stk-column stk-block stk-abbe6fd\" data-v=\"4\" data-block-id=\"abbe6fd\"><style>.stk-abbe6fd-inner-blocks{align-items:center !important;}<\/style><div class=\"stk-column-wrapper stk-block-column__content stk-container stk-abbe6fd-container stk--no-background stk--no-padding\"><div class=\"has-text-align-center stk--column-flex stk-block-content stk-inner-blocks stk-abbe6fd-inner-blocks\">\n<div class=\"wp-block-stackable-icon stk-block-icon stk-block stk-92ecf77\" data-block-id=\"92ecf77\"><style>.stk-92ecf77 {margin-bottom:0px !important;}.stk-92ecf77 .stk--svg-wrapper .stk--inner-svg svg:last-child, .stk-92ecf77 .stk--svg-wrapper .stk--inner-svg svg:last-child :is(g, path, rect, polygon, ellipse){fill:var(--theme-palette-color-8, #ffffff) !important;}.stk-92ecf77 .stk--svg-wrapper .stk--inner-svg{background-color:var(--theme-palette-color-9, #4ac1ce) !important;border-radius:50% !important;padding:20px !important;}<\/style><span class=\"stk--svg-wrapper\"><div class=\"stk--inner-svg\"><svg style=\"height:0;width:0\"><defs><lineargradient id=\"linear-gradient-92ecf77\" x1=\"0\" x2=\"100%\" y1=\"0\" y2=\"0\"><stop offset=\"0%\" style=\"stop-opacity:1;stop-color:var(--linear-gradient-92-ecf-77-color-1)\"><\/stop><stop offset=\"100%\" style=\"stop-opacity:1;stop-color:var(--linear-gradient-92-ecf-77-color-2)\"><\/stop><\/lineargradient><\/defs><\/svg><svg xmlns=\"http:\/\/www.w3.org\/2000\/svg\" viewbox=\"0 0 512 512\" aria-hidden=\"true\" width=\"32\" height=\"32\"><path d=\"M0 405.3V448c0 35.3 86 64 192 64s192-28.7 192-64v-42.7C342.7 434.4 267.2 448 192 448S41.3 434.4 0 405.3zM320 128c106 0 192-28.7 192-64S426 0 320 0 128 28.7 128 64s86 64 192 64zM0 300.4V352c0 35.3 86 64 192 64s192-28.7 192-64v-51.6c-41.3 34-116.9 51.6-192 51.6S41.3 334.4 0 300.4zm416 11c57.3-11.1 96-31.7 96-55.4v-42.7c-23.2 16.4-57.3 27.6-96 34.5v63.6zM192 160C86 160 0 195.8 0 240s86 80 192 80 192-35.8 192-80-86-80-192-80zm219.3 56.3c60-10.8 100.7-32 100.7-56.3v-42.7c-35.5 25.1-96.5 38.6-160.7 41.8 29.5 14.3 51.2 33.5 60 57.2z\"><\/path><\/svg><\/div><\/span><\/div>\n\n\n\n<div class=\"wp-block-stackable-text stk-block-text stk-block stk-e63176c\" data-block-id=\"e63176c\"><style>.stk-e63176c .stk-block-text__text{color:var(--theme-palette-color-1, #1a2747) !important;font-weight:700 !important;text-transform:uppercase !important;}<\/style><p class=\"stk-block-text__text has-text-color\">Wir ver\u00e4ndern Leben.<\/p><\/div>\n<\/div><\/div><\/div>\n\n\n\n<div class=\"wp-block-stackable-column stk-block-column stk-column stk-block stk-e220274\" data-v=\"4\" data-block-id=\"e220274\"><style>.stk-e220274-inner-blocks{align-items:center !important;}<\/style><div class=\"stk-column-wrapper stk-block-column__content stk-container stk-e220274-container stk--no-background stk--no-padding\"><div class=\"has-text-align-center stk--column-flex stk-block-content stk-inner-blocks stk-e220274-inner-blocks\">\n<div class=\"wp-block-stackable-icon stk-block-icon stk-block stk-19df398\" data-block-id=\"19df398\"><style>.stk-19df398 {margin-bottom:0px !important;}.stk-19df398 .stk--svg-wrapper .stk--inner-svg svg:last-child, .stk-19df398 .stk--svg-wrapper .stk--inner-svg svg:last-child :is(g, path, rect, polygon, ellipse){fill:var(--theme-palette-color-8, #ffffff) !important;}.stk-19df398 .stk--svg-wrapper .stk--inner-svg{background-color:var(--theme-palette-color-9, #4ac1ce) !important;border-radius:50% !important;padding:20px !important;}<\/style><span class=\"stk--svg-wrapper\"><div class=\"stk--inner-svg\"><svg style=\"height:0;width:0\"><defs><lineargradient id=\"linear-gradient-19df398\" x1=\"0\" x2=\"100%\" y1=\"0\" y2=\"0\"><stop offset=\"0%\" style=\"stop-opacity:1;stop-color:var(--linear-gradient-19-df-398-color-1)\"><\/stop><stop offset=\"100%\" style=\"stop-opacity:1;stop-color:var(--linear-gradient-19-df-398-color-2)\"><\/stop><\/lineargradient><\/defs><\/svg><svg xmlns=\"http:\/\/www.w3.org\/2000\/svg\" viewbox=\"0 0 384 512\" aria-hidden=\"true\" width=\"32\" height=\"32\"><path d=\"M336 160H48c-26.51 0-48 21.49-48 48v224c0 26.51 21.49 48 48 48h16v16c0 8.84 7.16 16 16 16h32c8.84 0 16-7.16 16-16v-16h128v16c0 8.84 7.16 16 16 16h32c8.84 0 16-7.16 16-16v-16h16c26.51 0 48-21.49 48-48V208c0-26.51-21.49-48-48-48zm-16 216c0 4.42-3.58 8-8 8H72c-4.42 0-8-3.58-8-8v-16c0-4.42 3.58-8 8-8h240c4.42 0 8 3.58 8 8v16zm0-96c0 4.42-3.58 8-8 8H72c-4.42 0-8-3.58-8-8v-16c0-4.42 3.58-8 8-8h240c4.42 0 8 3.58 8 8v16zM144 48h96v80h48V48c0-26.51-21.49-48-48-48h-96c-26.51 0-48 21.49-48 48v80h48V48z\"><\/path><\/svg><\/div><\/span><\/div>\n\n\n\n<div class=\"wp-block-stackable-text stk-block-text stk-block stk-550dbe1\" data-block-id=\"550dbe1\"><style>.stk-550dbe1 .stk-block-text__text{color:var(--theme-palette-color-1, #1a2747) !important;font-weight:700 !important;text-transform:uppercase !important;}<\/style><p class=\"stk-block-text__text has-text-color\">Wir bauen Leben neu auf.<\/p><\/div>\n<\/div><\/div><\/div>\n<\/div><\/div>\n\n<div class=\"wp-block-stackable-columns alignfull stk-block-columns stk-block stk-8a0a304\" data-block-id=\"8a0a304\"><style>.stk-8a0a304 {max-width:1000px !important;min-width:auto !important;margin-right:auto !important;margin-bottom:50px !important;margin-left:auto !important;}.stk-8a0a304-column{--stk-columns-spacing:0px !important;--stk-column-gap:50px !important;row-gap:50px !important;}<\/style><div class=\"stk-row stk-inner-blocks stk-block-content stk-content-align stk-8a0a304-column\">\n<div class=\"wp-block-stackable-column stk-block-column stk-column stk-block stk-407b574\" data-v=\"4\" data-block-id=\"407b574\"><style>.stk-407b574-container{margin-top:0px !important;margin-right:0px !important;margin-bottom:0px !important;margin-left:0px !important;}<\/style><div class=\"stk-column-wrapper stk-block-column__content stk-container stk-407b574-container stk--no-background stk--no-padding\"><div class=\"stk-block-content stk-inner-blocks stk-407b574-inner-blocks\">\n<div class=\"wp-block-stackable-image stk-block-image stk-block stk-b7ef56e\" data-block-id=\"b7ef56e\"><figure><a class=\"stk-link\" href=\"https:\/\/vhicf.org\/what-we-do\/medical-outreaches\/\"><span class=\"stk-img-wrapper stk-image--shape-stretch\"><img loading=\"lazy\" decoding=\"async\" class=\"stk-img wp-image-983\" src=\"https:\/\/vhicf.org\/wp-content\/uploads\/medical-outreach-mini.jpg\" width=\"350\" height=\"467\" alt=\"Medizinische Versorgung\" title=\"\"><\/span><\/a><\/figure><\/div>\n<\/div><\/div><\/div>\n\n\n\n<div class=\"wp-block-stackable-column stk-block-column stk-column stk-block stk-295f884\" data-v=\"4\" data-block-id=\"295f884\"><style>.stk-295f884-container{margin-top:0px !important;margin-right:0px !important;margin-bottom:0px !important;margin-left:0px !important;}<\/style><div class=\"stk-column-wrapper stk-block-column__content stk-container stk-295f884-container stk--no-background stk--no-padding\"><div class=\"stk-block-content stk-inner-blocks stk-295f884-inner-blocks\">\n<div class=\"wp-block-stackable-image stk-block-image stk-block stk-18d395b\" data-block-id=\"18d395b\"><figure><a class=\"stk-link\" href=\"https:\/\/vhicf.org\/what-we-do\/disaster-relief-operations\/\"><span class=\"stk-img-wrapper stk-image--shape-stretch\"><img loading=\"lazy\" decoding=\"async\" class=\"stk-img wp-image-985\" src=\"https:\/\/vhicf.org\/wp-content\/uploads\/disaster-relief-mini.jpg\" width=\"350\" height=\"467\" alt=\"Katastrophenhilfe\" title=\"\"><\/span><\/a><\/figure><\/div>\n<\/div><\/div><\/div>\n\n\n\n<div class=\"wp-block-stackable-column stk-block-column stk-column stk-block stk-1d644dc\" data-v=\"4\" data-block-id=\"1d644dc\"><style>.stk-1d644dc-container{margin-top:0px !important;margin-right:0px !important;margin-bottom:0px !important;margin-left:0px !important;}<\/style><div class=\"stk-column-wrapper stk-block-column__content stk-container stk-1d644dc-container stk--no-background stk--no-padding\"><div class=\"stk-block-content stk-inner-blocks stk-1d644dc-inner-blocks\">\n<div class=\"wp-block-stackable-image stk-block-image stk-block stk-717c23d\" data-block-id=\"717c23d\"><figure><a class=\"stk-link\" href=\"https:\/\/vhicf.org\/what-we-do\/school-projects\/\"><span class=\"stk-img-wrapper stk-image--shape-stretch\"><img loading=\"lazy\" decoding=\"async\" class=\"stk-img wp-image-984\" src=\"https:\/\/vhicf.org\/wp-content\/uploads\/school-project-mini.jpg\" width=\"350\" height=\"467\" alt=\"Schulprojekte\" title=\"\"><\/span><\/a><\/figure><\/div>\n<\/div><\/div><\/div>\n<\/div><\/div>\n\n<div class=\"wp-block-stackable-columns alignfull stk-block-columns stk-block stk-5305012\" data-block-id=\"5305012\"><style>.stk-5305012 {max-width:1000px !important;min-width:auto !important;margin-right:auto !important;margin-bottom:0px !important;margin-left:auto !important;}.stk-5305012-column{--stk-columns-spacing:0px !important;--stk-column-gap:50px !important;row-gap:50px !important;}<\/style><div class=\"stk-row stk-inner-blocks stk-block-content stk-content-align stk-5305012-column\">\n<div class=\"wp-block-stackable-column stk-block-column stk-column stk-block stk-7952fdd\" data-v=\"4\" data-block-id=\"7952fdd\"><style>.stk-7952fdd-container{margin-top:0px !important;margin-right:0px !important;margin-bottom:0px !important;margin-left:0px !important;}<\/style><div class=\"stk-column-wrapper stk-block-column__content stk-container stk-7952fdd-container stk--no-background stk--no-padding\"><div class=\"stk-block-content stk-inner-blocks stk-7952fdd-inner-blocks\">\n<div class=\"wp-block-stackable-image stk-block-image stk-block stk-fdc4ad8\" data-block-id=\"fdc4ad8\"><figure><a class=\"stk-link\" href=\"\/partner-with-us\/adopt-a-child\/\"><span class=\"stk-img-wrapper stk-image--shape-stretch\"><img loading=\"lazy\" decoding=\"async\" class=\"stk-img wp-image-989\" src=\"https:\/\/vhicf.org\/wp-content\/uploads\/mercy-ministry-mini.jpg\" width=\"350\" height=\"467\" alt=\"Mercy Ministry\" title=\"\"><\/span><\/a><\/figure><\/div>\n<\/div><\/div><\/div>\n\n\n\n<div class=\"wp-block-stackable-column stk-block-column stk-column stk-block stk-9ee8846\" data-v=\"4\" data-block-id=\"9ee8846\"><style>.stk-9ee8846-container{margin-top:0px !important;margin-right:0px !important;margin-bottom:0px !important;margin-left:0px !important;}<\/style><div class=\"stk-column-wrapper stk-block-column__content stk-container stk-9ee8846-container stk--no-background stk--no-padding\"><div class=\"stk-block-content stk-inner-blocks stk-9ee8846-inner-blocks\">\n<div class=\"wp-block-stackable-image stk-block-image stk-block stk-4b3046d\" data-block-id=\"4b3046d\"><figure><a class=\"stk-link\" href=\"https:\/\/vhicf.org\/de\/partner-werden\/sponsor-werden\/\"><span class=\"stk-img-wrapper stk-image--shape-stretch\"><img loading=\"lazy\" decoding=\"async\" class=\"stk-img wp-image-986\" src=\"https:\/\/vhicf.org\/wp-content\/uploads\/church-ministries-mini.jpg\" width=\"350\" height=\"467\" alt=\"Kirchenarbeit\" title=\"\"><\/span><\/a><\/figure><\/div>\n<\/div><\/div><\/div>\n\n\n\n<div class=\"wp-block-stackable-column stk-block-column stk-column stk-block stk-cc87a26\" data-v=\"4\" data-block-id=\"cc87a26\"><style>.stk-cc87a26-container{margin-top:0px !important;margin-right:0px !important;margin-bottom:0px !important;margin-left:0px !important;}<\/style><div class=\"stk-column-wrapper stk-block-column__content stk-container stk-cc87a26-container stk--no-background stk--no-padding\"><div class=\"stk-block-content stk-inner-blocks stk-cc87a26-inner-blocks\">\n<div class=\"wp-block-stackable-image stk-block-image stk-block stk-ef3a3c5\" data-block-id=\"ef3a3c5\"><figure><a class=\"stk-link\" href=\"https:\/\/vhicf.org\/de\/partner-werden\/bete-mit-uns\/\"><span class=\"stk-img-wrapper stk-image--shape-stretch\"><img loading=\"lazy\" decoding=\"async\" class=\"stk-img wp-image-987\" src=\"https:\/\/vhicf.org\/wp-content\/uploads\/residental-child-care-mini.jpg\" width=\"350\" height=\"467\" alt=\"Kinderbetreuung\" title=\"\"><\/span><\/a><\/figure><\/div>\n<\/div><\/div><\/div>\n<\/div><\/div>\n\n<div class=\"wp-block-stackable-spacer stk-block-spacer stk--no-padding stk-block stk-c17245e\" data-block-id=\"c17245e\"><style>.stk-c17245e {height:120px !important;}@media screen and (max-width:999px){.stk-c17245e {height:80px !important;}}@media screen and (max-width:689px){.stk-c17245e {height:40px !important;}}<\/style><\/div>\n","protected":false},"excerpt":{"rendered":"<p>Retten. Ver\u00e4ndern. Bauen. Wir ver\u00e4ndern Leben Wir retten Leben, ver\u00e4ndern Zukunftsperspektiven und geben Hoffnung zur\u00fcck Jetzt spenden Wir retten Leben. Wir ver\u00e4ndern Leben. Wir bauen Leben neu auf.<\/p>\n","protected":false},"author":1,"featured_media":1916,"parent":0,"menu_order":0,"comment_status":"closed","ping_status":"closed","template":"","meta":{"footnotes":""},"class_list":["post-1917","page","type-page","status-publish","has-post-thumbnail","hentry"],"blocksy_meta":[],"_links":{"self":[{"href":"https:\/\/vhicf.org\/de\/wp-json\/wp\/v2\/pages\/1917","targetHints":{"allow":["GET"]}}],"collection":[{"href":"https:\/\/vhicf.org\/de\/wp-json\/wp\/v2\/pages"}],"about":[{"href":"https:\/\/vhicf.org\/de\/wp-json\/wp\/v2\/types\/page"}],"author":[{"embeddable":true,"href":"https:\/\/vhicf.org\/de\/wp-json\/wp\/v2\/users\/1"}],"replies":[{"embeddable":true,"href":"https:\/\/vhicf.org\/de\/wp-json\/wp\/v2\/comments?post=1917"}],"version-history":[{"count":3,"href":"https:\/\/vhicf.org\/de\/wp-json\/wp\/v2\/pages\/1917\/revisions"}],"predecessor-version":[{"id":1920,"href":"https:\/\/vhicf.org\/de\/wp-json\/wp\/v2\/pages\/1917\/revisions\/1920"}],"wp:featuredmedia":[{"embeddable":true,"href":"https:\/\/vhicf.org\/de\/wp-json\/wp\/v2\/media\/1916"}],"wp:attachment":[{"href":"https:\/\/vhicf.org\/de\/wp-json\/wp\/v2\/media?parent=1917"}],"curies":[{"name":"wp","href":"https:\/\/api.w.org\/{rel}","templated":true}]}}