{"id":1904,"date":"2025-05-26T18:16:56","date_gmt":"2025-05-26T16:16:56","guid":{"rendered":"https:\/\/dev.info-vision-help-international.com\/partner-werden\/bete-mit-uns\/"},"modified":"2025-10-01T21:35:56","modified_gmt":"2025-10-01T19:35:56","slug":"bete-mit-uns","status":"publish","type":"page","link":"https:\/\/vhicf.org\/de\/partner-werden\/bete-mit-uns\/","title":{"rendered":"Bete mit uns"},"content":{"rendered":"\n<div class=\"wp-block-stackable-columns alignfull stk-block-columns stk-block stk-fbd072c stk-block-background stk--has-background-overlay\" data-block-id=\"fbd072c\"><style>.stk-fbd072c {background-color:var(--theme-palette-color-1, #1a2747) !important;background-image:url(https:\/\/vhicf.org\/wp-content\/uploads\/waves-bg-2.svg) !important;background-repeat:no-repeat !important;padding-top:120px !important;padding-bottom:0px !important;margin-bottom:0px !important;overflow:visible !important;}.stk-fbd072c:before{background-color:var(--theme-palette-color-1, #1a2747) !important;opacity:0.9 !important;}.stk-fbd072c .stk-container{overflow:visible !important;}@media screen and (max-width:999px){.stk-fbd072c {padding-top:80px !important;}}<\/style><div class=\"stk-row stk-inner-blocks stk-block-content stk-content-align stk-fbd072c-column\">\n<div class=\"wp-block-stackable-column stk-block-column stk-column stk-block stk-c2cce21\" data-v=\"4\" data-block-id=\"c2cce21\"><style>.stk-c2cce21-container{margin-top:0px !important;margin-right:0px !important;margin-bottom:0px !important;margin-left:0px !important;}<\/style><div class=\"stk-column-wrapper stk-block-column__content stk-container stk-c2cce21-container stk--no-background stk--no-padding\"><div class=\"stk-block-content stk-inner-blocks stk-c2cce21-inner-blocks\">\n<div class=\"wp-block-stackable-spacer stk-block-spacer stk--no-padding stk-block stk-4d2d242\" data-block-id=\"4d2d242\"><style>.stk-4d2d242 {height:50px !important;}@media screen and (max-width:999px){.stk-4d2d242 {height:50px !important;}}<\/style><\/div>\n\n\n\n<div class=\"wp-block-stackable-columns stk-block-columns stk-block stk-ca064eb\" data-block-id=\"ca064eb\"><style>.stk-ca064eb {margin-bottom:0px !important;}.stk-ca064eb-column{--stk-column-gap:200px !important;row-gap:30px !important;}<\/style><div class=\"stk-row stk-inner-blocks stk-block-content stk-content-align stk-ca064eb-column\">\n<div class=\"wp-block-stackable-column stk-block-column stk-column stk-block stk-020db6d\" data-v=\"4\" data-block-id=\"020db6d\"><style>.stk-020db6d-container{margin-top:0px !important;margin-right:0px !important;margin-bottom:0px !important;margin-left:0px !important;}@media screen and (min-width:690px){.stk-020db6d {flex:var(--stk-flex-grow, 1) 1 calc(60% - var(--stk-column-gap, 0px) * 1 \/ 2 ) !important;}}@media screen and (min-width:690px) and (max-width:999px){.stk-020db6d {flex:var(--stk-flex-grow, 1) 1 calc(100% - var(--stk-column-gap, 0px) * 0 \/ 1 ) !important;}}<\/style><div class=\"stk-column-wrapper stk-block-column__content stk-container stk-020db6d-container stk--no-background stk--no-padding\"><div class=\"stk-block-content stk-inner-blocks stk-020db6d-inner-blocks\">\n<div class=\"wp-block-stackable-text stk-block-text stk-block stk-083e47d\" data-block-id=\"083e47d\"><style>.stk-083e47d {margin-bottom:12px !important;}.stk-083e47d .stk-block-text__text{color:var(--theme-palette-color-9, #4ac1ce) !important;font-weight:600 !important;text-transform:uppercase !important;}<\/style><p class=\"stk-block-text__text has-text-color has-text-align-center-tablet\"><strong>Beten Sie f\u00fcr das Wohlergehen der Kinder<\/strong><\/p><\/div>\n\n\n\n<div class=\"wp-block-stackable-heading stk-block-heading stk-block-heading--v2 stk-block stk-d88c479\" id=\"bui\" data-block-id=\"d88c479\"><style>.stk-d88c479 .stk-block-heading__text{font-size:75px !important;color:var(--theme-palette-color-8, #ffffff) !important;line-height:1em !important;text-transform:uppercase !important;}@media screen and (max-width:999px){.stk-d88c479 .stk-block-heading__text{font-size:50px !important;}}@media screen and (max-width:689px){.stk-d88c479 .stk-block-heading__text{font-size:35px !important;}}<\/style><h1 class=\"stk-block-heading__text has-text-color has-palette-color-8-color has-text-align-center-tablet\">Bete mit uns<\/h1><\/div>\n<\/div><\/div><\/div>\n\n\n\n<div class=\"wp-block-stackable-column stk-block-column stk-column stk-block stk-23429dd\" data-v=\"4\" data-block-id=\"23429dd\"><style>.stk-23429dd-container{margin-top:0px !important;margin-right:0px !important;margin-bottom:0px !important;margin-left:0px !important;}@media screen and (min-width:690px){.stk-23429dd {flex:var(--stk-flex-grow, 1) 1 calc(40% - var(--stk-column-gap, 0px) * 1 \/ 2 ) !important;}}@media screen and (min-width:690px) and (max-width:999px){.stk-23429dd {flex:var(--stk-flex-grow, 1) 1 calc(100% - var(--stk-column-gap, 0px) * 0 \/ 1 ) !important;}}<\/style><div class=\"stk-column-wrapper stk-block-column__content stk-container stk-23429dd-container stk--no-background stk--no-padding\"><div class=\"stk-block-content stk-inner-blocks stk-23429dd-inner-blocks\">\n<div class=\"wp-block-stackable-text stk-block-text stk-block stk-4267e6e\" data-block-id=\"4267e6e\"><style>.stk-4267e6e {margin-top:10px !important;margin-bottom:20px !important;}.stk-4267e6e .stk-block-text__text{font-size:25px !important;color:var(--theme-palette-color-8, #ffffff) !important;font-weight:700 !important;}@media screen and (max-width:999px){.stk-4267e6e .stk-block-text__text{font-size:25px !important;}}@media screen and (max-width:689px){.stk-4267e6e .stk-block-text__text{font-size:20px !important;}}<\/style><p class=\"stk-block-text__text has-text-color has-palette-color-8-color has-text-align-center-tablet\">Unsere Vision ist das Helfen, und ein gemeinsames Gebet hilft so sehr. Bete mit uns gemeinsam f\u00fcr die Anliegen dieser Stiftung! <\/p><\/div>\n\n\n\n<div class=\"wp-block-stackable-button-group stk-block-button-group stk-block stk-ae235dd\" data-block-id=\"ae235dd\"><div class=\"stk-row stk-inner-blocks has-text-align-center-tablet stk-block-content stk-button-group\">\n<div class=\"wp-block-stackable-button stk-block-button stk-block stk-5f0b903\" data-block-id=\"5f0b903\"><style>.stk-5f0b903 {margin-top:0px !important;margin-right:0px !important;margin-bottom:0px !important;margin-left:0px !important;}.stk-5f0b903 .stk-button{background:var(--theme-palette-color-9, #4ac1ce) !important;}.stk-5f0b903 .stk-button .stk--inner-svg svg:last-child{height:12px !important;width:12px !important;}.stk-5f0b903 .stk-button .stk--inner-svg svg:last-child, .stk-5f0b903 .stk-button .stk--inner-svg svg:last-child :is(g, path, rect, polygon, ellipse){fill:var(--theme-palette-color-8, #ffffff) !important;}.stk-5f0b903 .stk-button__inner-text{color:var(--theme-palette-color-8, #ffffff) !important;font-weight:600 !important;text-transform:uppercase !important;}<\/style><a class=\"stk-link stk-button stk--hover-effect-darken\" href=\"https:\/\/vhicf.org\/de\/partner-werden\/spenden\/\"><span class=\"has-text-color has-palette-color-8-color stk-button__inner-text\">Spenden<\/span><span class=\"stk--svg-wrapper\"><div class=\"stk--inner-svg\"><svg class=\"ugb-custom-icon\" xmlns=\"http:\/\/www.w3.org\/2000\/svg\" viewbox=\"0 0 15 15\" style=\"enable-background:new 0 0 15 15\" xml:space=\"preserve\" aria-hidden=\"true\" width=\"32\" height=\"32\"><path d=\"M14.9.8c-.1-.1-.2-.2-.3-.4-.1-.1-.2-.2-.4-.3 0 0-.1-.1-.2-.1H1.3C.9 0 .6.1.3.4c-.2.2-.3.5-.3.9 0 .3.1.7.3.9.2.2.6.4.9.4h9.5L.4 12.9c-.5.5-.5 1.2-.1 1.7l.1.1c.1.1.2.2.4.3h.5c.2 0 .3 0 .5-.1.1-.1.3-.2.4-.3L12.5 4.2v9.5c0 .6.4 1.2 1.1 1.2h.1c.3 0 .7-.1.9-.3.2-.2.4-.6.3-.9V1.1c.1-.2 0-.3 0-.3z\" style=\"fill:#fff\"><\/path><\/svg><\/div><\/span><\/a><\/div>\n<\/div><\/div>\n<\/div><\/div><\/div>\n<\/div><\/div>\n\n\n\n<div class=\"wp-block-stackable-spacer stk-block-spacer stk--no-padding stk-block stk-7818bcd\" data-block-id=\"7818bcd\"><style>.stk-7818bcd {height:90px !important;}@media screen and (max-width:999px){.stk-7818bcd {height:80px !important;}}@media screen and (max-width:689px){.stk-7818bcd {height:40px !important;}}<\/style><\/div>\n\n\n\n<div class=\"wp-block-stackable-image stk-block-image stk-block stk-4fe056c\" data-block-id=\"4fe056c\"><style>.stk-4fe056c {margin-bottom:-150px !important;}.stk-4fe056c .stk-img-wrapper img{border-radius:3px !important;}@media screen and (max-width:689px){.stk-4fe056c {margin-bottom:-100px !important;}}<\/style><figure><span class=\"stk-img-wrapper stk-image--shape-stretch\"><img loading=\"lazy\" decoding=\"async\" class=\"stk-img wp-image-911\" src=\"https:\/\/vhicf.org\/wp-content\/uploads\/pray-with-us-hero.jpg\" width=\"1920\" height=\"1080\" alt=\"Bete mit uns\" title=\"\" srcset=\"https:\/\/vhicf.org\/wp-content\/uploads\/pray-with-us-hero.jpg 1920w, https:\/\/vhicf.org\/wp-content\/uploads\/pray-with-us-hero-960x540.jpg 960w, https:\/\/vhicf.org\/wp-content\/uploads\/pray-with-us-hero-768x432.jpg 768w, https:\/\/vhicf.org\/wp-content\/uploads\/pray-with-us-hero-1536x864.jpg 1536w\" sizes=\"auto, (max-width: 1920px) 100vw, 1920px\" \/><\/span><\/figure><\/div>\n<\/div><\/div><\/div>\n<\/div><\/div>\n\n<div class=\"wp-block-stackable-spacer stk-block-spacer stk--no-padding stk-block stk-d0a8269\" data-block-id=\"d0a8269\"><style>.stk-d0a8269 {height:150px !important;}@media screen and (max-width:999px){.stk-d0a8269 {height:100px !important;}}<\/style><\/div>\n\n<div class=\"wp-block-stackable-spacer stk-block-spacer stk--no-padding stk-block stk-3eb823d\" data-block-id=\"3eb823d\"><style>.stk-3eb823d {height:120px !important;}@media screen and (max-width:999px){.stk-3eb823d {height:80px !important;}}@media screen and (max-width:689px){.stk-3eb823d {height:40px !important;}}<\/style><\/div>\n\n<div class=\"wp-block-stackable-columns alignfull stk-block-columns stk-block stk-c0f1fc7\" data-block-id=\"c0f1fc7\"><style>.stk-c0f1fc7 {margin-bottom:60px !important;}<\/style><div class=\"stk-row stk-inner-blocks stk-block-content stk-content-align stk-c0f1fc7-column\">\n<div class=\"wp-block-stackable-column stk-block-column stk-column stk-block stk-24b0ab6\" data-v=\"4\" data-block-id=\"24b0ab6\"><div class=\"stk-column-wrapper stk-block-column__content stk-container stk-24b0ab6-container stk--no-background stk--no-padding\"><div class=\"stk-block-content stk-inner-blocks stk-24b0ab6-inner-blocks\">\n<div class=\"wp-block-stackable-text stk-block-text stk-block stk-3e81539\" data-block-id=\"3e81539\"><p class=\"stk-block-text__text has-text-align-center\"><strong>Seht hier unsere <a href=\"https:\/\/us15.campaign-archive.com\/home\/?u=2e546c24dc08fb5efbd25e7fc&amp;id=01e23f9ee8\" target=\"_blank\" rel=\"noreferrer noopener\">Gebetsnewsletter und Updates<\/a>.<\/strong><\/p><\/div>\n<\/div><\/div><\/div>\n<\/div><\/div>\n\n<div class=\"wp-block-stackable-columns stk-block-columns stk-block stk-6cc1cbe\" data-block-id=\"6cc1cbe\"><style>.stk-6cc1cbe {margin-bottom:120px !important;}.stk-6cc1cbe-column{--stk-columns-spacing:0px !important;--stk-column-gap:50px !important;row-gap:30px !important;}<\/style><div class=\"stk-row stk-inner-blocks stk-block-content stk-content-align stk-6cc1cbe-column\">\n<div class=\"wp-block-stackable-column stk-block-column stk-column stk-block stk-a61af6f\" data-v=\"4\" data-block-id=\"a61af6f\"><style>.stk-a61af6f-inner-blocks{align-items:center !important;}<\/style><div class=\"stk-column-wrapper stk-block-column__content stk-container stk-a61af6f-container stk--no-background stk--no-padding\"><div class=\"stk--column-flex stk-block-content stk-inner-blocks stk-a61af6f-inner-blocks\">\n<div class=\"wp-block-stackable-number-box stk-block-number-box stk--has-shape stk-block stk-384c1ab\" data-block-id=\"384c1ab\"><style>.stk-384c1ab .stk-block-number-box__container{background-color:var(--theme-palette-color-9, #4ac1ce) !important;}.stk-384c1ab .stk-block-number-box__container:before{background-color:var(--theme-palette-color-9, #4ac1ce) !important;}<\/style><div class=\"stk-block-number-box__container has-text-align-center\"><span class=\"stk-block-number-box__text\" role=\"presentation\">1<\/span><\/div><\/div>\n\n\n\n<div class=\"wp-block-stackable-text stk-block-text stk-block stk-1eb822a\" data-block-id=\"1eb822a\"><p class=\"stk-block-text__text\">Bete f\u00fcr F\u00fcrsorge der Kinder (House of Hope und Village of Hope), sodass sie gesund und physisch, emotional und mental stark aufwachsen k\u00f6nnen. Bete, dass sie auch in Weisheit und Ehrfurcht vor Gott aufwachsen und Jesus immer n\u00e4her kennen lernen. <\/p><\/div>\n<\/div><\/div><\/div>\n\n\n\n<div class=\"wp-block-stackable-column stk-block-column stk-column stk-block stk-09d334d\" data-v=\"4\" data-block-id=\"09d334d\"><style>.stk-09d334d-inner-blocks{align-items:center !important;}<\/style><div class=\"stk-column-wrapper stk-block-column__content stk-container stk-09d334d-container stk--no-background stk--no-padding\"><div class=\"stk--column-flex stk-block-content stk-inner-blocks stk-09d334d-inner-blocks\">\n<div class=\"wp-block-stackable-number-box stk-block-number-box stk--has-shape stk-block stk-f797cd7\" data-block-id=\"f797cd7\"><style>.stk-f797cd7 .stk-block-number-box__container{background-color:var(--theme-palette-color-9, #4ac1ce) !important;}.stk-f797cd7 .stk-block-number-box__container:before{background-color:var(--theme-palette-color-9, #4ac1ce) !important;}<\/style><div class=\"stk-block-number-box__container has-text-align-center\"><span class=\"stk-block-number-box__text\" role=\"presentation\">2<\/span><\/div><\/div>\n\n\n\n<div class=\"wp-block-stackable-text stk-block-text stk-block stk-4fa745f\" data-block-id=\"4fa745f\"><p class=\"stk-block-text__text\">Bete f\u00fcr die VHICF Mitarbeiter und Freiwilligen. Bete f\u00fcr uns, sodass wir in Liebe leben und arbeiten sowie nicht nur unsere Aufgaben effizient und effektiv bew\u00e4ltigen, sondern dass wir dabei Gottes Liebe zu uns teilen k\u00f6nnen mit den Kindern und allen, mit denen wir zusammenarbeiten. <\/p><\/div>\n<\/div><\/div><\/div>\n<\/div><\/div>\n\n<div class=\"wp-block-stackable-columns stk-block-columns stk-block stk-93360b8 stk-block-background\" data-block-id=\"93360b8\"><style>.stk-93360b8 {background-color:var(--theme-palette-color-1, #1a2747) !important;padding-top:70px !important;padding-bottom:70px !important;margin-bottom:0px !important;}.stk-93360b8:before{background-color:var(--theme-palette-color-1, #1a2747) !important;}.stk-93360b8-column{max-width:900px !important;min-width:auto !important;}<\/style><div class=\"stk-row stk-inner-blocks stk-block-content stk-content-align stk-93360b8-column\">\n<div class=\"wp-block-stackable-column stk-block-column stk-column stk-block stk-81eafda\" data-v=\"4\" data-block-id=\"81eafda\"><div class=\"stk-column-wrapper stk-block-column__content stk-container stk-81eafda-container stk--no-background stk--no-padding\"><div class=\"stk-block-content stk-inner-blocks stk-81eafda-inner-blocks\">\n<div class=\"wp-block-stackable-text stk-block-text stk-block stk-07b42d3\" data-block-id=\"07b42d3\"><style>.stk-07b42d3 {max-width:800px !important;min-width:auto !important;margin-right:auto !important;margin-left:auto !important;}.stk-07b42d3 .stk-block-text__text{color:var(--theme-palette-color-8, #ffffff) !important;}<\/style><p class=\"stk-block-text__text has-text-color has-text-align-center\">Falls du monatlich Gebentsanliegen von uns per E-Mail erhalten m\u00f6chtest kannst du dich \u00fcber das unten angezeigte Formular anmelden. Dann wirst du eine Liste mit unseren Gebetsanliegen der n\u00e4chsten Monate bekommen.<\/p><\/div>\n\n\n<script>(function() {\n\twindow.mc4wp = window.mc4wp || {\n\t\tlisteners: [],\n\t\tforms: {\n\t\t\ton: function(evt, cb) {\n\t\t\t\twindow.mc4wp.listeners.push(\n\t\t\t\t\t{\n\t\t\t\t\t\tevent   : evt,\n\t\t\t\t\t\tcallback: cb\n\t\t\t\t\t}\n\t\t\t\t);\n\t\t\t}\n\t\t}\n\t}\n})();\n<\/script><!-- Mailchimp for WordPress v4.12.2 - https:\/\/wordpress.org\/plugins\/mailchimp-for-wp\/ --><form id=\"mc4wp-form-1\" class=\"mc4wp-form mc4wp-form-1891\" method=\"post\" data-id=\"1891\" data-name=\"Abonnieren\" ><div class=\"mc4wp-form-fields\"><p>\n  <label style=\"color:#ffffff;\">Name*<\/label>\n  <input type=\"text\" name=\"NAME\" style=\"background-color: #ffffff;color:#000000;\" placeholder=\"Gib hier deinen Vor- und Nachnamen ein.\" required=\"\"><\/p><p><\/p>\n  <label style=\"color:#ffffff;\">E-mail Adresse*<\/label>\n  <input type=\"email\" name=\"EMAIL\" style=\"background-color: #ffffff;color:#000000;\" placeholder=\"Gib hier deine E-Mail-Adresse ein.\" required=\"\">\n<p><\/p>\n  <input type=\"submit\" style=\"background-color: #8d1014;color:#ffffff;\" value=\"ABONNIEREN\">\n<\/div><label style=\"display: none !important;\">Wenn du ein Mensch bist, lasse das Feld leer: <input type=\"text\" name=\"_mc4wp_honeypot\" value=\"\" tabindex=\"-1\" autocomplete=\"off\" \/><\/label><input type=\"hidden\" name=\"_mc4wp_timestamp\" value=\"1776779176\" \/><input type=\"hidden\" name=\"_mc4wp_form_id\" value=\"1891\" \/><input type=\"hidden\" name=\"_mc4wp_form_element_id\" value=\"mc4wp-form-1\" \/><div class=\"mc4wp-response\"><\/div><\/form><!-- \/ Mailchimp for WordPress Plugin -->\n\n\n<div class=\"wp-block-stackable-image stk-block-image stk-block stk-7c54538\" data-block-id=\"7c54538\"><style>.stk-7c54538 {margin-top:50px !important;}<\/style><figure><span class=\"stk-img-wrapper stk-image--shape-stretch\"><img loading=\"lazy\" decoding=\"async\" class=\"stk-img wp-image-910\" src=\"https:\/\/vhicf.org\/wp-content\/uploads\/pray-with-us-family.jpg\" width=\"1000\" height=\"500\" alt=\"Bete mit uns\" title=\"\" srcset=\"https:\/\/vhicf.org\/wp-content\/uploads\/pray-with-us-family.jpg 1000w, https:\/\/vhicf.org\/wp-content\/uploads\/pray-with-us-family-960x480.jpg 960w, https:\/\/vhicf.org\/wp-content\/uploads\/pray-with-us-family-768x384.jpg 768w\" sizes=\"auto, (max-width: 1000px) 100vw, 1000px\" \/><\/span><\/figure><\/div>\n<\/div><\/div><\/div>\n<\/div><\/div>\n\n<div class=\"wp-block-stackable-spacer stk-block-spacer stk--no-padding stk-block stk-fd9f546\" data-block-id=\"fd9f546\"><style>.stk-fd9f546 {height:120px !important;}@media screen and (max-width:999px){.stk-fd9f546 {height:80px !important;}}@media screen and (max-width:689px){.stk-fd9f546 {height:40px !important;}}<\/style><\/div>\n","protected":false},"excerpt":{"rendered":"<p>Beten Sie f\u00fcr das Wohlergehen der Kinder Bete mit uns Unsere Vision ist das Helfen, und ein gemeinsames Gebet hilft so sehr. Bete mit uns gemeinsam f\u00fcr die Anliegen dieser Stiftung! Spenden Seht hier unsere Gebetsnewsletter und Updates. 1 Bete f\u00fcr F\u00fcrsorge der Kinder (House of Hope und Village of Hope), sodass sie gesund und [&hellip;]<\/p>\n","protected":false},"author":1,"featured_media":1903,"parent":1785,"menu_order":0,"comment_status":"closed","ping_status":"closed","template":"","meta":{"footnotes":""},"class_list":["post-1904","page","type-page","status-publish","has-post-thumbnail","hentry"],"blocksy_meta":[],"_links":{"self":[{"href":"https:\/\/vhicf.org\/de\/wp-json\/wp\/v2\/pages\/1904","targetHints":{"allow":["GET"]}}],"collection":[{"href":"https:\/\/vhicf.org\/de\/wp-json\/wp\/v2\/pages"}],"about":[{"href":"https:\/\/vhicf.org\/de\/wp-json\/wp\/v2\/types\/page"}],"author":[{"embeddable":true,"href":"https:\/\/vhicf.org\/de\/wp-json\/wp\/v2\/users\/1"}],"replies":[{"embeddable":true,"href":"https:\/\/vhicf.org\/de\/wp-json\/wp\/v2\/comments?post=1904"}],"version-history":[{"count":3,"href":"https:\/\/vhicf.org\/de\/wp-json\/wp\/v2\/pages\/1904\/revisions"}],"predecessor-version":[{"id":2248,"href":"https:\/\/vhicf.org\/de\/wp-json\/wp\/v2\/pages\/1904\/revisions\/2248"}],"up":[{"embeddable":true,"href":"https:\/\/vhicf.org\/de\/wp-json\/wp\/v2\/pages\/1785"}],"wp:featuredmedia":[{"embeddable":true,"href":"https:\/\/vhicf.org\/de\/wp-json\/wp\/v2\/media\/1903"}],"wp:attachment":[{"href":"https:\/\/vhicf.org\/de\/wp-json\/wp\/v2\/media?parent=1904"}],"curies":[{"name":"wp","href":"https:\/\/api.w.org\/{rel}","templated":true}]}}