{"id":1826,"date":"2025-05-26T17:57:20","date_gmt":"2025-05-26T15:57:20","guid":{"rendered":"https:\/\/dev.info-vision-help-international.com\/partner-werden\/partnerschaft-fuer-eine-familie\/"},"modified":"2025-10-23T13:49:02","modified_gmt":"2025-10-23T11:49:02","slug":"partnerschaft-fuer-eine-familie","status":"publish","type":"page","link":"https:\/\/vhicf.org\/de\/partner-werden\/partnerschaft-fuer-eine-familie\/","title":{"rendered":"Partnerschaft f\u00fcr eine Familie"},"content":{"rendered":"\n<div class=\"wp-block-stackable-columns alignfull stk-block-columns stk-block stk-fbd072c stk-block-background stk--has-background-overlay\" data-block-id=\"fbd072c\"><style>.stk-fbd072c {background-color:var(--theme-palette-color-1, #1a2747) !important;background-image:url(https:\/\/vhicf.org\/wp-content\/uploads\/waves-bg-2.svg) !important;background-repeat:no-repeat !important;padding-top:120px !important;padding-bottom:0px !important;margin-bottom:0px !important;overflow:visible !important;}.stk-fbd072c:before{background-color:var(--theme-palette-color-1, #1a2747) !important;opacity:0.9 !important;}.stk-fbd072c .stk-container{overflow:visible !important;}@media screen and (max-width:999px){.stk-fbd072c {padding-top:80px !important;}}<\/style><div class=\"stk-row stk-inner-blocks stk-block-content stk-content-align stk-fbd072c-column\">\n<div class=\"wp-block-stackable-column stk-block-column stk-column stk-block stk-c2cce21\" data-v=\"4\" data-block-id=\"c2cce21\"><style>.stk-c2cce21-container{margin-top:0px !important;margin-right:0px !important;margin-bottom:0px !important;margin-left:0px !important;}<\/style><div class=\"stk-column-wrapper stk-block-column__content stk-container stk-c2cce21-container stk--no-background stk--no-padding\"><div class=\"stk-block-content stk-inner-blocks stk-c2cce21-inner-blocks\">\n<div class=\"wp-block-stackable-spacer stk-block-spacer stk--no-padding stk-block stk-4d2d242\" data-block-id=\"4d2d242\"><style>.stk-4d2d242 {height:50px !important;}@media screen and (max-width:999px){.stk-4d2d242 {height:50px !important;}}<\/style><\/div>\n\n\n\n<div class=\"wp-block-stackable-columns stk-block-columns stk-block stk-ca064eb\" data-block-id=\"ca064eb\"><style>.stk-ca064eb {margin-bottom:0px !important;}.stk-ca064eb-column{--stk-column-gap:200px !important;row-gap:30px !important;}<\/style><div class=\"stk-row stk-inner-blocks stk-block-content stk-content-align stk-ca064eb-column\">\n<div class=\"wp-block-stackable-column stk-block-column stk-column stk-block stk-020db6d\" data-v=\"4\" data-block-id=\"020db6d\"><style>.stk-020db6d-container{margin-top:0px !important;margin-right:0px !important;margin-bottom:0px !important;margin-left:0px !important;}@media screen and (min-width:690px){.stk-020db6d {flex:var(--stk-flex-grow, 1) 1 calc(60% - var(--stk-column-gap, 0px) * 1 \/ 2 ) !important;}}@media screen and (min-width:690px) and (max-width:999px){.stk-020db6d {flex:var(--stk-flex-grow, 1) 1 calc(100% - var(--stk-column-gap, 0px) * 0 \/ 1 ) !important;}}<\/style><div class=\"stk-column-wrapper stk-block-column__content stk-container stk-020db6d-container stk--no-background stk--no-padding\"><div class=\"stk-block-content stk-inner-blocks stk-020db6d-inner-blocks\">\n<div class=\"wp-block-stackable-text stk-block-text stk-block stk-083e47d\" data-block-id=\"083e47d\"><style>.stk-083e47d {margin-bottom:12px !important;}.stk-083e47d .stk-block-text__text{color:var(--theme-palette-color-9, #4ac1ce) !important;font-weight:600 !important;text-transform:uppercase !important;}<\/style><p class=\"stk-block-text__text has-text-color has-text-align-center-tablet\">Eine bessere Zukunft<\/p><\/div>\n\n\n\n<div class=\"wp-block-stackable-heading stk-block-heading stk-block-heading--v2 stk-block stk-d88c479\" id=\"bui\" data-block-id=\"d88c479\"><style>.stk-d88c479 .stk-block-heading__text{font-size:75px !important;color:var(--theme-palette-color-8, #ffffff) !important;line-height:1em !important;text-transform:uppercase !important;}@media screen and (max-width:999px){.stk-d88c479 .stk-block-heading__text{font-size:50px !important;}}@media screen and (max-width:689px){.stk-d88c479 .stk-block-heading__text{font-size:35px !important;}}<\/style><h1 class=\"stk-block-heading__text has-text-color has-palette-color-8-color has-text-align-center-tablet\">Partnerschaft f\u00fcr eine <span style=\"color: var(--theme-palette-color-9, #4ac1ce);\" class=\"stk-highlight\">Familie<\/span><\/h1><\/div>\n\n\n\n<div class=\"wp-block-stackable-text stk-block-text stk-block stk-bc828e4\" data-block-id=\"bc828e4\"><style>.stk-bc828e4 .stk-block-text__text{color:var(--theme-palette-color-8, #ffffff) !important;}<\/style><p class=\"stk-block-text__text has-text-color has-text-align-center-tablet\">ENGAGIEREN SIE SICH F\u00dcR EINE BESSERE ZUKUNFT!<\/p><\/div>\n<\/div><\/div><\/div>\n\n\n\n<div class=\"wp-block-stackable-column stk-block-column stk-column stk-block stk-23429dd\" data-v=\"4\" data-block-id=\"23429dd\"><style>.stk-23429dd-container{margin-top:0px !important;margin-right:0px !important;margin-bottom:0px !important;margin-left:0px !important;}@media screen and (min-width:690px){.stk-23429dd {flex:var(--stk-flex-grow, 1) 1 calc(40% - var(--stk-column-gap, 0px) * 1 \/ 2 ) !important;}}@media screen and (min-width:690px) and (max-width:999px){.stk-23429dd {flex:var(--stk-flex-grow, 1) 1 calc(100% - var(--stk-column-gap, 0px) * 0 \/ 1 ) !important;}}<\/style><div class=\"stk-column-wrapper stk-block-column__content stk-container stk-23429dd-container stk--no-background stk--no-padding\"><div class=\"stk-block-content stk-inner-blocks stk-23429dd-inner-blocks\">\n<div class=\"wp-block-stackable-text stk-block-text stk-block stk-4267e6e\" data-block-id=\"4267e6e\"><style>.stk-4267e6e {margin-top:10px !important;margin-bottom:20px !important;}.stk-4267e6e .stk-block-text__text{font-size:25px !important;color:var(--theme-palette-color-8, #ffffff) !important;font-weight:700 !important;}@media screen and (max-width:999px){.stk-4267e6e .stk-block-text__text{font-size:25px !important;}}@media screen and (max-width:689px){.stk-4267e6e .stk-block-text__text{font-size:20px !important;}}<\/style><p class=\"stk-block-text__text has-text-color has-palette-color-8-color has-text-align-center-tablet\">Wir unterst\u00fctzen die \u00c4rmsten in Tondo, Manila, indem wir ihnen Hoffnung, Gesundheit und die Aussicht auf eine bessere Zukunft bieten.<\/p><\/div>\n\n\n\n<div class=\"wp-block-stackable-button-group stk-block-button-group stk-block stk-ae235dd\" data-block-id=\"ae235dd\"><div class=\"stk-row stk-inner-blocks has-text-align-center-tablet stk-block-content stk-button-group\">\n<div class=\"wp-block-stackable-button stk-block-button stk-block stk-5f0b903\" data-block-id=\"5f0b903\"><style>.stk-5f0b903 {margin-top:0px !important;margin-right:0px !important;margin-bottom:0px !important;margin-left:0px !important;}.stk-5f0b903 .stk-button{background:var(--theme-palette-color-9, #4ac1ce) !important;}.stk-5f0b903 .stk-button .stk--inner-svg svg:last-child{height:12px !important;width:12px !important;}.stk-5f0b903 .stk-button .stk--inner-svg svg:last-child, .stk-5f0b903 .stk-button .stk--inner-svg svg:last-child :is(g, path, rect, polygon, ellipse){fill:var(--theme-palette-color-8, #ffffff) !important;}.stk-5f0b903 .stk-button__inner-text{color:var(--theme-palette-color-8, #ffffff) !important;font-weight:600 !important;text-transform:uppercase !important;}<\/style><a class=\"stk-link stk-button stk--hover-effect-darken\" href=\"https:\/\/vhicf.org\/de\/partner-werden\/spenden\/\"><span class=\"has-text-color has-palette-color-8-color stk-button__inner-text\">Unterst\u00fctzen Sie diese Mission<\/span><span class=\"stk--svg-wrapper\"><div class=\"stk--inner-svg\"><svg class=\"ugb-custom-icon\" xmlns=\"http:\/\/www.w3.org\/2000\/svg\" viewbox=\"0 0 15 15\" style=\"enable-background:new 0 0 15 15\" xml:space=\"preserve\" aria-hidden=\"true\" width=\"32\" height=\"32\"><path d=\"M14.9.8c-.1-.1-.2-.2-.3-.4-.1-.1-.2-.2-.4-.3 0 0-.1-.1-.2-.1H1.3C.9 0 .6.1.3.4c-.2.2-.3.5-.3.9 0 .3.1.7.3.9.2.2.6.4.9.4h9.5L.4 12.9c-.5.5-.5 1.2-.1 1.7l.1.1c.1.1.2.2.4.3h.5c.2 0 .3 0 .5-.1.1-.1.3-.2.4-.3L12.5 4.2v9.5c0 .6.4 1.2 1.1 1.2h.1c.3 0 .7-.1.9-.3.2-.2.4-.6.3-.9V1.1c.1-.2 0-.3 0-.3z\" style=\"fill:#fff\"><\/path><\/svg><\/div><\/span><\/a><\/div>\n<\/div><\/div>\n<\/div><\/div><\/div>\n<\/div><\/div>\n\n\n\n<div class=\"wp-block-stackable-spacer stk-block-spacer stk--no-padding stk-block stk-7818bcd\" data-block-id=\"7818bcd\"><style>.stk-7818bcd {height:90px !important;}@media screen and (max-width:999px){.stk-7818bcd {height:80px !important;}}@media screen and (max-width:689px){.stk-7818bcd {height:40px !important;}}<\/style><\/div>\n\n\n\n<div class=\"wp-block-stackable-image stk-block-image stk-block stk-4fe056c\" data-block-id=\"4fe056c\"><style>.stk-4fe056c {margin-bottom:-150px !important;}.stk-4fe056c .stk-img-wrapper img{border-radius:3px !important;}@media screen and (max-width:689px){.stk-4fe056c {margin-bottom:-100px !important;}}<\/style><figure><span class=\"stk-img-wrapper stk-image--shape-stretch\"><img loading=\"lazy\" decoding=\"async\" class=\"stk-img wp-image-897\" src=\"https:\/\/vhicf.org\/wp-content\/uploads\/adopt-a-family-hero.jpg\" width=\"1920\" height=\"1080\" alt=\"Partnerschaft f&#xFC;r eine Familie\" title=\"\" srcset=\"https:\/\/vhicf.org\/wp-content\/uploads\/adopt-a-family-hero.jpg 1920w, https:\/\/vhicf.org\/wp-content\/uploads\/adopt-a-family-hero-960x540.jpg 960w, https:\/\/vhicf.org\/wp-content\/uploads\/adopt-a-family-hero-768x432.jpg 768w, https:\/\/vhicf.org\/wp-content\/uploads\/adopt-a-family-hero-1536x864.jpg 1536w\" sizes=\"auto, (max-width: 1920px) 100vw, 1920px\" \/><\/span><\/figure><\/div>\n<\/div><\/div><\/div>\n<\/div><\/div>\n\n<div class=\"wp-block-stackable-spacer stk-block-spacer stk--no-padding stk-block stk-d0a8269\" data-block-id=\"d0a8269\"><style>.stk-d0a8269 {height:150px !important;}@media screen and (max-width:999px){.stk-d0a8269 {height:100px !important;}}<\/style><\/div>\n\n<div class=\"wp-block-stackable-spacer stk-block-spacer stk--no-padding stk-block stk-3eb823d\" data-block-id=\"3eb823d\"><style>.stk-3eb823d {height:120px !important;}@media screen and (max-width:999px){.stk-3eb823d {height:80px !important;}}@media screen and (max-width:689px){.stk-3eb823d {height:40px !important;}}<\/style><\/div>\n\n<div class=\"wp-block-stackable-columns alignfull stk-block-columns stk-block stk-c0f1fc7\" data-block-id=\"c0f1fc7\"><style>.stk-c0f1fc7 {padding-top:50px !important;padding-bottom:50px !important;margin-bottom:0px !important;}<\/style><div class=\"stk-row stk-inner-blocks stk-block-content stk-content-align stk-c0f1fc7-column\">\n<div class=\"wp-block-stackable-column stk-block-column stk-column stk-block stk-24b0ab6\" data-v=\"4\" data-block-id=\"24b0ab6\"><div class=\"stk-column-wrapper stk-block-column__content stk-container stk-24b0ab6-container stk--no-background stk--no-padding\"><div class=\"stk-block-content stk-inner-blocks stk-24b0ab6-inner-blocks\">\n<div class=\"wp-block-stackable-text stk-block-text stk-block stk-3e81539\" data-block-id=\"3e81539\"><style>.stk-3e81539 {margin-bottom:50px !important;}<\/style><p class=\"stk-block-text__text\">Ziel von VHICF ist es, Armut zu bek\u00e4mpfen und \u00f6rtliche Kommunen zu st\u00e4rken. Eine unserer meist unterst\u00fctzten Gemeinden befindet sich in Tondo, Manila, wo sich unser Center befindet. Obwohl Manila City eine Millionenmetropole ist, in der reiche und ber\u00fchmte Menschen leben, beherbergt sie ebenso Millionen der \u00c4rmsten der Armen, die wie weggeworfen im M\u00fcll leben m\u00fcssen. In diesen Teilen Manilas herrscht eine unglaubliche Armut, die sowohl den Jungen als auch den Alten die Gesundheit und die Hoffnung auf eine bessere Zukunft raubt. Die Familien m\u00fcssen t\u00e4glich ums \u00dcberleben k\u00e4mpfen. Das wichtigste ist, Essen auf den Tisch zu bringen. Bildung ist bei solchen Zust\u00e4nden zweitrangig und wird vernachl\u00e4ssigt.    <\/p><\/div>\n\n\n\n<div class=\"wp-block-stackable-heading stk-block-heading stk-block-heading--v2 stk-block stk-cef1f06\" id=\"but-we-believe-that-there-is-a-way-out-of-this-and-that-is-what-our-center-stands-for\" data-block-id=\"cef1f06\"><style>.stk-cef1f06 {max-width:800px !important;min-width:auto !important;margin-right:auto !important;margin-left:auto !important;}<\/style><h2 class=\"stk-block-heading__text has-text-align-center\">Wir glauben jedoch, dass es einen Ausweg gibt und daf\u00fcr steht unser Center.<\/h2><\/div>\n<\/div><\/div><\/div>\n<\/div><\/div>\n\n<div class=\"wp-block-stackable-columns stk-block-columns stk-block stk-d9b26bf stk-block-background\" data-block-id=\"d9b26bf\"><style>.stk-d9b26bf {background-color:var(--theme-palette-color-9, #4ac1ce) !important;}.stk-d9b26bf:before{background-color:var(--theme-palette-color-9, #4ac1ce) !important;}<\/style><div class=\"stk-row stk-inner-blocks stk-block-content stk-content-align stk-d9b26bf-column\">\n<div class=\"wp-block-stackable-column stk-block-column stk-column stk-block stk-882accb\" data-v=\"4\" data-block-id=\"882accb\"><div class=\"stk-column-wrapper stk-block-column__content stk-container stk-882accb-container stk--no-background stk--no-padding\"><div class=\"stk-block-content stk-inner-blocks stk-882accb-inner-blocks\">\n<div class=\"wp-block-stackable-heading stk-block-heading stk-block-heading--v2 stk-block stk-f35f096\" id=\"what-is-adopt-a-family-project-exactly\" data-block-id=\"f35f096\"><style>.stk-f35f096 .stk-block-heading__text{color:var(--theme-palette-color-8, #ffffff) !important;}<\/style><h2 class=\"stk-block-heading__text has-text-color has-text-align-center\">WAS GENAU IST DAS PROJEKT \u201ePATENSCHAFT EINE FAMILIE\u201c?<\/h2><\/div>\n<\/div><\/div><\/div>\n<\/div><\/div>\n\n<div class=\"wp-block-stackable-columns stk-block-columns stk-block stk-6cc1cbe\" data-block-id=\"6cc1cbe\"><style>.stk-6cc1cbe {margin-bottom:120px !important;}.stk-6cc1cbe-column{--stk-columns-spacing:0px !important;--stk-column-gap:50px !important;row-gap:30px !important;}@media screen and (max-width:689px){.stk-6cc1cbe {margin-bottom:50px !important;}}<\/style><div class=\"stk-row stk-inner-blocks stk-block-content stk-content-align stk-6cc1cbe-column\">\n<div class=\"wp-block-stackable-column stk-block-column stk-column stk-block stk-a61af6f\" data-v=\"4\" data-block-id=\"a61af6f\"><div class=\"stk-column-wrapper stk-block-column__content stk-container stk-a61af6f-container stk--no-background stk--no-padding\"><div class=\"stk-block-content stk-inner-blocks stk-a61af6f-inner-blocks\">\n<div class=\"wp-block-stackable-text stk-block-text stk-block stk-939b5f3\" data-block-id=\"939b5f3\"><p class=\"stk-block-text__text\">Das \u201ePartnerschaft f\u00fcr eine Familie\u201c- Projekt ist darauf ausgerichtet, Erwachsenen mit Kindern, die qualifiziert und bereit dazu sind, eine Ausbildung zu erm\u00f6glichen. Durch das M\u00fcllsammeln k\u00f6nnen Familien nur von der Hand in den Mund leben. Wenn Menschen jedoch die Chance bekommen, einen Beruf zu erlernen und eine Karriere anzustreben, gibt ihnen das nicht nur ein gutes und regelm\u00e4\u00dfiges Einkommen f\u00fcr die Ern\u00e4hrung ihrer Familien, sondern auch Zuversicht und Hoffnung. Es steckt so viel Potential in diesen Menschen, das es zu entdecken gilt. Es gibt eine Zukunft f\u00fcr sie, die keine Armut beinhaltet. <\/p><\/div>\n\n\n\n<div class=\"wp-block-stackable-heading stk-block-heading stk-block-heading--v2 stk-block stk-4e26801\" id=\"there-is-value-in-education-and-we-want-to-help-the-willing\" data-block-id=\"4e26801\"><style>.stk-4e26801 .stk-block-heading__text{color:var(--theme-palette-color-2, #851115) !important;}<\/style><h3 class=\"stk-block-heading__text has-text-color\">BILDUNG HAT EINEN GRO\u00dfEN WERT UND WIR WOLLEN DENEN HELFEN, DIE BEREIT SIND ZU LERNEN.<\/h3><\/div>\n<\/div><\/div><\/div>\n\n\n\n<div class=\"wp-block-stackable-column stk-block-column stk-column stk-block stk-09d334d\" data-v=\"4\" data-block-id=\"09d334d\"><div class=\"stk-column-wrapper stk-block-column__content stk-container stk-09d334d-container stk--no-background stk--no-padding\"><div class=\"stk-block-content stk-inner-blocks stk-09d334d-inner-blocks\">\n<div class=\"wp-block-stackable-text stk-block-text stk-block stk-a343cb9\" data-block-id=\"a343cb9\"><p class=\"stk-block-text__text\">Auf den Philippinen gibt es keine kostenlose Bildung. Deshalb ist es schwierig, nach der Highschool ein Studium zu beginnen, geschweige denn, es weiterzuf\u00fchren. Die Kosten f\u00fcr die Bildung bei einem Erwachsenen setzten sich aus Essensgeld, Transportkosten, Schulgeb\u00fchren und Schulmaterialien zusammen.  <br\/><br\/>Hinzu kommt, dass diese Kosten f\u00fcr jedes Kind, dass zur Schule gehen m\u00f6chte, zus\u00e4tzlich anfallen. Deshalb ist es uns ein gro\u00dfes Anliegen, dies f\u00fcr jedes einzelne Kind zu erm\u00f6glichen. <\/p><\/div>\n\n\n\n<div class=\"wp-block-stackable-heading stk-block-heading stk-block-heading--v2 stk-block stk-82dbc1b\" id=\"we-ask-you-then-please-help-us-so-that-we-can-help\" data-block-id=\"82dbc1b\"><style>.stk-82dbc1b .stk-block-heading__text{color:var(--theme-palette-color-2, #851115) !important;}<\/style><h3 class=\"stk-block-heading__text has-text-color\">WIR BITTEN DICH ALSO, HELFE UNS, DAMIT WIR EINE HILFE SEIN K\u00d6NNEN!<\/h3><\/div>\n<\/div><\/div><\/div>\n<\/div><\/div>\n\n<div class=\"wp-block-stackable-columns stk-block-columns stk-block stk-862c4df\" data-block-id=\"862c4df\"><style>.stk-862c4df {border-style:solid !important;border-color:var(--theme-palette-color-5, #E7E9EF) !important;border-top-width:1px !important;border-right-width:0px !important;border-bottom-width:0px !important;border-left-width:0px !important;max-width:900px !important;min-width:auto !important;padding-top:50px !important;padding-bottom:120px !important;margin-right:auto !important;margin-bottom:0px !important;margin-left:auto !important;}<\/style><div class=\"stk-row stk-inner-blocks stk-block-content stk-content-align stk-862c4df-column\">\n<div class=\"wp-block-stackable-column stk-block-column stk-column stk-block stk-2ebaa5d\" data-v=\"4\" data-block-id=\"2ebaa5d\"><div class=\"stk-column-wrapper stk-block-column__content stk-container stk-2ebaa5d-container stk--no-background stk--no-padding\"><div class=\"stk-block-content stk-inner-blocks stk-2ebaa5d-inner-blocks\">\n<div class=\"wp-block-stackable-text stk-block-text stk-block stk-9a55af4\" id=\"if-you-would-like-to-know-more-about-this-project-you-may-download-the-document-below-to-see-more-information-on-costs-details-of-expenses-modes-of-donation-and-what-you-will-receive-when-you-support-a-family\" data-block-id=\"9a55af4\"><p class=\"stk-block-text__text has-text-align-center\">Wenn du mehr \u00fcber dieses Projekt erfahren willst, dann lade dass untenstehende Dokument herunter. Dort findest du weitere Informationen \u00fcber die Kosten und Einzelheiten zu den Ausgaben, die Art der Spenden und was du davon hast, wenn du eine Familie unterst\u00fctzt.<\/p><\/div>\n\n\n\n<div class=\"wp-block-stackable-button-group stk-block-button-group stk-block stk-d2304bf\" data-block-id=\"d2304bf\"><div class=\"stk-row stk-inner-blocks has-text-align-center stk-block-content stk-button-group\">\n<div class=\"wp-block-stackable-button stk-block-button has-text-align-center stk-block stk-63f0ff8\" data-block-id=\"63f0ff8\"><a class=\"stk-link stk-button stk--hover-effect-darken\" href=\"https:\/\/vhicf.org\/wp-content\/uploads\/adopt-a-family-sponsorship-information.pdf\"><span class=\"stk--svg-wrapper\"><div class=\"stk--inner-svg\"><svg xmlns=\"http:\/\/www.w3.org\/2000\/svg\" viewbox=\"0 0 512 512\" aria-hidden=\"true\" width=\"32\" height=\"32\"><path d=\"M216 0h80c13.3 0 24 10.7 24 24v168h87.7c17.8 0 26.7 21.5 14.1 34.1L269.7 378.3c-7.5 7.5-19.8 7.5-27.3 0L90.1 226.1c-12.6-12.6-3.7-34.1 14.1-34.1H192V24c0-13.3 10.7-24 24-24zm296 376v112c0 13.3-10.7 24-24 24H24c-13.3 0-24-10.7-24-24V376c0-13.3 10.7-24 24-24h146.7l49 49c20.1 20.1 52.5 20.1 72.6 0l49-49H488c13.3 0 24 10.7 24 24zm-124 88c0-11-9-20-20-20s-20 9-20 20 9 20 20 20 20-9 20-20zm64 0c0-11-9-20-20-20s-20 9-20 20 9 20 20 20 20-9 20-20z\"><\/path><\/svg><\/div><\/span><span class=\"stk-button__inner-text\">Information zum Programm &#8222;Partnerschaft f\u00fcr eine Familie&#8220; herunterladen<\/span><\/a><\/div>\n<\/div><\/div>\n<\/div><\/div><\/div>\n<\/div><\/div>\n\n<div class=\"wp-block-stackable-columns alignfull stk-block-columns stk-block stk-93360b8 stk-block-background\" data-block-id=\"93360b8\"><style>.stk-93360b8 {background-color:var(--theme-palette-color-5, #E7E9EF) !important;padding-top:70px !important;padding-bottom:70px !important;margin-bottom:0px !important;}.stk-93360b8:before{background-color:var(--theme-palette-color-5, #E7E9EF) !important;}<\/style><div class=\"stk-row stk-inner-blocks stk-block-content stk-content-align stk-93360b8-column\">\n<div class=\"wp-block-stackable-column stk-block-column stk-column stk-block stk-81eafda\" data-v=\"4\" data-block-id=\"81eafda\"><div class=\"stk-column-wrapper stk-block-column__content stk-container stk-81eafda-container stk--no-background stk--no-padding\"><div class=\"stk-block-content stk-inner-blocks stk-81eafda-inner-blocks\">\n<div class=\"wp-block-stackable-text stk-block-text stk-block stk-07b42d3\" data-block-id=\"07b42d3\"><style>.stk-07b42d3 {max-width:800px !important;min-width:auto !important;margin-right:auto !important;margin-left:auto !important;}<\/style><p class=\"stk-block-text__text has-text-align-center\">Wenn du dich dazu entschieden hast, dass du dich als Sponsor unserem \u201ePartnerschaft f\u00fcr eine Familie\u201c- Projekt anschlie\u00dfen m\u00f6chtest, dann sende eine E-Mail an <a href=\"mailto:buena.velasco@vhicf.org\" target=\"_blank\" rel=\"noreferrer noopener\">sponsors@vhicf.org<\/a>, um Informationen \u00fcber Familien zu erhalten, die du unterst\u00fctzen kannst.<\/p><\/div>\n\n\n\n<div class=\"wp-block-stackable-image stk-block-image stk-block stk-b69cca8\" data-block-id=\"b69cca8\"><style>.stk-b69cca8 .stk-img-wrapper{width:800px !important;}@media screen and (max-width:999px){.stk-b69cca8 .stk-img-wrapper{width:100% !important;}}@media screen and (max-width:689px){.stk-b69cca8 .stk-img-wrapper{width:100% !important;}}<\/style><figure><span class=\"stk-img-wrapper stk-image--shape-stretch\"><img loading=\"lazy\" decoding=\"async\" class=\"stk-img wp-image-896\" src=\"https:\/\/vhicf.org\/wp-content\/uploads\/adopt-a-family-paulino-family.jpg\" width=\"800\" height=\"600\" alt=\"Paulino Family\" title=\"\" srcset=\"https:\/\/vhicf.org\/wp-content\/uploads\/adopt-a-family-paulino-family.jpg 800w, https:\/\/vhicf.org\/wp-content\/uploads\/adopt-a-family-paulino-family-768x576.jpg 768w\" sizes=\"auto, (max-width: 800px) 100vw, 800px\" \/><\/span><\/figure><\/div>\n<\/div><\/div><\/div>\n<\/div><\/div>\n","protected":false},"excerpt":{"rendered":"<p>Eine bessere Zukunft Partnerschaft f\u00fcr eine Familie ENGAGIEREN SIE SICH F\u00dcR EINE BESSERE ZUKUNFT! Wir unterst\u00fctzen die \u00c4rmsten in Tondo, Manila, indem wir ihnen Hoffnung, Gesundheit und die Aussicht auf eine bessere Zukunft bieten. Unterst\u00fctzen Sie diese Mission Ziel von VHICF ist es, Armut zu bek\u00e4mpfen und \u00f6rtliche Kommunen zu st\u00e4rken. Eine unserer meist unterst\u00fctzten [&hellip;]<\/p>\n","protected":false},"author":1,"featured_media":1825,"parent":1785,"menu_order":0,"comment_status":"closed","ping_status":"closed","template":"","meta":{"footnotes":""},"class_list":["post-1826","page","type-page","status-publish","has-post-thumbnail","hentry"],"blocksy_meta":[],"_links":{"self":[{"href":"https:\/\/vhicf.org\/de\/wp-json\/wp\/v2\/pages\/1826","targetHints":{"allow":["GET"]}}],"collection":[{"href":"https:\/\/vhicf.org\/de\/wp-json\/wp\/v2\/pages"}],"about":[{"href":"https:\/\/vhicf.org\/de\/wp-json\/wp\/v2\/types\/page"}],"author":[{"embeddable":true,"href":"https:\/\/vhicf.org\/de\/wp-json\/wp\/v2\/users\/1"}],"replies":[{"embeddable":true,"href":"https:\/\/vhicf.org\/de\/wp-json\/wp\/v2\/comments?post=1826"}],"version-history":[{"count":6,"href":"https:\/\/vhicf.org\/de\/wp-json\/wp\/v2\/pages\/1826\/revisions"}],"predecessor-version":[{"id":2261,"href":"https:\/\/vhicf.org\/de\/wp-json\/wp\/v2\/pages\/1826\/revisions\/2261"}],"up":[{"embeddable":true,"href":"https:\/\/vhicf.org\/de\/wp-json\/wp\/v2\/pages\/1785"}],"wp:featuredmedia":[{"embeddable":true,"href":"https:\/\/vhicf.org\/de\/wp-json\/wp\/v2\/media\/1825"}],"wp:attachment":[{"href":"https:\/\/vhicf.org\/de\/wp-json\/wp\/v2\/media?parent=1826"}],"curies":[{"name":"wp","href":"https:\/\/api.w.org\/{rel}","templated":true}]}}