{"id":1785,"date":"2025-04-29T20:03:17","date_gmt":"2025-04-29T18:03:17","guid":{"rendered":"https:\/\/dev.info-vision-help-international.com\/partner-werden\/"},"modified":"2025-10-23T13:57:17","modified_gmt":"2025-10-23T11:57:17","slug":"partner-werden","status":"publish","type":"page","link":"https:\/\/vhicf.org\/de\/partner-werden\/","title":{"rendered":"Partner mit uns auf den Philippinen"},"content":{"rendered":"\n<div class=\"wp-block-stackable-columns alignfull stk-block-columns stk-block stk-fbd072c stk-block-background stk--has-background-overlay\" data-block-id=\"fbd072c\"><style>.stk-fbd072c {background-color:var(--theme-palette-color-1, #1a2747) !important;background-image:url(https:\/\/vhicf.org\/wp-content\/uploads\/waves-bg-2.svg) !important;background-repeat:no-repeat !important;padding-top:120px !important;padding-bottom:0px !important;margin-bottom:0px !important;overflow:visible !important;}.stk-fbd072c:before{background-color:var(--theme-palette-color-1, #1a2747) !important;opacity:0.9 !important;}.stk-fbd072c .stk-container{overflow:visible !important;}@media screen and (max-width:999px){.stk-fbd072c {padding-top:80px !important;}}<\/style><div class=\"stk-row stk-inner-blocks stk-block-content stk-content-align stk-fbd072c-column\">\n<div class=\"wp-block-stackable-column stk-block-column stk-column stk-block stk-c2cce21\" data-v=\"4\" data-block-id=\"c2cce21\"><style>.stk-c2cce21-container{margin-top:0px !important;margin-right:0px !important;margin-bottom:0px !important;margin-left:0px !important;}<\/style><div class=\"stk-column-wrapper stk-block-column__content stk-container stk-c2cce21-container stk--no-background stk--no-padding\"><div class=\"stk-block-content stk-inner-blocks stk-c2cce21-inner-blocks\">\n<div class=\"wp-block-stackable-spacer stk-block-spacer stk--no-padding stk-block stk-4d2d242\" data-block-id=\"4d2d242\"><style>.stk-4d2d242 {height:50px !important;}@media screen and (max-width:999px){.stk-4d2d242 {height:50px !important;}}<\/style><\/div>\n\n\n\n<div class=\"wp-block-stackable-columns stk-block-columns stk-block stk-ca064eb\" data-block-id=\"ca064eb\"><style>.stk-ca064eb {margin-bottom:0px !important;}.stk-ca064eb-column{--stk-column-gap:200px !important;row-gap:30px !important;}<\/style><div class=\"stk-row stk-inner-blocks stk-block-content stk-content-align stk-ca064eb-column\">\n<div class=\"wp-block-stackable-column stk-block-column stk-column stk-block stk-020db6d\" data-v=\"4\" data-block-id=\"020db6d\"><style>.stk-020db6d-container{margin-top:0px !important;margin-right:0px !important;margin-bottom:0px !important;margin-left:0px !important;}@media screen and (min-width:690px){.stk-020db6d {flex:var(--stk-flex-grow, 1) 1 calc(60% - var(--stk-column-gap, 0px) * 1 \/ 2 ) !important;}}@media screen and (min-width:690px) and (max-width:999px){.stk-020db6d {flex:var(--stk-flex-grow, 1) 1 calc(100% - var(--stk-column-gap, 0px) * 0 \/ 1 ) !important;}}<\/style><div class=\"stk-column-wrapper stk-block-column__content stk-container stk-020db6d-container stk--no-background stk--no-padding\"><div class=\"stk-block-content stk-inner-blocks stk-020db6d-inner-blocks\">\n<div class=\"wp-block-stackable-text stk-block-text stk-block stk-083e47d\" data-block-id=\"083e47d\"><style>.stk-083e47d {margin-bottom:12px !important;}.stk-083e47d .stk-block-text__text{color:var(--theme-palette-color-9, #4ac1ce) !important;font-weight:600 !important;text-transform:uppercase !important;}<\/style><p class=\"stk-block-text__text has-text-color has-text-align-center-tablet\">unterst\u00fctzen und assistieren<\/p><\/div>\n\n\n\n<div class=\"wp-block-stackable-heading stk-block-heading stk-block-heading--v2 stk-block stk-d88c479\" id=\"bui\" data-block-id=\"d88c479\"><style>.stk-d88c479 .stk-block-heading__text{font-size:75px !important;color:var(--theme-palette-color-8, #ffffff) !important;line-height:1em !important;text-transform:uppercase !important;}@media screen and (max-width:999px){.stk-d88c479 .stk-block-heading__text{font-size:50px !important;}}@media screen and (max-width:689px){.stk-d88c479 .stk-block-heading__text{font-size:35px !important;}}<\/style><h1 class=\"stk-block-heading__text has-text-color has-palette-color-8-color has-text-align-center-tablet\">Partner mit uns auf den <span style=\"color: var(--theme-palette-color-9, #4ac1ce);\" class=\"stk-highlight\">Philippinen<\/span><\/h1><\/div>\n<\/div><\/div><\/div>\n\n\n\n<div class=\"wp-block-stackable-column stk-block-column stk-column stk-block stk-23429dd\" data-v=\"4\" data-block-id=\"23429dd\"><style>.stk-23429dd-container{margin-top:0px !important;margin-right:0px !important;margin-bottom:0px !important;margin-left:0px !important;}.stk-23429dd {align-self:flex-end !important;}@media screen and (min-width:690px){.stk-23429dd {flex:var(--stk-flex-grow, 1) 1 calc(40% - var(--stk-column-gap, 0px) * 1 \/ 2 ) !important;}}@media screen and (min-width:690px) and (max-width:999px){.stk-23429dd {flex:var(--stk-flex-grow, 1) 1 calc(100% - var(--stk-column-gap, 0px) * 0 \/ 1 ) !important;}}<\/style><div class=\"stk-column-wrapper stk-block-column__content stk-container stk-23429dd-container stk--no-background stk--no-padding\"><div class=\"stk-block-content stk-inner-blocks stk-23429dd-inner-blocks\">\n<div class=\"wp-block-stackable-text stk-block-text stk-block stk-4267e6e\" data-block-id=\"4267e6e\"><style>.stk-4267e6e {margin-top:10px !important;margin-bottom:20px !important;}.stk-4267e6e .stk-block-text__text{font-size:25px !important;color:var(--theme-palette-color-8, #ffffff) !important;font-weight:700 !important;}@media screen and (max-width:999px){.stk-4267e6e .stk-block-text__text{font-size:25px !important;}}@media screen and (max-width:689px){.stk-4267e6e .stk-block-text__text{font-size:20px !important;}}<\/style><p class=\"stk-block-text__text has-text-color has-palette-color-8-color has-text-align-center-tablet\">Wir laden Sie ein, mit uns zusammenzuarbeiten<\/p><\/div>\n\n\n\n<div class=\"wp-block-stackable-button-group stk-block-button-group stk-block stk-ae235dd\" data-block-id=\"ae235dd\"><div class=\"stk-row stk-inner-blocks has-text-align-center-tablet stk-block-content stk-button-group\">\n<div class=\"wp-block-stackable-button stk-block-button stk-block stk-5f0b903\" data-block-id=\"5f0b903\"><style>.stk-5f0b903 {margin-top:0px !important;margin-right:0px !important;margin-bottom:0px !important;margin-left:0px !important;}.stk-5f0b903 .stk-button{background:var(--theme-palette-color-9, #4ac1ce) !important;}.stk-5f0b903 .stk-button .stk--inner-svg svg:last-child{height:12px !important;width:12px !important;}.stk-5f0b903 .stk-button .stk--inner-svg svg:last-child, .stk-5f0b903 .stk-button .stk--inner-svg svg:last-child :is(g, path, rect, polygon, ellipse){fill:var(--theme-palette-color-8, #ffffff) !important;}.stk-5f0b903 .stk-button__inner-text{color:var(--theme-palette-color-8, #ffffff) !important;font-weight:600 !important;text-transform:uppercase !important;}<\/style><a class=\"stk-link stk-button stk--hover-effect-darken\" href=\"https:\/\/vhicf.org\/de\/partner-werden\/spenden\/\"><span class=\"has-text-color has-palette-color-8-color stk-button__inner-text\">Jetzt spenden<\/span><span class=\"stk--svg-wrapper\"><div class=\"stk--inner-svg\"><svg class=\"ugb-custom-icon\" xmlns=\"http:\/\/www.w3.org\/2000\/svg\" viewBox=\"0 0 15 15\" style=\"enable-background:new 0 0 15 15\" xml:space=\"preserve\" aria-hidden=\"true\" width=\"32\" height=\"32\"><path d=\"M14.9.8c-.1-.1-.2-.2-.3-.4-.1-.1-.2-.2-.4-.3 0 0-.1-.1-.2-.1H1.3C.9 0 .6.1.3.4c-.2.2-.3.5-.3.9 0 .3.1.7.3.9.2.2.6.4.9.4h9.5L.4 12.9c-.5.5-.5 1.2-.1 1.7l.1.1c.1.1.2.2.4.3h.5c.2 0 .3 0 .5-.1.1-.1.3-.2.4-.3L12.5 4.2v9.5c0 .6.4 1.2 1.1 1.2h.1c.3 0 .7-.1.9-.3.2-.2.4-.6.3-.9V1.1c.1-.2 0-.3 0-.3z\" style=\"fill:#fff\"><\/path><\/svg><\/div><\/span><\/a><\/div>\n<\/div><\/div>\n<\/div><\/div><\/div>\n<\/div><\/div>\n\n\n\n<div class=\"wp-block-stackable-spacer stk-block-spacer stk--no-padding stk-block stk-7818bcd\" data-block-id=\"7818bcd\"><style>.stk-7818bcd {height:90px !important;}@media screen and (max-width:999px){.stk-7818bcd {height:80px !important;}}@media screen and (max-width:689px){.stk-7818bcd {height:40px !important;}}<\/style><\/div>\n\n\n\n<div class=\"wp-block-stackable-image stk-block-image stk-block stk-4fe056c\" data-block-id=\"4fe056c\"><style>.stk-4fe056c {margin-bottom:-150px !important;}.stk-4fe056c .stk-img-wrapper img{border-radius:3px !important;}@media screen and (max-width:689px){.stk-4fe056c {margin-bottom:-100px !important;}}<\/style><figure><span class=\"stk-img-wrapper stk-image--shape-stretch\"><img loading=\"lazy\" decoding=\"async\" class=\"stk-img wp-image-657\" src=\"https:\/\/vhicf.org\/wp-content\/uploads\/in-the-midst-of-covid-19-outbreak-slums.jpg\" width=\"1200\" height=\"800\" alt=\"Werden Sie unser Partner\" title=\"\" srcset=\"https:\/\/vhicf.org\/wp-content\/uploads\/in-the-midst-of-covid-19-outbreak-slums.jpg 1200w, https:\/\/vhicf.org\/wp-content\/uploads\/in-the-midst-of-covid-19-outbreak-slums-960x640.jpg 960w, https:\/\/vhicf.org\/wp-content\/uploads\/in-the-midst-of-covid-19-outbreak-slums-768x512.jpg 768w\" sizes=\"auto, (max-width: 1200px) 100vw, 1200px\" \/><\/span><\/figure><\/div>\n<\/div><\/div><\/div>\n<\/div><\/div>\n\n\n\n<div class=\"wp-block-stackable-spacer stk-block-spacer stk--no-padding stk-block stk-d0a8269\" data-block-id=\"d0a8269\"><style>.stk-d0a8269 {height:150px !important;}@media screen and (max-width:999px){.stk-d0a8269 {height:100px !important;}}<\/style><\/div>\n\n\n\n<div class=\"wp-block-stackable-spacer stk-block-spacer stk--no-padding stk-block stk-3eb823d\" data-block-id=\"3eb823d\"><style>.stk-3eb823d {height:120px !important;}@media screen and (max-width:999px){.stk-3eb823d {height:80px !important;}}@media screen and (max-width:689px){.stk-3eb823d {height:40px !important;}}<\/style><\/div>\n\n\n\n<div class=\"wp-block-stackable-columns alignfull stk-block-columns stk-block stk-293854b\" data-block-id=\"293854b\"><style>.stk-293854b {margin-bottom:50px !important;}.stk-293854b-column{--stk-columns-spacing:0px !important;--stk-column-gap:90px !important;row-gap:50px !important;}<\/style><div class=\"stk-row stk-inner-blocks stk-block-content stk-content-align stk-293854b-column\">\n<div class=\"wp-block-stackable-column stk-block-column stk-column stk-block stk-2264616\" data-v=\"4\" data-block-id=\"2264616\"><style>.stk-2264616-container{margin-top:0px !important;margin-right:0px !important;margin-bottom:0px !important;margin-left:0px !important;}<\/style><div class=\"stk-column-wrapper stk-block-column__content stk-container stk-2264616-container stk--no-background stk--no-padding\"><div class=\"stk-block-content stk-inner-blocks stk-2264616-inner-blocks\">\n<div class=\"wp-block-stackable-text stk-block-text stk-block stk-ad90e34\" data-block-id=\"ad90e34\"><style>.stk-ad90e34 {max-width:1000px !important;min-width:auto !important;margin-right:auto !important;margin-left:auto !important;}<\/style><p class=\"stk-block-text__text has-text-align-center has-text-align-center-tablet\">Wir tun alles uns M\u00f6gliche, um die soziale und gemeinschaftliche Entwicklung zu f\u00f6rdern und m\u00f6chten dich bitten, dabei mit uns zusammenzuarbeiten. Hilf uns, das Leben von verlassenen, vernachl\u00e4ssigten und ausgegrenzten Kindern zu ver\u00e4ndern, denn jedes Leben ist wertvoll. <\/p><\/div>\n<\/div><\/div><\/div>\n<\/div><\/div>\n\n\n\n<div class=\"wp-block-stackable-columns alignfull stk-block-columns stk-block stk-8a0a304\" data-block-id=\"8a0a304\"><style>.stk-8a0a304 {margin-bottom:50px !important;}.stk-8a0a304-column{--stk-columns-spacing:0px !important;--stk-column-gap:90px !important;row-gap:50px !important;}<\/style><div class=\"stk-row stk-inner-blocks stk-block-content stk-content-align stk-8a0a304-column\">\n<div class=\"wp-block-stackable-column stk-block-column stk-column stk-block stk-407b574\" data-v=\"4\" data-block-id=\"407b574\"><style>.stk-407b574-container{margin-top:0px !important;margin-right:0px !important;margin-bottom:0px !important;margin-left:0px !important;}@media screen and (min-width:690px) and (max-width:999px){.stk-407b574 {flex:var(--stk-flex-grow, 1) 1 calc(50% - var(--stk-column-gap, 0px) * 1 \/ 2 ) !important;}}<\/style><div class=\"stk-column-wrapper stk-block-column__content stk-container stk-407b574-container stk--no-background stk--no-padding\"><div class=\"stk-block-content stk-inner-blocks stk-407b574-inner-blocks\">\n<div class=\"wp-block-stackable-image stk-block-image stk-block stk-b7ef56e\" data-block-id=\"b7ef56e\"><style>.stk-b7ef56e .stk-img-wrapper{width:350px !important;}<\/style><figure><a class=\"stk-link\" href=\"https:\/\/vhicf.org\/partner-with-us\/adopt-a-child\/\"><span class=\"stk-img-wrapper stk-image--shape-stretch\"><img loading=\"lazy\" decoding=\"async\" class=\"stk-img wp-image-1806\" src=\"https:\/\/vhicf.org\/wp-content\/uploads\/ein-kind-adoptieren.jpg\" width=\"350\" height=\"232\" alt=\"Ein Kind adoptieren\" title=\"\"><\/span><\/a><\/figure><\/div>\n<\/div><\/div><\/div>\n\n\n\n<div class=\"wp-block-stackable-column stk-block-column stk-column stk-block stk-295f884\" data-v=\"4\" data-block-id=\"295f884\"><style>.stk-295f884-container{margin-top:0px !important;margin-right:0px !important;margin-bottom:0px !important;margin-left:0px !important;}@media screen and (min-width:690px) and (max-width:999px){.stk-295f884 {flex:var(--stk-flex-grow, 1) 1 calc(50% - var(--stk-column-gap, 0px) * 1 \/ 2 ) !important;}}<\/style><div class=\"stk-column-wrapper stk-block-column__content stk-container stk-295f884-container stk--no-background stk--no-padding\"><div class=\"stk-block-content stk-inner-blocks stk-295f884-inner-blocks\">\n<div class=\"wp-block-stackable-image stk-block-image stk-block stk-18d395b\" data-block-id=\"18d395b\"><style>.stk-18d395b .stk-img-wrapper{width:350px !important;}<\/style><figure><a class=\"stk-link\" href=\"https:\/\/vhicf.org\/de\/partner-werden\/sponsor-werden\/\"><span class=\"stk-img-wrapper stk-image--shape-stretch\"><img loading=\"lazy\" decoding=\"async\" class=\"stk-img wp-image-1807\" src=\"https:\/\/vhicf.org\/wp-content\/uploads\/sponsor-werden.jpg\" width=\"350\" height=\"232\" alt=\"Sponsor werden\" title=\"\"><\/span><\/a><\/figure><\/div>\n<\/div><\/div><\/div>\n\n\n\n<div class=\"wp-block-stackable-column stk-block-column stk-column stk-block stk-1d644dc\" data-v=\"4\" data-block-id=\"1d644dc\"><style>.stk-1d644dc-container{margin-top:0px !important;margin-right:0px !important;margin-bottom:0px !important;margin-left:0px !important;}@media screen and (min-width:690px) and (max-width:999px){.stk-1d644dc {flex:var(--stk-flex-grow, 1) 1 calc(100% - var(--stk-column-gap, 0px) * 0 \/ 1 ) !important;}}<\/style><div class=\"stk-column-wrapper stk-block-column__content stk-container stk-1d644dc-container stk--no-background stk--no-padding\"><div class=\"stk-block-content stk-inner-blocks stk-1d644dc-inner-blocks\">\n<div class=\"wp-block-stackable-image stk-block-image stk-block stk-717c23d\" data-block-id=\"717c23d\"><style>.stk-717c23d .stk-img-wrapper{width:350px !important;}<\/style><figure><a class=\"stk-link\" href=\"https:\/\/vhicf.org\/de\/partner-werden\/bete-mit-uns\/\"><span class=\"stk-img-wrapper stk-image--shape-stretch\"><img loading=\"lazy\" decoding=\"async\" class=\"stk-img wp-image-1808\" src=\"https:\/\/vhicf.org\/wp-content\/uploads\/bete-mit-uns.jpg\" width=\"350\" height=\"232\" alt=\"Bete mit uns\" title=\"\"><\/span><\/a><\/figure><\/div>\n<\/div><\/div><\/div>\n<\/div><\/div>\n\n\n\n<div class=\"wp-block-stackable-columns alignfull stk-block-columns stk-block stk-a69ee83\" data-block-id=\"a69ee83\"><style>.stk-a69ee83 {margin-bottom:100px !important;}.stk-a69ee83-column{--stk-columns-spacing:0px !important;--stk-column-gap:90px !important;row-gap:50px !important;}<\/style><div class=\"stk-row stk-inner-blocks stk-block-content stk-content-align stk-a69ee83-column\">\n<div class=\"wp-block-stackable-column stk-block-column stk-column stk-block stk-9e6b15f\" data-v=\"4\" data-block-id=\"9e6b15f\"><style>.stk-9e6b15f-container{margin-top:0px !important;margin-right:0px !important;margin-bottom:0px !important;margin-left:0px !important;}.stk-9e6b15f-inner-blocks{align-items:flex-end !important;}@media screen and (min-width:690px) and (max-width:999px){.stk-9e6b15f {flex:var(--stk-flex-grow, 1) 1 calc(50% - var(--stk-column-gap, 0px) * 1 \/ 2 ) !important;}}@media screen and (max-width:689px){.stk-9e6b15f-inner-blocks{align-items:center !important;}}<\/style><div class=\"stk-column-wrapper stk-block-column__content stk-container stk-9e6b15f-container stk--no-background stk--no-padding\"><div class=\"stk--column-flex stk-block-content stk-inner-blocks stk-9e6b15f-inner-blocks\">\n<div class=\"wp-block-stackable-image stk-block-image stk-block stk-1fc4ca9\" data-block-id=\"1fc4ca9\"><style>.stk-1fc4ca9 .stk-img-wrapper{width:350px !important;}<\/style><figure><a class=\"stk-link\" href=\"https:\/\/vhicf.org\/de\/partner-werden\/werde-freiwillige-r\/\"><span class=\"stk-img-wrapper stk-image--shape-stretch\"><img loading=\"lazy\" decoding=\"async\" class=\"stk-img wp-image-1805\" src=\"https:\/\/vhicf.org\/wp-content\/uploads\/werde-freiwillige-r.jpg\" width=\"350\" height=\"232\" alt=\"Werde Freiwillige\/r\" title=\"\"><\/span><\/a><\/figure><\/div>\n<\/div><\/div><\/div>\n\n\n\n<div class=\"wp-block-stackable-column stk-block-column stk-column stk-block stk-e561f32\" data-v=\"4\" data-block-id=\"e561f32\"><style>.stk-e561f32-container{margin-top:0px !important;margin-right:0px !important;margin-bottom:0px !important;margin-left:0px !important;}.stk-e561f32-inner-blocks{align-items:flex-start !important;}@media screen and (min-width:690px) and (max-width:999px){.stk-e561f32 {flex:var(--stk-flex-grow, 1) 1 calc(50% - var(--stk-column-gap, 0px) * 1 \/ 2 ) !important;}}@media screen and (max-width:689px){.stk-e561f32-inner-blocks{align-items:center !important;}}<\/style><div class=\"stk-column-wrapper stk-block-column__content stk-container stk-e561f32-container stk--no-background stk--no-padding\"><div class=\"stk--column-flex stk-block-content stk-inner-blocks stk-e561f32-inner-blocks\">\n<div class=\"wp-block-stackable-image stk-block-image stk-block stk-c65a748\" data-block-id=\"c65a748\"><style>.stk-c65a748 .stk-img-wrapper{width:350px !important;}<\/style><figure><a class=\"stk-link\" href=\"https:\/\/vhicf.org\/de\/partner-werden\/spenden\/\"><span class=\"stk-img-wrapper stk-image--shape-stretch\"><img loading=\"lazy\" decoding=\"async\" class=\"stk-img wp-image-1809\" src=\"https:\/\/vhicf.org\/wp-content\/uploads\/spenden.jpg\" width=\"350\" height=\"232\" alt=\"Spenden\" title=\"\"><\/span><\/a><\/figure><\/div>\n<\/div><\/div><\/div>\n<\/div><\/div>\n","protected":false},"excerpt":{"rendered":"<p>unterst\u00fctzen und assistieren Partner mit uns auf den Philippinen Wir laden Sie ein, mit uns zusammenzuarbeiten Jetzt spenden Wir tun alles uns M\u00f6gliche, um die soziale und gemeinschaftliche Entwicklung zu f\u00f6rdern und m\u00f6chten dich bitten, dabei mit uns zusammenzuarbeiten. Hilf uns, das Leben von verlassenen, vernachl\u00e4ssigten und ausgegrenzten Kindern zu ver\u00e4ndern, denn jedes Leben ist [&hellip;]<\/p>\n","protected":false},"author":1,"featured_media":1784,"parent":0,"menu_order":0,"comment_status":"closed","ping_status":"closed","template":"","meta":{"footnotes":""},"class_list":["post-1785","page","type-page","status-publish","has-post-thumbnail","hentry"],"blocksy_meta":[],"_links":{"self":[{"href":"https:\/\/vhicf.org\/de\/wp-json\/wp\/v2\/pages\/1785","targetHints":{"allow":["GET"]}}],"collection":[{"href":"https:\/\/vhicf.org\/de\/wp-json\/wp\/v2\/pages"}],"about":[{"href":"https:\/\/vhicf.org\/de\/wp-json\/wp\/v2\/types\/page"}],"author":[{"embeddable":true,"href":"https:\/\/vhicf.org\/de\/wp-json\/wp\/v2\/users\/1"}],"replies":[{"embeddable":true,"href":"https:\/\/vhicf.org\/de\/wp-json\/wp\/v2\/comments?post=1785"}],"version-history":[{"count":13,"href":"https:\/\/vhicf.org\/de\/wp-json\/wp\/v2\/pages\/1785\/revisions"}],"predecessor-version":[{"id":2275,"href":"https:\/\/vhicf.org\/de\/wp-json\/wp\/v2\/pages\/1785\/revisions\/2275"}],"wp:featuredmedia":[{"embeddable":true,"href":"https:\/\/vhicf.org\/de\/wp-json\/wp\/v2\/media\/1784"}],"wp:attachment":[{"href":"https:\/\/vhicf.org\/de\/wp-json\/wp\/v2\/media?parent=1785"}],"curies":[{"name":"wp","href":"https:\/\/api.w.org\/{rel}","templated":true}]}}