{"id":1572,"date":"2025-07-16T21:05:03","date_gmt":"2025-07-16T19:05:03","guid":{"rendered":"https:\/\/dev.info-vision-help-international.com\/karriere-kinderbetreuer-in\/"},"modified":"2025-08-26T21:12:04","modified_gmt":"2025-08-26T19:12:04","slug":"karriere-kinderbetreuer-in","status":"publish","type":"page","link":"https:\/\/vhicf.org\/de\/karriere-kinderbetreuer-in\/","title":{"rendered":"Karriere: Kinderbetreuer\/in"},"content":{"rendered":"\n<div class=\"wp-block-stackable-columns alignfull stk-block-columns stk-block stk-40cd104 stk-block-background stk--has-background-overlay\" id=\"die-zukunft-ist-hier-sonne-und-wind-in-ihren-handen\" data-block-id=\"40cd104\"><style>.stk-40cd104 .stk--block-align-40cd104{align-items:center !important;}.stk-40cd104 {background-color:var(--theme-palette-color-1, #1a2747) !important;background-image:url(https:\/\/vhicf.org\/wp-content\/uploads\/waves-bg-2.svg) !important;background-position:center left !important;background-repeat:no-repeat !important;background-size:cover !important;min-height:300px !important;align-items:center !important;margin-bottom:0px !important;display:flex !important;}.stk-40cd104:before{background-color:var(--theme-palette-color-1, #1a2747) !important;opacity:0.9 !important;}.stk-40cd104-column{--stk-columns-spacing:0px !important;}@media screen and (max-width:999px){.stk-40cd104 {min-height:200px !important;}}@media screen and (max-width:689px){.stk-40cd104 {min-height:150px !important;}}<\/style><div class=\"stk-row stk-inner-blocks stk--block-align-40cd104 stk-block-content stk-content-align stk-40cd104-column\">\n<div class=\"wp-block-stackable-column stk-block-column stk-column stk-block stk-19297dd\" data-v=\"4\" data-block-id=\"19297dd\"><div class=\"stk-column-wrapper stk-block-column__content stk-container stk-19297dd-container stk--no-background stk--no-padding\"><div class=\"stk-block-content stk-inner-blocks stk-19297dd-inner-blocks\">\n<div class=\"wp-block-stackable-text stk-block-text stk-block stk-083e47d\" data-block-id=\"083e47d\"><style>.stk-083e47d {margin-bottom:12px !important;}.stk-083e47d .stk-block-text__text{color:var(--theme-palette-color-9, #4ac1ce) !important;font-weight:600 !important;text-transform:uppercase !important;}<\/style><p class=\"stk-block-text__text has-text-color has-text-align-center-tablet\">Wir bek\u00e4mpfen Armut, damit sich Gemeinschaften entwickeln und Fortschritte erzielen!<\/p><\/div>\n\n\n\n<div class=\"wp-block-stackable-heading stk-block-heading stk-block-heading--v2 stk-block stk-e949fc7\" id=\"careers\" data-block-id=\"e949fc7\"><style>.stk-e949fc7 .stk-block-heading__bottom-line{height:3px !important;background-color:var(--theme-palette-color-9, #4ac1ce) !important;margin-top:15px !important;}.stk-e949fc7 {margin-bottom:0px !important;}.stk-e949fc7 .stk-block-heading__text{font-size:60px !important;color:var(--theme-palette-color-8, #ffffff) !important;}@media screen and (max-width:999px){.stk-e949fc7 .stk-block-heading__text{font-size:50px !important;}}@media screen and (max-width:689px){.stk-e949fc7 .stk-block-heading__bottom-line{margin-left:auto !important;margin-right:auto !important;}.stk-e949fc7 .stk-block-heading__text{font-size:38px !important;}}<\/style><h1 class=\"stk-block-heading__text has-text-color has-text-align-center-mobile\">Karriere<\/h1><div class=\"stk-block-heading__bottom-line\"><\/div><\/div>\n<\/div><\/div><\/div>\n<\/div><\/div>\n\n<div class=\"wp-block-stackable-spacer stk-block-spacer stk--no-padding stk-block stk-b48aa69\" data-block-id=\"b48aa69\"><style>.stk-b48aa69 {height:120px !important;}@media screen and (max-width:999px){.stk-b48aa69 {height:80px !important;}}@media screen and (max-width:689px){.stk-b48aa69 {height:40px !important;}}<\/style><\/div>\n\n<div class=\"wp-block-stackable-columns stk-block-columns stk-block stk-44cc3be\" data-block-id=\"44cc3be\"><style>.stk-44cc3be {margin-bottom:50px !important;}<\/style><div class=\"stk-row stk-inner-blocks stk-block-content stk-content-align stk-44cc3be-column\">\n<div class=\"wp-block-stackable-column stk-block-column stk-column stk-block stk-a8bdf3d stk-block-background\" data-v=\"4\" data-block-id=\"a8bdf3d\"><style>.stk-a8bdf3d {background-color:var(--theme-palette-color-9, #4ac1ce) !important;border-top-left-radius:3px !important;border-top-right-radius:3px !important;border-bottom-right-radius:3px !important;border-bottom-left-radius:3px !important;overflow:hidden !important;}.stk-a8bdf3d:before{background-color:var(--theme-palette-color-9, #4ac1ce) !important;}<\/style><div class=\"stk-column-wrapper stk-block-column__content stk-container stk-a8bdf3d-container stk--no-background stk--no-padding\"><div class=\"stk-block-content stk-inner-blocks stk-a8bdf3d-inner-blocks\">\n<div class=\"wp-block-stackable-text stk-block-text stk-block stk-d838e2d\" data-block-id=\"d838e2d\"><style>.stk-d838e2d .stk-block-text__text{color:var(--theme-palette-color-8, #ffffff) !important;font-weight:600 !important;}<\/style><p class=\"stk-block-text__text has-text-color\">Das VHICF-Team sucht nach Menschen, die sich unserer Mission anschlie\u00dfen, ihr Bestes zu geben, um Leben zu retten und zu ver\u00e4ndern. Wir sind in umfangreiche gemeinn\u00fctzige Arbeit involviert, die viele Leben ber\u00fchrt, und nur wenige Menschen k\u00f6nnen das allein schaffen. Deshalb freuen wir uns, wenn Sie mitmachen und Teil unserer Arbeit werden.  <\/p><\/div>\n<\/div><\/div><\/div>\n<\/div><\/div>\n\n<div class=\"wp-block-stackable-columns stk-block-columns stk-block stk-c269e13\" data-block-id=\"c269e13\"><style>.stk-c269e13 {margin-bottom:0px !important;}.stk-c269e13-column{--stk-columns-spacing:0px !important;--stk-column-gap:50px !important;row-gap:30px !important;}<\/style><div class=\"stk-row stk-inner-blocks stk-block-content stk-content-align stk-c269e13-column\">\n<div class=\"wp-block-stackable-column stk-block-column stk-column stk-block stk-6f60d60\" data-v=\"4\" data-block-id=\"6f60d60\"><style>@media screen and (min-width:690px){.stk-6f60d60 {flex:var(--stk-flex-grow, 1) 1 calc(66.666% - var(--stk-column-gap, 0px) * 1 \/ 2 ) !important;}}@media screen and (min-width:690px) and (max-width:999px){.stk-6f60d60 {flex:var(--stk-flex-grow, 1) 1 calc(100% - var(--stk-column-gap, 0px) * 0 \/ 1 ) !important;}}<\/style><div class=\"stk-column-wrapper stk-block-column__content stk-container stk-6f60d60-container stk--no-background stk--no-padding\"><div class=\"stk-block-content stk-inner-blocks stk-6f60d60-inner-blocks\">\n<div class=\"wp-block-stackable-heading stk-block-heading stk-block-heading--v2 stk-block stk-974828c\" id=\"what-are-we-looking-for\" data-block-id=\"974828c\"><h2 class=\"stk-block-heading__text\">WEN SUCHEN WIR?<\/h2><\/div>\n\n\n\n<details class=\"wp-block-stackable-accordion stk-block-accordion stk-inner-blocks stk-block-content stk--is-open stk--single-open stk-block stk-8752145 is-style-default\" open data-block-id=\"8752145\">\n<summary class=\"wp-block-stackable-column stk-block-column stk-column stk-block stk-9658f9b stk-block-background stk--container-small stk-block-accordion__heading\" data-v=\"4\" data-block-id=\"9658f9b\"><style>.stk-9658f9b {background-color:var(--theme-palette-color-2, #851115) !important;padding-top:8px !important;padding-right:32px !important;padding-bottom:8px !important;padding-left:32px !important;}.stk-9658f9b:before{background-color:var(--theme-palette-color-2, #851115) !important;}<\/style><div class=\"stk-column-wrapper stk-block-column__content stk-container stk-9658f9b-container stk--no-background stk--no-padding\"><div class=\"stk-block-content stk-inner-blocks stk-9658f9b-inner-blocks\">\n<div class=\"wp-block-stackable-icon-label stk-block-icon-label stk-block stk-c550699\" data-block-id=\"c550699\"><div class=\"stk-row stk-inner-blocks stk-block-content\">\n<div class=\"wp-block-stackable-heading stk-block-heading stk-block-heading--v2 stk-block stk-1db6ac4\" id=\"child-caregiver\" data-block-id=\"1db6ac4\"><style>.stk-1db6ac4 .stk-block-heading__text{color:var(--theme-palette-color-8, #ffffff) !important;}<\/style><h4 class=\"stk-block-heading__text has-text-color\">Kinderbetreuer\/in<\/h4><\/div>\n\n\n\n<div class=\"wp-block-stackable-icon stk-block-icon stk-block stk-1419691\" data-block-id=\"1419691\"><style>.stk-1419691 .stk--svg-wrapper .stk--inner-svg svg:last-child, .stk-1419691 .stk--svg-wrapper .stk--inner-svg svg:last-child :is(g, path, rect, polygon, ellipse){fill:var(--theme-palette-color-8, #ffffff) !important;}<\/style><span class=\"stk--svg-wrapper\"><div class=\"stk--inner-svg\"><svg style=\"height:0;width:0\"><defs><lineargradient id=\"linear-gradient-1419691\" x1=\"0\" x2=\"100%\" y1=\"0\" y2=\"0\"><stop offset=\"0%\" style=\"stop-opacity:1;stop-color:var(--linear-gradient-1419691-color-1)\"><\/stop><stop offset=\"100%\" style=\"stop-opacity:1;stop-color:var(--linear-gradient-1419691-color-2)\"><\/stop><\/lineargradient><\/defs><\/svg><svg data-prefix=\"fas\" data-icon=\"chevron-down\" class=\"svg-inline--fa fa-chevron-down fa-w-14\" xmlns=\"http:\/\/www.w3.org\/2000\/svg\" viewbox=\"0 0 448 512\" aria-hidden=\"true\" width=\"32\" height=\"32\"><path fill=\"currentColor\" d=\"M207.029 381.476L12.686 187.132c-9.373-9.373-9.373-24.569 0-33.941l22.667-22.667c9.357-9.357 24.522-9.375 33.901-.04L224 284.505l154.745-154.021c9.379-9.335 24.544-9.317 33.901.04l22.667 22.667c9.373 9.373 9.373 24.569 0 33.941L240.971 381.476c-9.373 9.372-24.569 9.372-33.942 0z\"><\/path><\/svg><\/div><\/span><\/div>\n<\/div><\/div>\n<\/div><\/div><\/summary>\n\n\n\n<div class=\"wp-block-stackable-column stk-block-column stk-column stk-block stk-27b7b99 stk-block-accordion__content\" data-v=\"4\" data-block-id=\"27b7b99\"><style>.stk-27b7b99-container{padding-top:0px !important;padding-bottom:8px !important;}<\/style><div class=\"stk-column-wrapper stk-block-column__content stk-container stk-27b7b99-container stk--no-background stk--no-padding\"><div class=\"stk-block-content stk-inner-blocks stk-27b7b99-inner-blocks\">\n<div class=\"wp-block-stackable-text stk-block-text stk-block stk-cd44fa3\" data-block-id=\"cd44fa3\"><p class=\"stk-block-text__text\">Unser Team sucht nach Kinderbetreuern (2 M\u00e4nner und 2 Frauen), die uns dabei unterst\u00fctzen, das Leben benachteiligter Kinder zu ver\u00e4ndern.<\/p><\/div>\n\n\n\n<ul class=\"wp-block-list\" data-block-type=\"core\">\n<li data-block-type=\"core\">Besch\u00e4ftigungsart: <strong>Vollzeit<\/strong><\/li>\n\n\n\n<li data-block-type=\"core\">Arbeitsorte: <strong>Antipolo und Morong, Rizal<\/strong><\/li>\n\n\n\n<li data-block-type=\"core\">Besch\u00e4ftigungsart: <strong>Vollzeit<\/strong><\/li>\n\n\n\n<li data-block-type=\"core\">Voraussichtliches Eintrittsdatum: <strong>Jederzeit<\/strong><\/li>\n\n\n\n<li data-block-type=\"core\">Sprache: <strong>Englisch (erforderlich)<\/strong><\/li>\n<\/ul>\n\n\n\n<div class=\"wp-block-stackable-text stk-block-text stk-block stk-1a7e8e8\" data-block-id=\"1a7e8e8\"><p class=\"stk-block-text__text\">ANFORDERUNGEN:<\/p><\/div>\n\n\n\n<ul class=\"wp-block-list\" data-block-type=\"core\">\n<li data-block-type=\"core\">Abgeschlossenes Caregiver-Training oder TESDA-zertifiziert im Caregiver-Curriculum oder 1 bis 2 Jahre Erfahrung als Kinderbetreuer\/in.<\/li>\n\n\n\n<li data-block-type=\"core\">Es wird bevorzugt, dass Sie ein wiedergeborener \/ evangelikaler Christ sind.<\/li>\n\n\n\n<li data-block-type=\"core\">Hat Erfahrung in der Arbeit in einem Waisenhaus, einer Schule oder einer Einrichtung, die Kinderbetreuung anbietet.<\/li>\n\n\n\n<li data-block-type=\"core\">Ausgezeichnete Kommunikationsf\u00e4higkeiten, einschlie\u00dflich schriftlicher, m\u00fcndlicher und Pr\u00e4sentationsf\u00e4higkeiten.<\/li>\n\n\n\n<li data-block-type=\"core\">Bereitschaft, in Antipolo oder Morong, Rizal, zu wohnen.<\/li>\n\n\n\n<li data-block-type=\"core\">Bereitschaft, f\u00fcr Erledigungen zu reisen.<\/li>\n\n\n\n<li data-block-type=\"core\">Unterst\u00fctzt, befolgt und f\u00f6rdert aktiv die Mission, Vision und Kernwerte von VHICF.<\/li>\n\n\n\n<li data-block-type=\"core\">H\u00e4lt sich an und f\u00f6rdert aktiv die geltenden Gesetze und Richtlinien zum Schutz der Privatsph\u00e4re und Sicherheit der Patenkinder und Sponsoren.<\/li>\n\n\n\n<li data-block-type=\"core\">Zeigt Engagement f\u00fcr die Kinder und Familien, denen die Organisation dient.<\/li>\n\n\n\n<li data-block-type=\"core\">Muss bereit sein, sich anzupassen und in einem kulturell vielf\u00e4ltigen Umfeld zu arbeiten.<\/li>\n\n\n\n<li data-block-type=\"core\">Muss bereit sein, flexible Arbeitszeiten zu akzeptieren.<\/li>\n\n\n\n<li data-block-type=\"core\">Muss in der Lage sein, mehrere Aufgaben gleichzeitig zu bew\u00e4ltigen, Priorit\u00e4ten zu setzen und L\u00f6sungen f\u00fcr Probleme zu finden, bevor sie entstehen.<\/li>\n\n\n\n<li data-block-type=\"core\">Verf\u00fcgt \u00fcber SSS-, PhilHealth-, PAG-IBIG- und TIN-Ausweise.<\/li>\n<\/ul>\n\n\n\n<div class=\"wp-block-stackable-text stk-block-text stk-block stk-ddb7ccd\" data-block-id=\"ddb7ccd\"><p class=\"stk-block-text__text\">AUFGABEN:<\/p><\/div>\n\n\n\n<ul class=\"wp-block-list\" data-block-type=\"core\">\n<li data-block-type=\"core\">Deckt die physischen und emotionalen Bed\u00fcrfnisse der Kinder (k\u00f6rperliche Hygiene, Sicherheit, angemessene Anleitung und st\u00e4ndige Aufsicht) und unterst\u00fctzt die Umsetzung der Hausregeln in Bezug auf Disziplin.<\/li>\n\n\n\n<li data-block-type=\"core\">Sorgt f\u00fcr angemessene medizinische Betreuung, einschlie\u00dflich der Benachrichtigung des Sozialarbeiters bei gesundheitlichen Problemen.<\/li>\n\n\n\n<li data-block-type=\"core\">Unterst\u00fctzt und motiviert die Kinder bei ihrer Bildung, indem er\/sie bei Projekten und Hausaufgaben hilft.<\/li>\n\n\n\n<li data-block-type=\"core\">Leitet und unterst\u00fctzt die Kinder bei einfachen Haushaltsaufgaben, um ihr Selbstvertrauen und ihre Selbstst\u00e4ndigkeit zu st\u00e4rken; motiviert die Kinder zu t\u00e4glichen Andachten, Gottesdiensten und kirchlichen Aktivit\u00e4ten und organisiert wertvolle Bildungs- und Entwicklungsangebote.<\/li>\n\n\n\n<li data-block-type=\"core\">Unterst\u00fctzt im Fallmanagement, indem er\/sie dem Fallmanagement-Team R\u00fcckmeldungen zu relevantem beobachtbarem Verhalten, Problemen und Schwierigkeiten der Kinder gibt.<\/li>\n\n\n\n<li data-block-type=\"core\">Informiert den Sozialarbeiter \u00fcber den Gesamtzustand der Kinder und nimmt an Fallbesprechungen f\u00fcr die Kinder teil.<\/li>\n\n\n\n<li data-block-type=\"core\">Bereitet Berichte vor und reicht sie bei den Sozialarbeitern ein.<\/li>\n<\/ul>\n\n\n\n<div class=\"wp-block-stackable-text stk-block-text stk-block stk-7608a15\" data-block-id=\"7608a15\"><p class=\"stk-block-text__text\">Interessiert? Wenn Sie an der Stelle interessiert sind, senden Sie uns Ihren korrekt formatierten Lebenslauf an <a href=\"mailto:wehire@vhicf.org\">wehire@vhicf.org<\/a> und verwenden Sie als Betreff: \u201eBewerbung f\u00fcr die Position als Pflegekraft\/Kinderbetreuer\/in\u201c.<\/p><\/div>\n<\/div><\/div><\/div>\n<\/details>\n<\/div><\/div><\/div>\n\n\n\n<div class=\"wp-block-stackable-column stk-block-column stk-column stk-block stk-25f4418 stk-block-background\" data-v=\"4\" data-block-id=\"25f4418\"><style>@media screen and (min-width:690px){.stk-25f4418 {flex:var(--stk-flex-grow, 1) 1 calc(33.334% - var(--stk-column-gap, 0px) * 1 \/ 2 ) !important;}}@media screen and (min-width:690px) and (max-width:999px){.stk-25f4418 {flex:var(--stk-flex-grow, 1) 1 calc(100% - var(--stk-column-gap, 0px) * 0 \/ 1 ) !important;}}<\/style><div class=\"stk-column-wrapper stk-block-column__content stk-container stk-25f4418-container stk--no-background stk--no-padding\"><div class=\"stk-block-content stk-inner-blocks stk-25f4418-inner-blocks\">\n<div class=\"wp-block-stackable-heading stk-block-heading stk-block-heading--v2 stk-block stk-9ba4f5c\" id=\"motivated-by-passion\" data-block-id=\"9ba4f5c\"><style>.stk-9ba4f5c .stk-block-heading__text{color:var(--theme-palette-color-1, #1a2747) !important;}<\/style><h3 class=\"stk-block-heading__text has-text-color\">VOM LEIDENSCHAFT GETRIEBEN<\/h3><\/div>\n\n\n\n<div class=\"wp-block-stackable-text stk-block-text stk-block stk-3dd5dd8\" data-block-id=\"3dd5dd8\"><style>.stk-3dd5dd8 .stk-block-text__text{font-size:24px !important;}@media screen and (max-width:999px){.stk-3dd5dd8 .stk-block-text__text{font-size:24px !important;}}<\/style><p class=\"stk-block-text__text\">F\u00fcr die ungl\u00fccklichen, vernachl\u00e4ssigten Kinder in den Slums und die Familien in von Armut gepr\u00e4gten Gemeinschaften gibt es noch Hoffnung.<br\/><br\/><br\/>VHICF strebt mit Gottes Hilfe danach, unser Bestes zu geben, um im Kampf gegen Armut mitzuwirken und Gemeinschaften zu st\u00e4rken.<\/p><\/div>\n\n\n\n<div class=\"wp-block-stackable-text stk-block-text stk-block stk-938ef55\" data-block-id=\"938ef55\"><style>.stk-938ef55 {margin-bottom:0px !important;}<\/style><p class=\"stk-block-text__text\"><strong>STATION\u00c4RE KINDERBETREUUNG<\/strong><\/p><\/div>\n\n\n\n<div class=\"wp-block-stackable-text stk-block-text stk-block stk-811d5ff\" data-block-id=\"811d5ff\"><p class=\"stk-block-text__text\">Wir bieten ausgezeichnete Einrichtungen, professionelle Betreuung und nahrhafte Mahlzeiten f\u00fcr vernachl\u00e4ssigte, ausgesetzte oder verwaiste Kinder \u2013 unser Personal und unsere Betreuer k\u00fcmmern sich liebevoll und engagiert um sie. Au\u00dferdem erhalten unsere Kinder umfassende medizinische Versorgung. <a href=\"https:\/\/vhicf.org\/what-we-do\/residential-child-care-centers\/\" data-type=\"page\" data-id=\"1222\">WEITERLESEN<\/a> \u2026 <\/p><\/div>\n\n\n\n<div class=\"wp-block-stackable-text stk-block-text stk-block stk-510c7eb\" data-block-id=\"510c7eb\"><style>.stk-510c7eb {margin-bottom:0px !important;}<\/style><p class=\"stk-block-text__text\"><strong>KATASTROPHENHILFE<\/strong><\/p><\/div>\n\n\n\n<div class=\"wp-block-stackable-text stk-block-text stk-block stk-a86ae44\" data-block-id=\"a86ae44\"><p class=\"stk-block-text__text\">Wir leisten Hilfe und Unterst\u00fctzung bei Naturkatastrophen und Ungl\u00fccksf\u00e4llen im ganzen Philippinen. Durch enge Zusammenarbeit mit ausl\u00e4ndischen NGOs, Wohlt\u00e4tigkeitsorganisationen und internationalen Stiftungen kann VHICF schnell verschiedene praktische Hilfen vor Ort in Bewegung setzen und die betroffenen Gemeinschaften unterst\u00fctzen. <a href=\"https:\/\/vhicf.org\/what-we-do\/disaster-relief-operations\/\" data-type=\"page\" data-id=\"1022\">WEITERLESEN<\/a> \u2026 <\/p><\/div>\n\n\n\n<div class=\"wp-block-stackable-text stk-block-text stk-block stk-80a6010\" data-block-id=\"80a6010\"><style>.stk-80a6010 {margin-bottom:0px !important;}<\/style><p class=\"stk-block-text__text\"><strong>MEDIZINISCHE EINS\u00c4TZE<\/strong><\/p><\/div>\n\n\n\n<div class=\"wp-block-stackable-text stk-block-text stk-block stk-442b59d\" data-block-id=\"442b59d\"><p class=\"stk-block-text__text\">In Zusammenarbeit mit dem philippinischen Gesundheitsministerium (DOH) erh\u00e4lt VHICF hochwertige Medikamente von internationalen Spendern, die kostenlose medizinische Dienstleistungen erm\u00f6glichen. Au\u00dferdem werden zahlreiche Operationen f\u00fcr Kinder mit Lippen-Kiefer-Gaumenspalten und gr\u00f6\u00dferen korrigierbaren Fehlbildungen finanziert. Ebenso werden notwendige Nachsorge, Physiotherapie und weitere erforderliche Therapien bereitgestellt. <a href=\"https:\/\/vhicf.org\/what-we-do\/medical-outreaches\/\" data-type=\"page\" data-id=\"996\">WEITERLESEN<\/a> \u2026  <\/p><\/div>\n\n\n\n<div class=\"wp-block-stackable-text stk-block-text stk-block stk-0946b77\" data-block-id=\"0946b77\"><style>.stk-0946b77 {margin-bottom:0px !important;}<\/style><p class=\"stk-block-text__text\"><strong>SCHULPROJEKTE<\/strong><\/p><\/div>\n\n\n\n<div class=\"wp-block-stackable-text stk-block-text stk-block stk-d45ec2b\" data-block-id=\"d45ec2b\"><p class=\"stk-block-text__text\">VHICF hat sich seit Jahren auf Gemeinschaftsprojekte unter einheimischen St\u00e4mmen wie der Aetas-Gemeinschaft in Apayao konzentriert. In Partnerschaft mit der lokalen Regierung wurden verschiedene Schulungen zu landwirtschaftlicher Entwicklung, Gesundheitsversorgung, Familienplanung und Umweltthemen wie Abfallmanagement und Waldschutz angeboten. <a href=\"https:\/\/vhicf.org\/what-we-do\/school-projects\/\" data-type=\"page\" data-id=\"1129\">WEITERLESEN<\/a> \u2026 <\/p><\/div>\n\n\n\n<div class=\"wp-block-stackable-text stk-block-text stk-block stk-50028f0\" data-block-id=\"50028f0\"><style>.stk-50028f0 {margin-bottom:0px !important;}<\/style><p class=\"stk-block-text__text\"><strong>KIRCHLICHE DIENSTE<\/strong><\/p><\/div>\n\n\n\n<div class=\"wp-block-stackable-text stk-block-text stk-block stk-7646433\" data-block-id=\"7646433\"><p class=\"stk-block-text__text\">Unsere Mission ist es, die Armen zu erreichen, um angemessene, hochwertige Programme und Dienstleistungen bereitzustellen, die die Bed\u00fcrfnisse der Menschen ganzheitlich ansprechen. Dabei m\u00f6chte VHICF die Menschen, die wir erreichen k\u00f6nnen, in Gottes Wahrheit n\u00e4hren \u2013 durch Bibelstudien, den Aufbau von Kirchen sowie die Schaffung von M\u00f6glichkeiten zur Gemeinschaft und zur Hilfe, damit die Menschen Gott kennenlernen und in Seiner Wahrheit gen\u00e4hrt werden. <a href=\"https:\/\/vhicf.org\/what-we-do\/church-and-community\/\" data-type=\"page\" data-id=\"1299\">WEITERLESEN<\/a> \u2026 <\/p><\/div>\n\n\n\n<div class=\"wp-block-stackable-text stk-block-text stk-block stk-c0441d0\" data-block-id=\"c0441d0\"><style>.stk-c0441d0 {margin-bottom:0px !important;}<\/style><p class=\"stk-block-text__text\"><strong>MERCY MINISTRY<\/strong><\/p><\/div>\n\n\n\n<div class=\"wp-block-stackable-text stk-block-text stk-block stk-ae4c29e\" data-block-id=\"ae4c29e\"><p class=\"stk-block-text__text\">We have a big task and both the opportunity and privilege to make a difference. Located in Balut, Tondo Manila, our community program called Mercy Ministry caters daily to over 140 children living on Smokey Mountain and the Riverside slum community. For many years, we have been operating a nutritional daycare center there as well as providing nutritious, healthy food and a good shower for the children. <a href=\"https:\/\/vhicf.org\/what-we-do\/mercy-ministry-tondo\/\" data-type=\"page\" data-id=\"1191\">WEITERLESEN<\/a> \u2026  <\/p><\/div>\n<\/div><\/div><\/div>\n<\/div><\/div>\n\n<div class=\"wp-block-stackable-spacer stk-block-spacer stk--no-padding stk-block stk-699b9df\" data-block-id=\"699b9df\"><style>.stk-699b9df {height:120px !important;}@media screen and (max-width:999px){.stk-699b9df {height:80px !important;}}@media screen and (max-width:689px){.stk-699b9df {height:40px !important;}}<\/style><\/div>\n\n<div class=\"wp-block-stackable-spacer stk-block-spacer stk--no-padding stk-block stk-53e6a60\" data-block-id=\"53e6a60\"><style>.stk-53e6a60 {height:120px !important;}@media screen and (max-width:999px){.stk-53e6a60 {height:80px !important;}}@media screen and (max-width:689px){.stk-53e6a60 {height:60px !important;}}<\/style><\/div>\n","protected":false},"excerpt":{"rendered":"<p>Wir bek\u00e4mpfen Armut, damit sich Gemeinschaften entwickeln und Fortschritte erzielen! Karriere Das VHICF-Team sucht nach Menschen, die sich unserer Mission anschlie\u00dfen, ihr Bestes zu geben, um Leben zu retten und zu ver\u00e4ndern. Wir sind in umfangreiche gemeinn\u00fctzige Arbeit involviert, die viele Leben ber\u00fchrt, und nur wenige Menschen k\u00f6nnen das allein schaffen. Deshalb freuen wir uns, [&hellip;]<\/p>\n","protected":false},"author":1,"featured_media":0,"parent":0,"menu_order":0,"comment_status":"closed","ping_status":"closed","template":"","meta":{"footnotes":""},"class_list":["post-1572","page","type-page","status-publish","hentry"],"blocksy_meta":[],"_links":{"self":[{"href":"https:\/\/vhicf.org\/de\/wp-json\/wp\/v2\/pages\/1572","targetHints":{"allow":["GET"]}}],"collection":[{"href":"https:\/\/vhicf.org\/de\/wp-json\/wp\/v2\/pages"}],"about":[{"href":"https:\/\/vhicf.org\/de\/wp-json\/wp\/v2\/types\/page"}],"author":[{"embeddable":true,"href":"https:\/\/vhicf.org\/de\/wp-json\/wp\/v2\/users\/1"}],"replies":[{"embeddable":true,"href":"https:\/\/vhicf.org\/de\/wp-json\/wp\/v2\/comments?post=1572"}],"version-history":[{"count":3,"href":"https:\/\/vhicf.org\/de\/wp-json\/wp\/v2\/pages\/1572\/revisions"}],"predecessor-version":[{"id":1575,"href":"https:\/\/vhicf.org\/de\/wp-json\/wp\/v2\/pages\/1572\/revisions\/1575"}],"wp:attachment":[{"href":"https:\/\/vhicf.org\/de\/wp-json\/wp\/v2\/media?parent=1572"}],"curies":[{"name":"wp","href":"https:\/\/api.w.org\/{rel}","templated":true}]}}